{"id":18760,"date":"2020-01-16T10:06:39","date_gmt":"2020-01-16T09:06:39","guid":{"rendered":"https:\/\/www.textillo.com\/produkt\/nappe-ronde-en-coton-alligator-blanche-dia-160-cm\/"},"modified":"2024-12-13T00:15:47","modified_gmt":"2024-12-12T23:15:47","slug":"nappe-ronde-en-coton-alligator-blanche-dia-160-cm","status":"publish","type":"product","link":"https:\/\/textillo.com\/fr\/produkt\/nappe-ronde-en-coton-alligator-blanche-dia-160-cm\/","title":{"rendered":"Nappe ronde en coton Alligator &#8211; blanche, dia 160 cm"},"content":{"rendered":"<p>Une nappe chic et \u00e9l\u00e9gante rendra votre table s\u00fbre et irrempla\u00e7able. Le tissu de la nappe en coton a une tr\u00e8s grande r\u00e9sistance \u00e0 la d\u00e9coloration et aux facteurs m\u00e9caniques. Son aspect reste inchang\u00e9 m\u00eame apr\u00e8s des lavages r\u00e9p\u00e9t\u00e9s. Le tissu est soumis \u00e0 des processus de mercerisage et de sanforisation, gr\u00e2ce auxquels il conserve l&#8217;invariabilit\u00e9 du format fini pendant toute la p\u00e9riode d&#8217;utilisation. En m\u00eame temps, ce type de nappe prot\u00e8ge parfaitement les meubles, et apr\u00e8s le lavage, elle est tr\u00e8s facile \u00e0 repasser. La nappe ronde pr\u00e9sent\u00e9e, outre ses avantages pratiques exceptionnels, se distingue par une fabrication et une s\u00e9lection de tissus exemplaires et tr\u00e8s soign\u00e9es, d&#8217;un aspect exceptionnellement exclusif. Les couleurs \u00e0 la mode, l&#8217;absence d&#8217;ornementation et la forme classique rendent cette nappe \u00e9galement tr\u00e8s universelle. Une telle nappe s&#8217;adapte \u00e0 tous les int\u00e9rieurs. Vous pouvez l&#8217;utiliser tous les jours, ou en faire une nappe \u00e9l\u00e9gante pour le salon ou une nappe festive, lorsque vous organisez une f\u00eate ou un d\u00eener de f\u00eate. Caract\u00e9ristiques du produit : \u00e9l\u00e9gant et pratique pour la d\u00e9coration de la table pour divers int\u00e9rieurs parfaitement cousu coton Alligator de tr\u00e8s bonne qualit\u00e9<\/p>\n","protected":false},"excerpt":{"rendered":"<p>Soins :<br \/>\nLavage en machine ou \u00e0 la main jusqu&#8217;\u00e0 95\u00b0C <\/p>\n<li>Repassage \u00e0 haute temp\u00e9rature acceptable.<br \/>\nS\u00e9choir \u00e0 tambour jusqu&#8217;\u00e0 45\u00b0C<br \/>\n100% coton, 190 g\/m2, diam\u00e8tre 160 cm Design \/ motif : uni Nappe ronde en tissu de coton. Con\u00e7u pour les tables de banquet POLISH made, certificat OEKO-TEX\u00ae.<\/p>\n","protected":false},"featured_media":6074,"comment_status":"open","ping_status":"closed","template":"","meta":{"_monsterinsights_skip_tracking":false,"_monsterinsights_sitenote_active":false,"_monsterinsights_sitenote_note":"","_monsterinsights_sitenote_category":0},"product_brand":[],"product_cat":[592,661,598],"product_tag":[],"class_list":{"0":"post-18760","1":"product","2":"type-product","3":"status-publish","4":"has-post-thumbnail","6":"product_cat-hotel-fr","7":"product_cat-nappes-fr","8":"product_cat-nappes","9":"pa_desenwzor-lisse","10":"pa_gramatura-190-g-m2-fr","11":"pa_kolor-blanc-fr","12":"pa_rozmiar-sr-160-cm-fr","13":"pa_skladtkaniny-100-coton","15":"first","16":"instock","17":"shipping-taxable","18":"purchasable","19":"product-type-simple"},"aioseo_notices":[],"_links":{"self":[{"href":"https:\/\/textillo.com\/fr\/wp-json\/wp\/v2\/product\/18760","targetHints":{"allow":["GET"]}}],"collection":[{"href":"https:\/\/textillo.com\/fr\/wp-json\/wp\/v2\/product"}],"about":[{"href":"https:\/\/textillo.com\/fr\/wp-json\/wp\/v2\/types\/product"}],"replies":[{"embeddable":true,"href":"https:\/\/textillo.com\/fr\/wp-json\/wp\/v2\/comments?post=18760"}],"wp:featuredmedia":[{"embeddable":true,"href":"https:\/\/textillo.com\/fr\/wp-json\/wp\/v2\/media\/6074"}],"wp:attachment":[{"href":"https:\/\/textillo.com\/fr\/wp-json\/wp\/v2\/media?parent=18760"}],"wp:term":[{"taxonomy":"product_brand","embeddable":true,"href":"https:\/\/textillo.com\/fr\/wp-json\/wp\/v2\/product_brand?post=18760"},{"taxonomy":"product_cat","embeddable":true,"href":"https:\/\/textillo.com\/fr\/wp-json\/wp\/v2\/product_cat?post=18760"},{"taxonomy":"product_tag","embeddable":true,"href":"https:\/\/textillo.com\/fr\/wp-json\/wp\/v2\/product_tag?post=18760"}],"curies":[{"name":"wp","href":"https:\/\/api.w.org\/{rel}","templated":true}]}}