{"id":18506,"date":"2021-07-14T13:11:01","date_gmt":"2021-07-14T11:11:18","guid":{"rendered":"https:\/\/www.textillo.com\/?post_type=product&#038;p=18506"},"modified":"2021-07-15T07:49:40","modified_gmt":"2021-07-15T05:49:40","slug":"drap-de-lin-avec-elastique-beige-clair","status":"publish","type":"product","link":"https:\/\/textillo.com\/fr\/produkt\/drap-de-lin-avec-elastique-beige-clair\/","title":{"rendered":"Drap de lin avec \u00e9lastique &#8211; beige clair"},"content":{"rendered":"<p>Le drap \u00e0 \u00e9lastique est fabriqu\u00e9 en 100% lin lav\u00e9 \u00e0 la pierre. Par rapport \u00e0 d&#8217;autres tissus, le lin est extr\u00eamement respirant et absorbe bien l&#8217;humidit\u00e9, ce qui signifie que le drap en lin permet \u00e0 votre peau de respirer tout au long de la nuit, assurant ainsi une sensation de confort et de fra\u00eecheur.<\/p>\n<p>Le drap est dot\u00e9 d&#8217;un \u00e9lastique cousu dans tout le tunnel, gr\u00e2ce auquel il s&#8217;adapte parfaitement au matelas et reste toujours en place. Pendant le sommeil, il ne roule pas et ne s&#8217;abaisse pas, ce qui assure un grand confort. Ne n\u00e9cessite pas de repassage car apr\u00e8s l&#8217;avoir pos\u00e9 sur le matelas, tous les plis se redressent et disparaissent.<\/p>\n<p>Il est perm\u00e9able \u00e0 l&#8217;air et s\u00e8che rapidement. Il ne moisit pas et ne perd pas sa couleur m\u00eame apr\u00e8s de nombreux lavages.<\/p>\n<p>Les feuilles sont disponibles en 5 tailles : 90 x 200 cm, 120 x 200 cm, 140 x 200 cm, 160 x 200 cm, 180 x 200 cm<\/p>\n<p>Le produit est fabriqu\u00e9 en Pologne. Il est sans danger pour les enfants. Disponible en plusieurs couleurs et tailles. <\/p>\n<p>Traduit avec www.DeepL.com\/Translator (version gratuite)<\/p>\n","protected":false},"excerpt":{"rendered":"<p>100% lin<br \/>\nSur l&#8217;\u00e9lastique<br \/>\nTemp\u00e9rature de lavage 60\u00b0C<br \/>\nPRODUIT POLISH<\/p>\n","protected":false},"featured_media":18349,"comment_status":"open","ping_status":"closed","template":"","meta":{"_monsterinsights_skip_tracking":false,"_monsterinsights_sitenote_active":false,"_monsterinsights_sitenote_note":"","_monsterinsights_sitenote_category":0},"product_brand":[],"product_cat":[2090],"product_tag":[2089,553],"class_list":{"0":"post-18506","1":"product","2":"type-product","3":"status-publish","4":"has-post-thumbnail","6":"product_cat-drap-de-lin-avec-elastique","7":"product_tag-de-lin","8":"product_tag-feuille","9":"pa_kolor-beige-clair","10":"pa_rozmiar-120-x-200-cm-fr","11":"pa_rozmiar-140-x-200-cm-fr","12":"pa_rozmiar-160-x-200-cm-fr","13":"pa_rozmiar-180-x-200-cm-fr","14":"pa_rozmiar-90-x-200-cm-fr","15":"pa_skladtkaniny-100-lin","17":"first","18":"instock","19":"shipping-taxable","20":"purchasable","21":"product-type-variable","22":"has-default-attributes"},"aioseo_notices":[],"_links":{"self":[{"href":"https:\/\/textillo.com\/fr\/wp-json\/wp\/v2\/product\/18506","targetHints":{"allow":["GET"]}}],"collection":[{"href":"https:\/\/textillo.com\/fr\/wp-json\/wp\/v2\/product"}],"about":[{"href":"https:\/\/textillo.com\/fr\/wp-json\/wp\/v2\/types\/product"}],"replies":[{"embeddable":true,"href":"https:\/\/textillo.com\/fr\/wp-json\/wp\/v2\/comments?post=18506"}],"wp:featuredmedia":[{"embeddable":true,"href":"https:\/\/textillo.com\/fr\/wp-json\/wp\/v2\/media\/18349"}],"wp:attachment":[{"href":"https:\/\/textillo.com\/fr\/wp-json\/wp\/v2\/media?parent=18506"}],"wp:term":[{"taxonomy":"product_brand","embeddable":true,"href":"https:\/\/textillo.com\/fr\/wp-json\/wp\/v2\/product_brand?post=18506"},{"taxonomy":"product_cat","embeddable":true,"href":"https:\/\/textillo.com\/fr\/wp-json\/wp\/v2\/product_cat?post=18506"},{"taxonomy":"product_tag","embeddable":true,"href":"https:\/\/textillo.com\/fr\/wp-json\/wp\/v2\/product_tag?post=18506"}],"curies":[{"name":"wp","href":"https:\/\/api.w.org\/{rel}","templated":true}]}}