{"id":18088,"date":"2021-07-09T09:53:22","date_gmt":"2021-07-09T07:53:36","guid":{"rendered":"https:\/\/www.textillo.com\/?post_type=product&#038;p=18088"},"modified":"2021-07-23T14:48:08","modified_gmt":"2021-07-23T12:48:08","slug":"serviette-de-bain-en-coton-550-g-m2-a-armure-epaisse-orange-sourd-kopia-kopia-kopia-kopia-kopia","status":"publish","type":"product","link":"https:\/\/textillo.com\/fr\/produkt\/serviette-de-bain-en-coton-550-g-m2-a-armure-epaisse-orange-sourd-kopia-kopia-kopia-kopia-kopia\/","title":{"rendered":"Serviette de bain en coton 550 g\/m2 \u00e0 armure \u00e9paisse, orange sourd (Kopia) (Kopia) (Kopia) (Kopia) (Kopia)"},"content":{"rendered":"<p>Cette serviette de bain \u00e0 s\u00e9chage rapide est enti\u00e8rement fabriqu\u00e9e en coton de qualit\u00e9 sup\u00e9rieure (100 % coton, tissage \u00e9pais de 550 g\/m2). Elle est con\u00e7ue pour un usage quotidien pour les personnes qui appr\u00e9cient la tr\u00e8s bonne qualit\u00e9 et les propri\u00e9t\u00e9s fonctionnelles.<\/p>\n<p>Notre serviette de bain est \u00e9paisse, elle absorbe donc tr\u00e8s bien l&#8217;eau et s\u00e8che tr\u00e8s rapidement, elle n&#8217;accumule pas d&#8217;odeurs d\u00e9sagr\u00e9ables en elle-m\u00eame, elle est adapt\u00e9e \u00e0 une utilisation dans le sauna.<\/p>\n<p>Nous avons diff\u00e9rentes tailles 50 x 100 cm et 70 x 140 cm &#8211; avec la plus petite serviette vous pouvez vous essuyer les mains et le visage, et avec la grande vous pouvez couvrir tout votre corps apr\u00e8s le bain.<\/p>\n<p>En plus de leur fonctionnalit\u00e9, nos serviettes de bain sont \u00e9galement un \u00e9l\u00e9ment d\u00e9coratif important dans notre salle de bain.<\/p>\n","protected":false},"excerpt":{"rendered":"<p>Instructions d&#8217;entretien :<\/p>\n<p>Lavable \u00e0 une temp\u00e9rature maximale de 60 degr\u00e9s C<br \/>\nRepasser \u00e0 une temp\u00e9rature allant jusqu&#8217;\u00e0 110 degr\u00e9s C<br \/>\nNe pas nettoyer \u00e0 sec<br \/>\nNe pas blanchir<br \/>\nPeut \u00eatre s\u00e9ch\u00e9 au s\u00e8che-linge \u00e0 vitesse r\u00e9duite<\/p>\n<p>100% coton, tissage \u00e9pais de 550 g\/m2<br \/>\nDeux tailles 50 x 100 cm ou 70 x 140 cm<br \/>\nS\u00e9chage rapide et doux au toucher<br \/>\nCertifi\u00e9 OEKO-TEX\u00ae.<\/p>\n","protected":false},"featured_media":17927,"comment_status":"open","ping_status":"closed","template":"","meta":{"_monsterinsights_skip_tracking":false,"_monsterinsights_sitenote_active":false,"_monsterinsights_sitenote_note":"","_monsterinsights_sitenote_category":0},"product_brand":[],"product_cat":[724],"product_tag":[793],"class_list":{"0":"post-18088","1":"product","2":"type-product","3":"status-publish","4":"has-post-thumbnail","6":"product_cat-serviettes-de-bain-fr","7":"product_tag-serviette","8":"pa_kolor-blanc-fr","9":"pa_rozmiar-100-x-150-cm-fr","10":"pa_rozmiar-70-x-140-cm-fr","11":"pa_skladtkaniny-100-coton","13":"first","14":"instock","15":"shipping-taxable","16":"purchasable","17":"product-type-variable","18":"has-default-attributes"},"aioseo_notices":[],"_links":{"self":[{"href":"https:\/\/textillo.com\/fr\/wp-json\/wp\/v2\/product\/18088","targetHints":{"allow":["GET"]}}],"collection":[{"href":"https:\/\/textillo.com\/fr\/wp-json\/wp\/v2\/product"}],"about":[{"href":"https:\/\/textillo.com\/fr\/wp-json\/wp\/v2\/types\/product"}],"replies":[{"embeddable":true,"href":"https:\/\/textillo.com\/fr\/wp-json\/wp\/v2\/comments?post=18088"}],"wp:featuredmedia":[{"embeddable":true,"href":"https:\/\/textillo.com\/fr\/wp-json\/wp\/v2\/media\/17927"}],"wp:attachment":[{"href":"https:\/\/textillo.com\/fr\/wp-json\/wp\/v2\/media?parent=18088"}],"wp:term":[{"taxonomy":"product_brand","embeddable":true,"href":"https:\/\/textillo.com\/fr\/wp-json\/wp\/v2\/product_brand?post=18088"},{"taxonomy":"product_cat","embeddable":true,"href":"https:\/\/textillo.com\/fr\/wp-json\/wp\/v2\/product_cat?post=18088"},{"taxonomy":"product_tag","embeddable":true,"href":"https:\/\/textillo.com\/fr\/wp-json\/wp\/v2\/product_tag?post=18088"}],"curies":[{"name":"wp","href":"https:\/\/api.w.org\/{rel}","templated":true}]}}