{"id":17700,"date":"2020-08-28T11:39:04","date_gmt":"2020-08-28T09:39:04","guid":{"rendered":"https:\/\/www.textillo.com\/produkt\/taie-doreiller-en-coton-dream-line\/"},"modified":"2020-08-28T11:39:04","modified_gmt":"2020-08-28T09:39:04","slug":"taie-doreiller-en-coton-dream-line","status":"publish","type":"product","link":"https:\/\/textillo.com\/fr\/produkt\/taie-doreiller-en-coton-dream-line\/","title":{"rendered":"Taie d&#8217;oreiller en coton &#8211; Dream Line"},"content":{"rendered":"<p>Quel genre de taie d&#8217;oreiller est-ce ? Il est d\u00e9finitivement cousu \u00e0 partir d&#8217;un mat\u00e9riau naturel, le coton, qui est non seulement agr\u00e9able au toucher, mais aussi sain et facile \u00e0 entretenir. Il peut \u00eatre lav\u00e9 \u00e0 haute temp\u00e9rature, de sorte qu&#8217;il ne donne pas l&#8217;occasion de d\u00e9velopper des bact\u00e9ries nocives.<\/p>\n","protected":false},"excerpt":{"rendered":"<p>Composition : 100% coton<br \/>\nPoids : 145 g\/m2<br \/>\nPays de production : Pologne<br \/>\nFermeture : Zip<\/p>\n","protected":false},"featured_media":17695,"comment_status":"open","ping_status":"closed","template":"","meta":{"_monsterinsights_skip_tracking":false,"_monsterinsights_sitenote_active":false,"_monsterinsights_sitenote_note":"","_monsterinsights_sitenote_category":0},"product_brand":[],"product_cat":[682,679],"product_tag":[781],"class_list":{"0":"post-17700","1":"product","2":"type-product","3":"status-publish","4":"has-post-thumbnail","6":"product_cat-coton","7":"product_cat-taies-doreiller","8":"product_tag-taie-doreiller","9":"pa_kolor-13-rose-geometrique","10":"pa_kolor-14-blanc","11":"pa_kolor-34j-gris-geometrique","12":"pa_kolor-9-bleu-marine","13":"pa_kolor-15-beige-fr","14":"pa_rozmiar-50-x-60-cm-fr","15":"pa_rozmiar-50-x-80-cm-fr","16":"pa_rozmiar-60-x-70-cm-fr","17":"pa_rozmiar-65-x-65-cm-fr","18":"pa_skladtkaniny-100-coton","20":"first","21":"instock","22":"shipping-taxable","23":"purchasable","24":"product-type-variable","25":"has-default-attributes"},"aioseo_notices":[],"_links":{"self":[{"href":"https:\/\/textillo.com\/fr\/wp-json\/wp\/v2\/product\/17700","targetHints":{"allow":["GET"]}}],"collection":[{"href":"https:\/\/textillo.com\/fr\/wp-json\/wp\/v2\/product"}],"about":[{"href":"https:\/\/textillo.com\/fr\/wp-json\/wp\/v2\/types\/product"}],"replies":[{"embeddable":true,"href":"https:\/\/textillo.com\/fr\/wp-json\/wp\/v2\/comments?post=17700"}],"wp:featuredmedia":[{"embeddable":true,"href":"https:\/\/textillo.com\/fr\/wp-json\/wp\/v2\/media\/17695"}],"wp:attachment":[{"href":"https:\/\/textillo.com\/fr\/wp-json\/wp\/v2\/media?parent=17700"}],"wp:term":[{"taxonomy":"product_brand","embeddable":true,"href":"https:\/\/textillo.com\/fr\/wp-json\/wp\/v2\/product_brand?post=17700"},{"taxonomy":"product_cat","embeddable":true,"href":"https:\/\/textillo.com\/fr\/wp-json\/wp\/v2\/product_cat?post=17700"},{"taxonomy":"product_tag","embeddable":true,"href":"https:\/\/textillo.com\/fr\/wp-json\/wp\/v2\/product_tag?post=17700"}],"curies":[{"name":"wp","href":"https:\/\/api.w.org\/{rel}","templated":true}]}}