{"id":17659,"date":"2020-09-02T08:36:57","date_gmt":"2020-09-02T06:36:57","guid":{"rendered":"https:\/\/www.textillo.com\/produkt\/taie-doreiller-en-jersey-dream-line-40-x-40-cm-blanc\/"},"modified":"2020-09-02T08:36:57","modified_gmt":"2020-09-02T06:36:57","slug":"taie-doreiller-en-jersey-dream-line-40-x-40-cm-blanc","status":"publish","type":"product","link":"https:\/\/textillo.com\/fr\/produkt\/taie-doreiller-en-jersey-dream-line-40-x-40-cm-blanc\/","title":{"rendered":"Taie d&#8217;oreiller en jersey &#8211; Dream Line &#8211; 40 x 40 cm &#8211; Blanc"},"content":{"rendered":"<p>A quoi ressemble une taie d&#8217;oreiller ? Il est d\u00e9finitivement cousu \u00e0 partir d&#8217;un mat\u00e9riau naturel, le coton, qui est non seulement agr\u00e9able au toucher, mais aussi sain et facile \u00e0 entretenir. Il peut \u00eatre lav\u00e9 \u00e0 haute temp\u00e9rature, de sorte qu&#8217;il ne donne pas l&#8217;occasion de d\u00e9velopper des bact\u00e9ries nocives.<\/p>\n<p>La taie d&#8217;oreiller est parfaite pour les 4 saisons &#8211; elle vous garde au chaud tout en vous permettant de respirer. L&#8217;\u00e9paisseur optimale du fil de coton assure la durabilit\u00e9 et une texture lisse et agr\u00e9able. Gr\u00e2ce \u00e0 son poids \u00e9pais de 145g\/m2, le tissu est extr\u00eamement r\u00e9sistant \u00e0 l&#8217;abrasion et aux craquelures lors de l&#8217;utilisation ou des lavages fr\u00e9quents.<\/p>\n","protected":false},"excerpt":{"rendered":"<p>Composition : 100% coton<br \/>\nPoids : 145 g\/m2<br \/>\nPays de production : Pologne<br \/>\nFermeture : Zip<\/p>\n","protected":false},"featured_media":7319,"comment_status":"open","ping_status":"closed","template":"","meta":{"_monsterinsights_skip_tracking":false,"_monsterinsights_sitenote_active":false,"_monsterinsights_sitenote_note":"","_monsterinsights_sitenote_category":0},"product_brand":[],"product_cat":[691,679],"product_tag":[760,781],"class_list":{"0":"post-17659","1":"product","2":"type-product","3":"status-publish","4":"has-post-thumbnail","6":"product_cat-jersey-fr","7":"product_cat-taies-doreiller","8":"product_tag-jersey-fr","9":"product_tag-taie-doreiller","10":"pa_kolor-blanc-14","11":"pa_skladtkaniny-100-coton","13":"first","14":"instock","15":"shipping-taxable","16":"purchasable","17":"product-type-simple"},"aioseo_notices":[],"_links":{"self":[{"href":"https:\/\/textillo.com\/fr\/wp-json\/wp\/v2\/product\/17659","targetHints":{"allow":["GET"]}}],"collection":[{"href":"https:\/\/textillo.com\/fr\/wp-json\/wp\/v2\/product"}],"about":[{"href":"https:\/\/textillo.com\/fr\/wp-json\/wp\/v2\/types\/product"}],"replies":[{"embeddable":true,"href":"https:\/\/textillo.com\/fr\/wp-json\/wp\/v2\/comments?post=17659"}],"wp:featuredmedia":[{"embeddable":true,"href":"https:\/\/textillo.com\/fr\/wp-json\/wp\/v2\/media\/7319"}],"wp:attachment":[{"href":"https:\/\/textillo.com\/fr\/wp-json\/wp\/v2\/media?parent=17659"}],"wp:term":[{"taxonomy":"product_brand","embeddable":true,"href":"https:\/\/textillo.com\/fr\/wp-json\/wp\/v2\/product_brand?post=17659"},{"taxonomy":"product_cat","embeddable":true,"href":"https:\/\/textillo.com\/fr\/wp-json\/wp\/v2\/product_cat?post=17659"},{"taxonomy":"product_tag","embeddable":true,"href":"https:\/\/textillo.com\/fr\/wp-json\/wp\/v2\/product_tag?post=17659"}],"curies":[{"name":"wp","href":"https:\/\/api.w.org\/{rel}","templated":true}]}}