{"id":17506,"date":"2020-09-02T09:29:50","date_gmt":"2020-09-02T07:29:50","guid":{"rendered":"https:\/\/www.textillo.com\/produkt\/taie-doreiller-en-jersey-ligne-dream-40-x-40-cm-turquoise\/"},"modified":"2020-09-02T09:29:50","modified_gmt":"2020-09-02T07:29:50","slug":"taie-doreiller-en-jersey-ligne-dream-40-x-40-cm-turquoise","status":"publish","type":"product","link":"https:\/\/textillo.com\/fr\/produkt\/taie-doreiller-en-jersey-ligne-dream-40-x-40-cm-turquoise\/","title":{"rendered":"Taie d&#8217;oreiller en jersey &#8211; Ligne Dream &#8211; 40 x 40 cm &#8211; Turquoise"},"content":{"rendered":"<p>Comment est la taie d&#8217;oreiller ? Il est d\u00e9finitivement cousu \u00e0 partir d&#8217;un mat\u00e9riau naturel &#8211; le coton, qui est non seulement agr\u00e9able au toucher, mais aussi sain et facile \u00e0 entretenir.<\/p>\n<p>La taie d&#8217;oreiller est parfaite pour les 4 saisons &#8211; elle garde la chaleur tout en respirant. L&#8217;\u00e9paisseur optimale du fil de coton garantit la durabilit\u00e9 et une texture lisse et agr\u00e9able. Gr\u00e2ce \u00e0 son poids \u00e9pais de 200g\/m2, le tissu est extr\u00eamement r\u00e9sistant \u00e0 l&#8217;abrasion et aux craquelures lors de l&#8217;utilisation ou des lavages fr\u00e9quents.<\/p>\n","protected":false},"excerpt":{"rendered":"<p>Composition : 100% coton<br \/>\nPoids : 145 g\/m2<br \/>\nPays de production : Pologne<br \/>\nFermeture : Zip<\/p>\n","protected":false},"featured_media":7799,"comment_status":"open","ping_status":"closed","template":"","meta":{"_monsterinsights_skip_tracking":false,"_monsterinsights_sitenote_active":false,"_monsterinsights_sitenote_note":"","_monsterinsights_sitenote_category":0},"product_brand":[],"product_cat":[679],"product_tag":[760,781],"class_list":{"0":"post-17506","1":"product","2":"type-product","3":"status-publish","4":"has-post-thumbnail","6":"product_cat-taies-doreiller","7":"product_tag-jersey-fr","8":"product_tag-taie-doreiller","9":"pa_kolor-turkusowy-43-fr","10":"pa_skladtkaniny-100-coton","12":"first","13":"instock","14":"shipping-taxable","15":"purchasable","16":"product-type-simple"},"aioseo_notices":[],"_links":{"self":[{"href":"https:\/\/textillo.com\/fr\/wp-json\/wp\/v2\/product\/17506","targetHints":{"allow":["GET"]}}],"collection":[{"href":"https:\/\/textillo.com\/fr\/wp-json\/wp\/v2\/product"}],"about":[{"href":"https:\/\/textillo.com\/fr\/wp-json\/wp\/v2\/types\/product"}],"replies":[{"embeddable":true,"href":"https:\/\/textillo.com\/fr\/wp-json\/wp\/v2\/comments?post=17506"}],"wp:featuredmedia":[{"embeddable":true,"href":"https:\/\/textillo.com\/fr\/wp-json\/wp\/v2\/media\/7799"}],"wp:attachment":[{"href":"https:\/\/textillo.com\/fr\/wp-json\/wp\/v2\/media?parent=17506"}],"wp:term":[{"taxonomy":"product_brand","embeddable":true,"href":"https:\/\/textillo.com\/fr\/wp-json\/wp\/v2\/product_brand?post=17506"},{"taxonomy":"product_cat","embeddable":true,"href":"https:\/\/textillo.com\/fr\/wp-json\/wp\/v2\/product_cat?post=17506"},{"taxonomy":"product_tag","embeddable":true,"href":"https:\/\/textillo.com\/fr\/wp-json\/wp\/v2\/product_tag?post=17506"}],"curies":[{"name":"wp","href":"https:\/\/api.w.org\/{rel}","templated":true}]}}