{"id":17282,"date":"2020-09-02T09:53:57","date_gmt":"2020-09-02T07:53:57","guid":{"rendered":"https:\/\/www.textillo.com\/produkt\/rembourrage-de-taie-doreiller-blanche-40-x-40-cm\/"},"modified":"2020-09-02T09:53:57","modified_gmt":"2020-09-02T07:53:57","slug":"rembourrage-de-taie-doreiller-blanche-40-x-40-cm","status":"publish","type":"product","link":"https:\/\/textillo.com\/fr\/produkt\/rembourrage-de-taie-doreiller-blanche-40-x-40-cm\/","title":{"rendered":"Rembourrage de taie d&#8217;oreiller blanche 40 x 40 cm"},"content":{"rendered":"<p>Le remplissage de la taie d&#8217;oreiller d\u00e9corative a \u00e9t\u00e9 r\u00e9alis\u00e9 avec soin par une usine de couture polonaise sp\u00e9cialis\u00e9e dans la fabrication de housses de couette et d&#8217;oreillers. Il a une couleur blanche, transparente, qui se pr\u00e9sente de mani\u00e8re tr\u00e8s esth\u00e9tique.<\/p>\n<p>La taie d&#8217;oreiller est fabriqu\u00e9e en molleton non tiss\u00e9 compos\u00e9 \u00e0 100 % de polyester. Il est rempli de polyester silicon\u00e9 HCS, ce qui lui conf\u00e8re \u00e9lasticit\u00e9 et volume. Gr\u00e2ce \u00e0 son remplissage de haute qualit\u00e9, il conserve sa forme originale pendant tr\u00e8s longtemps. <\/p>\n<p>La taille de l&#8217;insert de l&#8217;oreiller est de 40\u00d740 cm (+\/- 2 cm), mesur\u00e9e avec un centim\u00e8tre de tailleur autour de la circonf\u00e9rence. Il convient \u00e0 une taie d&#8217;oreiller d\u00e9corative de la m\u00eame taille, mais ceux qui pr\u00e9f\u00e8rent l&#8217;effet d&#8217;un fort remplissage doivent choisir un insert plus grand. L&#8217;oreiller peut \u00eatre lav\u00e9 \u00e0 des temp\u00e9ratures allant jusqu&#8217;\u00e0 30\u00b0C et s\u00e9ch\u00e9 dans un s\u00e8che-linge \u00e0 faible vitesse.<\/p>\n","protected":false},"excerpt":{"rendered":"<p>Composition : 100% polyester<br \/>\nTaille : 40\u00d740 cm<br \/>\nPays de production : Pologne<\/p>\n","protected":false},"featured_media":7829,"comment_status":"open","ping_status":"closed","template":"","meta":{"_monsterinsights_skip_tracking":false,"_monsterinsights_sitenote_active":false,"_monsterinsights_sitenote_note":"","_monsterinsights_sitenote_category":0},"product_brand":[],"product_cat":[727],"product_tag":[],"class_list":{"0":"post-17282","1":"product","2":"type-product","3":"status-publish","4":"has-post-thumbnail","6":"product_cat-sacs-ecologiques","7":"pa_skladtkaniny-100-polyester-fr","9":"first","10":"outofstock","11":"shipping-taxable","12":"purchasable","13":"product-type-simple"},"aioseo_notices":[],"_links":{"self":[{"href":"https:\/\/textillo.com\/fr\/wp-json\/wp\/v2\/product\/17282","targetHints":{"allow":["GET"]}}],"collection":[{"href":"https:\/\/textillo.com\/fr\/wp-json\/wp\/v2\/product"}],"about":[{"href":"https:\/\/textillo.com\/fr\/wp-json\/wp\/v2\/types\/product"}],"replies":[{"embeddable":true,"href":"https:\/\/textillo.com\/fr\/wp-json\/wp\/v2\/comments?post=17282"}],"wp:featuredmedia":[{"embeddable":true,"href":"https:\/\/textillo.com\/fr\/wp-json\/wp\/v2\/media\/7829"}],"wp:attachment":[{"href":"https:\/\/textillo.com\/fr\/wp-json\/wp\/v2\/media?parent=17282"}],"wp:term":[{"taxonomy":"product_brand","embeddable":true,"href":"https:\/\/textillo.com\/fr\/wp-json\/wp\/v2\/product_brand?post=17282"},{"taxonomy":"product_cat","embeddable":true,"href":"https:\/\/textillo.com\/fr\/wp-json\/wp\/v2\/product_cat?post=17282"},{"taxonomy":"product_tag","embeddable":true,"href":"https:\/\/textillo.com\/fr\/wp-json\/wp\/v2\/product_tag?post=17282"}],"curies":[{"name":"wp","href":"https:\/\/api.w.org\/{rel}","templated":true}]}}