{"id":17236,"date":"2020-02-24T13:29:19","date_gmt":"2020-02-24T12:29:19","guid":{"rendered":"https:\/\/www.textillo.com\/produkt\/taie-doreiller-musso-white-2729-smooth\/"},"modified":"2020-02-24T13:29:19","modified_gmt":"2020-02-24T12:29:19","slug":"taie-doreiller-musso-white-2729-smooth","status":"publish","type":"product","link":"https:\/\/textillo.com\/fr\/produkt\/taie-doreiller-musso-white-2729-smooth\/","title":{"rendered":"Taie d&#8217;oreiller &#8211; Musso White, 2729 &#8211; Smooth"},"content":{"rendered":"<p>La taie d&#8217;oreiller est cousue \u00e0 la main dans notre atelier \u00e0 partir de tissus polonais de haute qualit\u00e9 en coton et en polyester qui ont le certificat Oeko-Tex Standard 100, qui garantit la s\u00e9curit\u00e9 des mat\u00e9riaux et des teintures utilis\u00e9s dans la production.<\/p>\n<p>Les taies d&#8217;oreiller sont ferm\u00e9es par des fermetures \u00e0 glissi\u00e8re de haute qualit\u00e9 qui sont cach\u00e9es sous les pattes, de sorte que la taie d&#8217;oreiller semble plus impressionnante et plus design.<\/p>\n<p>Taies d&#8217;oreiller recommand\u00e9es pour les h\u00f4tels. Produits de haute qualit\u00e9.<\/p>\n<p>LE PARI DE LA TAIE D&#8217;OREILLER :<\/p>\n<p>40\u00d740 &#8211; 18 cm<br \/>\n60\u00d750 &#8211; 20 cm<br \/>\n70\u00d780 &#8211; 20 cm<br \/>\nDes taies d&#8217;oreiller d\u00e9coratives en coton peuvent \u00e9galement \u00eatre achet\u00e9es dans le m\u00eame mod\u00e8le : taies d&#8217;oreiller, nappes, serviettes de table.<\/p>\n<p>Une coop\u00e9ration en gros avec des magasins, des grossistes, des h\u00f4tels ou des pensions de famille est \u00e9galement possible.<\/p>\n","protected":false},"excerpt":{"rendered":"<p>Composition : 100% coton avec un tissage satin.<br \/>\nPoids : 155 g\/m2<br \/>\nPays de production : Pologne<\/p>\n","protected":false},"featured_media":19027,"comment_status":"open","ping_status":"closed","template":"","meta":{"_monsterinsights_skip_tracking":false,"_monsterinsights_sitenote_active":false,"_monsterinsights_sitenote_note":"","_monsterinsights_sitenote_category":0},"product_brand":[],"product_cat":[607,610],"product_tag":[772,781],"class_list":{"0":"post-17236","1":"product","2":"type-product","3":"status-publish","4":"has-post-thumbnail","6":"product_cat-literie","7":"product_cat-taie-doreiller","8":"product_tag-musso-fr","9":"product_tag-taie-doreiller","10":"pa_desenwzor-lisse","11":"pa_kolor-blanc-fr","12":"pa_material-100-lin-fr","13":"pa_rozmiar-40-x-40-cm-fr","14":"pa_rozmiar-50-x-60-cm-fr","15":"pa_rozmiar-70-x-80-cm-fr","17":"first","18":"instock","19":"shipping-taxable","20":"purchasable","21":"product-type-variable","22":"has-default-attributes"},"aioseo_notices":[],"_links":{"self":[{"href":"https:\/\/textillo.com\/fr\/wp-json\/wp\/v2\/product\/17236","targetHints":{"allow":["GET"]}}],"collection":[{"href":"https:\/\/textillo.com\/fr\/wp-json\/wp\/v2\/product"}],"about":[{"href":"https:\/\/textillo.com\/fr\/wp-json\/wp\/v2\/types\/product"}],"replies":[{"embeddable":true,"href":"https:\/\/textillo.com\/fr\/wp-json\/wp\/v2\/comments?post=17236"}],"wp:featuredmedia":[{"embeddable":true,"href":"https:\/\/textillo.com\/fr\/wp-json\/wp\/v2\/media\/19027"}],"wp:attachment":[{"href":"https:\/\/textillo.com\/fr\/wp-json\/wp\/v2\/media?parent=17236"}],"wp:term":[{"taxonomy":"product_brand","embeddable":true,"href":"https:\/\/textillo.com\/fr\/wp-json\/wp\/v2\/product_brand?post=17236"},{"taxonomy":"product_cat","embeddable":true,"href":"https:\/\/textillo.com\/fr\/wp-json\/wp\/v2\/product_cat?post=17236"},{"taxonomy":"product_tag","embeddable":true,"href":"https:\/\/textillo.com\/fr\/wp-json\/wp\/v2\/product_tag?post=17236"}],"curies":[{"name":"wp","href":"https:\/\/api.w.org\/{rel}","templated":true}]}}