{"id":17212,"date":"2020-02-25T09:22:49","date_gmt":"2020-02-25T08:22:49","guid":{"rendered":"https:\/\/www.textillo.com\/produkt\/enveloppe-de-couette-musso-white-1715-rayures\/"},"modified":"2020-02-25T09:22:49","modified_gmt":"2020-02-25T08:22:49","slug":"enveloppe-de-couette-musso-white-1715-rayures","status":"publish","type":"product","link":"https:\/\/textillo.com\/fr\/produkt\/enveloppe-de-couette-musso-white-1715-rayures\/","title":{"rendered":"Enveloppe de couette &#8211; Musso White, 1715 &#8211; rayures"},"content":{"rendered":"<p>Housse de couette classique &#8211; cousue \u00e0 la machine dans notre atelier \u00e0 partir de tissus polonais de haute qualit\u00e9 en coton et en polyester ayant le certificat Oeko-Tex Standard 100, qui garantit la s\u00e9curit\u00e9 des mat\u00e9riaux et des colorants utilis\u00e9s dans la production.<\/p>\n<p>Cette taie d&#8217;oreiller est recommand\u00e9e pour les h\u00f4tels. Produits de haute qualit\u00e9.<\/p>\n<p>Pour la taie d&#8217;oreiller, achetez \u00e9galement dans le m\u00eame mod\u00e8le : des draps, des nappes, des serviettes de table.<\/p>\n<p>Une coop\u00e9ration en gros avec des magasins, des grossistes, des h\u00f4tels ou des pensions est \u00e9galement possible.<\/p>\n","protected":false},"excerpt":{"rendered":"<p>Composition : 100% coton avec un tissage satin.<br \/>\nPoids : 155 g\/m2<br \/>\nPays de production : Pologne<\/p>\n","protected":false},"featured_media":19043,"comment_status":"open","ping_status":"closed","template":"","meta":{"_monsterinsights_skip_tracking":false,"_monsterinsights_sitenote_active":false,"_monsterinsights_sitenote_note":"","_monsterinsights_sitenote_category":0},"product_brand":[],"product_cat":[592,613],"product_tag":[784,772],"class_list":{"0":"post-17212","1":"product","2":"type-product","3":"status-publish","4":"has-post-thumbnail","6":"product_cat-hotel-fr","7":"product_cat-poszwa-fr","8":"product_tag-housse-de-couette","9":"product_tag-musso-fr","10":"pa_kolor-blanc-fr","11":"pa_material-100-lin-fr","12":"pa_rozmiar-140-x-200-cm-fr","13":"pa_rozmiar-160-x-200-cm-fr","14":"pa_rozmiar-200-x-220-cm-fr","16":"first","17":"instock","18":"shipping-taxable","19":"purchasable","20":"product-type-variable","21":"has-default-attributes"},"aioseo_notices":[],"_links":{"self":[{"href":"https:\/\/textillo.com\/fr\/wp-json\/wp\/v2\/product\/17212","targetHints":{"allow":["GET"]}}],"collection":[{"href":"https:\/\/textillo.com\/fr\/wp-json\/wp\/v2\/product"}],"about":[{"href":"https:\/\/textillo.com\/fr\/wp-json\/wp\/v2\/types\/product"}],"replies":[{"embeddable":true,"href":"https:\/\/textillo.com\/fr\/wp-json\/wp\/v2\/comments?post=17212"}],"wp:featuredmedia":[{"embeddable":true,"href":"https:\/\/textillo.com\/fr\/wp-json\/wp\/v2\/media\/19043"}],"wp:attachment":[{"href":"https:\/\/textillo.com\/fr\/wp-json\/wp\/v2\/media?parent=17212"}],"wp:term":[{"taxonomy":"product_brand","embeddable":true,"href":"https:\/\/textillo.com\/fr\/wp-json\/wp\/v2\/product_brand?post=17212"},{"taxonomy":"product_cat","embeddable":true,"href":"https:\/\/textillo.com\/fr\/wp-json\/wp\/v2\/product_cat?post=17212"},{"taxonomy":"product_tag","embeddable":true,"href":"https:\/\/textillo.com\/fr\/wp-json\/wp\/v2\/product_tag?post=17212"}],"curies":[{"name":"wp","href":"https:\/\/api.w.org\/{rel}","templated":true}]}}