{"id":16972,"date":"2020-01-16T14:35:35","date_gmt":"2020-01-16T13:35:35","guid":{"rendered":"https:\/\/www.textillo.com\/produkt\/nappe-rectangulaire-100-polyester\/"},"modified":"2020-01-16T14:35:35","modified_gmt":"2020-01-16T13:35:35","slug":"nappe-rectangulaire-100-polyester","status":"publish","type":"product","link":"https:\/\/textillo.com\/fr\/produkt\/nappe-rectangulaire-100-polyester\/","title":{"rendered":"Nappe rectangulaire &#8211; 100% Polyester"},"content":{"rendered":"<p>La sous-couche pour nappe est un tapis qui r\u00e9pond \u00e0 tous vos besoins pour prot\u00e9ger une table ronde des.. :<\/p>\n<p>temp\u00e9rature trop \u00e9lev\u00e9e des plats<br \/>\nles liquides qui peuvent d\u00e9colorer la surface de la table<br \/>\nDommages m\u00e9caniques<br \/>\nIl prot\u00e8ge la nappe contre le glissement de la table et vos oreilles contre le bruit excessif des plats et des couverts sur la table.<br \/>\nLa sous-couche de la nappe est faite de PVC expans\u00e9 sur une couche de tissu non tiss\u00e9.<\/p>\n<p>Il remplit parfaitement ses fonctions \u00e0 la maison et au restaurant.<\/p>\n","protected":false},"excerpt":{"rendered":"<p>100% Polyester<br \/>\nProt\u00e8ge une table ronde contre les inondations et les dommages m\u00e9caniques<br \/>\nLarge choix de tailles pour s&#8217;adapter \u00e0 votre table<\/p>\n","protected":false},"featured_media":6083,"comment_status":"open","ping_status":"closed","template":"","meta":{"_monsterinsights_skip_tracking":false,"_monsterinsights_sitenote_active":false,"_monsterinsights_sitenote_note":"","_monsterinsights_sitenote_category":0},"product_brand":[],"product_cat":[604,592],"product_tag":[],"class_list":{"0":"post-16972","1":"product","2":"type-product","3":"status-publish","4":"has-post-thumbnail","6":"product_cat-apprets","7":"product_cat-hotel-fr","8":"pa_dlugoscstolu-120-cm-fr","9":"pa_dlugoscstolu-140-cm-fr","10":"pa_dlugoscstolu-160-cm-fr","11":"pa_dlugoscstolu-180-cm-fr","12":"pa_dlugoscstolu-200-cm-fr","13":"pa_dlugoscstolu-210-cm-fr","14":"pa_dlugoscstolu-220-cm-fr","15":"pa_dlugoscstolu-230-cm-fr","16":"pa_dlugoscstolu-240-cm-fr","17":"pa_dlugoscstolu-250-cm-fr","18":"pa_dlugoscstolu-260-cm-fr","19":"pa_dlugoscstolu-280-cm-fr","20":"pa_dlugoscstolu-300-cm-fr","21":"pa_szerokoscstolu-100-cm-fr","22":"pa_szerokoscstolu-110-cm-fr","23":"pa_szerokoscstolu-120-cm-fr","24":"pa_szerokoscstolu-130-cm-fr","25":"pa_szerokoscstolu-140-cm-fr","26":"pa_szerokoscstolu-70-cm-fr","27":"pa_szerokoscstolu-80-cm-fr","28":"pa_szerokoscstolu-90-cm-fr","30":"first","31":"instock","32":"shipping-taxable","33":"purchasable","34":"product-type-variable","35":"has-default-attributes"},"aioseo_notices":[],"_links":{"self":[{"href":"https:\/\/textillo.com\/fr\/wp-json\/wp\/v2\/product\/16972","targetHints":{"allow":["GET"]}}],"collection":[{"href":"https:\/\/textillo.com\/fr\/wp-json\/wp\/v2\/product"}],"about":[{"href":"https:\/\/textillo.com\/fr\/wp-json\/wp\/v2\/types\/product"}],"replies":[{"embeddable":true,"href":"https:\/\/textillo.com\/fr\/wp-json\/wp\/v2\/comments?post=16972"}],"wp:featuredmedia":[{"embeddable":true,"href":"https:\/\/textillo.com\/fr\/wp-json\/wp\/v2\/media\/6083"}],"wp:attachment":[{"href":"https:\/\/textillo.com\/fr\/wp-json\/wp\/v2\/media?parent=16972"}],"wp:term":[{"taxonomy":"product_brand","embeddable":true,"href":"https:\/\/textillo.com\/fr\/wp-json\/wp\/v2\/product_brand?post=16972"},{"taxonomy":"product_cat","embeddable":true,"href":"https:\/\/textillo.com\/fr\/wp-json\/wp\/v2\/product_cat?post=16972"},{"taxonomy":"product_tag","embeddable":true,"href":"https:\/\/textillo.com\/fr\/wp-json\/wp\/v2\/product_tag?post=16972"}],"curies":[{"name":"wp","href":"https:\/\/api.w.org\/{rel}","templated":true}]}}