{"id":16807,"date":"2021-05-18T11:12:45","date_gmt":"2021-05-18T09:12:45","guid":{"rendered":"https:\/\/www.textillo.com\/produkt\/serviettes-de-banquet-en-coton-avec-bordure-pliees-10-pcs\/"},"modified":"2023-04-03T09:29:01","modified_gmt":"2023-04-03T07:29:01","slug":"serviettes-de-banquet-en-coton-avec-bordure-pliees-10-pcs","status":"publish","type":"product","link":"https:\/\/textillo.com\/fr\/produkt\/serviettes-de-banquet-en-coton-avec-bordure-pliees-10-pcs\/","title":{"rendered":"Serviettes de banquet en coton avec bordure &#8211; Pli\u00e9es &#8211; 10 pcs"},"content":{"rendered":"<p>Lot de 10 serviettes de banquet<\/p>\n<p>La d\u00e9coration de table est un \u00e9l\u00e9ment extr\u00eamement important de toute f\u00eate importante. Le style se compose de nombreux \u00e9l\u00e9ments, comme la nappe, la vaisselle, les fleurs, les bougies et aussi les serviettes. Lorsque l&#8217;on pr\u00e9pare la salle pour des \u00e9v\u00e9nements qui c\u00e9l\u00e8brent les moments les plus importants de la vie, il faut le faire de mani\u00e8re tr\u00e8s r\u00e9fl\u00e9chie et avec go\u00fbt. Aucune r\u00e9union ne peut se passer de serviettes de table, et pour un banquet \u00e9l\u00e9gant, les cartes de banquet seront certainement les meilleures. Il s&#8217;agit de serviettes de traiteur, qui sont adapt\u00e9es aux besoins des grandes f\u00eates. Leur principal avantage visuel est la simplicit\u00e9 et l&#8217;\u00e9l\u00e9gance, c&#8217;est pourquoi ils constituent un \u00e9l\u00e9ment id\u00e9al pour les restaurants de luxe. Les cartes de banquet sont agr\u00e9ables au toucher et \u00e0 utiliser, ce qui signifie que m\u00eame les clients les plus difficiles n&#8217;auront pas \u00e0 se plaindre. Vous pouvez les plier de mani\u00e8re classique ou inventer des formes plus impressionnantes selon l&#8217;occasion. Les serviettes de table existent dans de nombreuses couleurs et textures, elles peuvent \u00e9galement \u00eatre fabriqu\u00e9es dans diff\u00e9rents mat\u00e9riaux et leur prix en d\u00e9pend. Tr\u00e8s populaires sont ceux fabriqu\u00e9s \u00e0 partir de mat\u00e9riaux non tachants, gr\u00e2ce auxquels ils peuvent \u00eatre r\u00e9utilis\u00e9s de nombreuses fois et le linge s&#8217;adaptera m\u00eame aux contaminations difficiles. Notre magasin en ligne propose une grande vari\u00e9t\u00e9 de mod\u00e8les, l&#8217;achat peut \u00eatre effectu\u00e9 dans un syst\u00e8me en ligne tr\u00e8s pratique, et les prix sont vraiment comp\u00e9titifs. Tout restaurateur ou organisateur d&#8217;\u00e9v\u00e9nements devrait se rappeler que les serviettes de table ne sont pas du tout un petit d\u00e9tail, mais un \u00e9l\u00e9ment important qui donne \u00e9galement du caract\u00e8re aux lieux. Les banquettes sont essentielles dans tous les int\u00e9rieurs de restaurants, qui doivent \u00eatre caract\u00e9ris\u00e9s par le luxe et l&#8217;\u00e9l\u00e9gance.<\/p>\n","protected":false},"excerpt":{"rendered":"<p>100% coton<br \/>\nPoids : 140 g\/m2.<br \/>\nCouleur : blanc<br \/>\nConception : 2729<\/p>\n","protected":false},"featured_media":0,"comment_status":"open","ping_status":"closed","template":"","meta":{"_monsterinsights_skip_tracking":false,"_monsterinsights_sitenote_active":false,"_monsterinsights_sitenote_note":"","_monsterinsights_sitenote_category":0},"product_brand":[],"product_cat":[592,622],"product_tag":[],"class_list":{"0":"post-16807","1":"product","2":"type-product","3":"status-publish","5":"product_cat-hotel-fr","6":"product_cat-serviettes-de-table","7":"pa_gramatura-140-g-m2-fr","8":"pa_kolor-blanc-fr","9":"pa_rozmiar-52-x-52-cm-fr","10":"pa_rozmiar-90-x-90-cm-fr","11":"pa_skladtkaniny-100-coton","13":"first","14":"outofstock","15":"shipping-taxable","16":"purchasable","17":"product-type-variable","18":"has-default-attributes"},"aioseo_notices":[],"_links":{"self":[{"href":"https:\/\/textillo.com\/fr\/wp-json\/wp\/v2\/product\/16807","targetHints":{"allow":["GET"]}}],"collection":[{"href":"https:\/\/textillo.com\/fr\/wp-json\/wp\/v2\/product"}],"about":[{"href":"https:\/\/textillo.com\/fr\/wp-json\/wp\/v2\/types\/product"}],"replies":[{"embeddable":true,"href":"https:\/\/textillo.com\/fr\/wp-json\/wp\/v2\/comments?post=16807"}],"wp:attachment":[{"href":"https:\/\/textillo.com\/fr\/wp-json\/wp\/v2\/media?parent=16807"}],"wp:term":[{"taxonomy":"product_brand","embeddable":true,"href":"https:\/\/textillo.com\/fr\/wp-json\/wp\/v2\/product_brand?post=16807"},{"taxonomy":"product_cat","embeddable":true,"href":"https:\/\/textillo.com\/fr\/wp-json\/wp\/v2\/product_cat?post=16807"},{"taxonomy":"product_tag","embeddable":true,"href":"https:\/\/textillo.com\/fr\/wp-json\/wp\/v2\/product_tag?post=16807"}],"curies":[{"name":"wp","href":"https:\/\/api.w.org\/{rel}","templated":true}]}}