{"id":16778,"date":"2020-08-26T14:38:56","date_gmt":"2020-08-26T12:38:56","guid":{"rendered":"https:\/\/www.textillo.com\/produkt\/serviettes-de-banquet-coton-polyester-set-couleurs\/"},"modified":"2020-08-26T14:38:56","modified_gmt":"2020-08-26T12:38:56","slug":"serviettes-de-banquet-coton-polyester-set-couleurs","status":"publish","type":"product","link":"https:\/\/textillo.com\/fr\/produkt\/serviettes-de-banquet-coton-polyester-set-couleurs\/","title":{"rendered":"Serviettes de banquet &#8211; Coton-Polyester &#8211; Set &#8211; Couleurs"},"content":{"rendered":"<p>Lot de 6 pcs. serviettes de banquet<\/p>\n<p>Le lot de 6 serviettes de table servira de d\u00e9coration et d&#8217;\u00e9l\u00e9ment pratique pour d\u00e9corer la table. Ravissez vos invit\u00e9s avec une serviette de table joliment pli\u00e9e, qui compl\u00e9tera le d\u00e9cor de la table.<\/p>\n<p>Les serviettes de qualit\u00e9 seront utiles lors des mariages, des banquets, des d\u00eeners \u00e9l\u00e9gants, dans les restaurants, les h\u00f4tels et les soci\u00e9t\u00e9s de restauration.<\/p>\n<p>Le tissu en polyester durable est \u00e9l\u00e9gant, facile \u00e0 entretenir et lavable en machine, il r\u00e9siste en outre aux taches et aux plis.<\/p>\n<p>Choisissez votre couleur et faites un achat !<\/p>\n","protected":false},"excerpt":{"rendered":"<p>50% Polyester, 50% Coton.<br \/>\nPoids : 140 g\/m2<br \/>\nCouleur : couleurs m\u00e9lang\u00e9es<\/p>\n","protected":false},"featured_media":7106,"comment_status":"open","ping_status":"closed","template":"","meta":{"_monsterinsights_skip_tracking":false,"_monsterinsights_sitenote_active":false,"_monsterinsights_sitenote_note":"","_monsterinsights_sitenote_category":0},"product_brand":[],"product_cat":[592,622],"product_tag":[],"class_list":{"0":"post-16778","1":"product","2":"type-product","3":"status-publish","4":"has-post-thumbnail","6":"product_cat-hotel-fr","7":"product_cat-serviettes-de-table","8":"pa_gramatura-140-g-m2-fr","9":"pa_kolor-bleu-fr","10":"pa_kolor-gris-clair","11":"pa_kolor-jaune","12":"pa_kolor-melange-de-couleurs-bleu-et-jaune","13":"pa_kolor-melange-de-couleurs-gris-peche-bleu","14":"pa_kolor-melange-de-couleurs-gris-rose-jaune","15":"pa_kolor-morella-fonce","16":"pa_kolor-pastels-fr","17":"pa_kolor-rouge","18":"pa_kolor-salmon-fr","19":"pa_kolor-violet","21":"first","22":"instock","23":"shipping-taxable","24":"purchasable","25":"product-type-variable","26":"has-default-attributes"},"aioseo_notices":[],"_links":{"self":[{"href":"https:\/\/textillo.com\/fr\/wp-json\/wp\/v2\/product\/16778","targetHints":{"allow":["GET"]}}],"collection":[{"href":"https:\/\/textillo.com\/fr\/wp-json\/wp\/v2\/product"}],"about":[{"href":"https:\/\/textillo.com\/fr\/wp-json\/wp\/v2\/types\/product"}],"replies":[{"embeddable":true,"href":"https:\/\/textillo.com\/fr\/wp-json\/wp\/v2\/comments?post=16778"}],"wp:featuredmedia":[{"embeddable":true,"href":"https:\/\/textillo.com\/fr\/wp-json\/wp\/v2\/media\/7106"}],"wp:attachment":[{"href":"https:\/\/textillo.com\/fr\/wp-json\/wp\/v2\/media?parent=16778"}],"wp:term":[{"taxonomy":"product_brand","embeddable":true,"href":"https:\/\/textillo.com\/fr\/wp-json\/wp\/v2\/product_brand?post=16778"},{"taxonomy":"product_cat","embeddable":true,"href":"https:\/\/textillo.com\/fr\/wp-json\/wp\/v2\/product_cat?post=16778"},{"taxonomy":"product_tag","embeddable":true,"href":"https:\/\/textillo.com\/fr\/wp-json\/wp\/v2\/product_tag?post=16778"}],"curies":[{"name":"wp","href":"https:\/\/api.w.org\/{rel}","templated":true}]}}