{"id":16726,"date":"2020-03-05T11:55:58","date_gmt":"2020-03-05T10:55:58","guid":{"rendered":"https:\/\/www.textillo.com\/produkt\/netcloth-noris-white-2729-lisse\/"},"modified":"2020-03-05T11:55:58","modified_gmt":"2020-03-05T10:55:58","slug":"netcloth-noris-white-2729-lisse","status":"publish","type":"product","link":"https:\/\/textillo.com\/fr\/produkt\/netcloth-noris-white-2729-lisse\/","title":{"rendered":"Netcloth &#8211; Noris White, 2729 &#8211; lisse"},"content":{"rendered":"<p>Le drap de lit Classic est cousu \u00e0 la main dans notre atelier \u00e0 partir de tissus polonais de haute qualit\u00e9 en coton et en polyester qui poss\u00e8dent le certificat Oeko-Tex Standard 100, qui garantit la s\u00e9curit\u00e9 des mat\u00e9riaux et des colorants utilis\u00e9s dans la production.<\/p>\n<p>Les draps sont sans \u00e9lastiques.<\/p>\n<p>Draps de lit recommand\u00e9s pour les h\u00f4tels. Produits de haute qualit\u00e9.<\/p>\n<p>Vous pouvez \u00e9galement acheter le m\u00eame motif que les draps : taies d&#8217;oreiller, nappes, serviettes de table.<\/p>\n<p>Une coop\u00e9ration en gros avec des magasins, des grossistes, des h\u00f4tels ou des pensions de famille est \u00e9galement possible.<\/p>\n","protected":false},"excerpt":{"rendered":"<p>Composition : 100% coton<br \/>\nPoids : 160 g\/m2<br \/>\nPays de production : Pologne<\/p>\n","protected":false},"featured_media":6560,"comment_status":"open","ping_status":"closed","template":"","meta":{"_monsterinsights_skip_tracking":false,"_monsterinsights_sitenote_active":false,"_monsterinsights_sitenote_note":"","_monsterinsights_sitenote_category":0},"product_brand":[],"product_cat":[616,592],"product_tag":[],"class_list":{"0":"post-16726","1":"product","2":"type-product","3":"status-publish","4":"has-post-thumbnail","6":"product_cat-feuilles-fr","7":"product_cat-hotel-fr","8":"pa_desenwzor-lisse","9":"pa_kolor-blanc-fr","10":"pa_material-100-lin-fr","11":"pa_rozmiar-160-x-200-cm-fr","12":"pa_rozmiar-160-x-220-cm-fr","13":"pa_rozmiar-160-x-240-cm-fr","14":"pa_rozmiar-160-x-260-cm-fr","15":"pa_rozmiar-200-x-240-cm-fr","16":"pa_rozmiar-220-x-240-cm-fr","17":"pa_rozmiar-240-x-240-cm-fr","19":"first","20":"instock","21":"shipping-taxable","22":"purchasable","23":"product-type-variable","24":"has-default-attributes"},"aioseo_notices":[],"_links":{"self":[{"href":"https:\/\/textillo.com\/fr\/wp-json\/wp\/v2\/product\/16726","targetHints":{"allow":["GET"]}}],"collection":[{"href":"https:\/\/textillo.com\/fr\/wp-json\/wp\/v2\/product"}],"about":[{"href":"https:\/\/textillo.com\/fr\/wp-json\/wp\/v2\/types\/product"}],"replies":[{"embeddable":true,"href":"https:\/\/textillo.com\/fr\/wp-json\/wp\/v2\/comments?post=16726"}],"wp:featuredmedia":[{"embeddable":true,"href":"https:\/\/textillo.com\/fr\/wp-json\/wp\/v2\/media\/6560"}],"wp:attachment":[{"href":"https:\/\/textillo.com\/fr\/wp-json\/wp\/v2\/media?parent=16726"}],"wp:term":[{"taxonomy":"product_brand","embeddable":true,"href":"https:\/\/textillo.com\/fr\/wp-json\/wp\/v2\/product_brand?post=16726"},{"taxonomy":"product_cat","embeddable":true,"href":"https:\/\/textillo.com\/fr\/wp-json\/wp\/v2\/product_cat?post=16726"},{"taxonomy":"product_tag","embeddable":true,"href":"https:\/\/textillo.com\/fr\/wp-json\/wp\/v2\/product_tag?post=16726"}],"curies":[{"name":"wp","href":"https:\/\/api.w.org\/{rel}","templated":true}]}}