{"id":16692,"date":"2020-03-05T11:02:38","date_gmt":"2020-03-05T10:02:38","guid":{"rendered":"https:\/\/www.textillo.com\/produkt\/tapis-de-sol-650g-m2-dream-line\/"},"modified":"2022-07-27T10:02:38","modified_gmt":"2022-07-27T08:02:38","slug":"tapis-de-sol-650g-m2-dream-line","status":"publish","type":"product","link":"https:\/\/textillo.com\/fr\/produkt\/tapis-de-sol-650g-m2-dream-line\/","title":{"rendered":"Tapis de sol 650g\/m2 &#8211; Dream Line"},"content":{"rendered":"<p>Le tapis \u00e0 s\u00e9chage rapide a \u00e9t\u00e9 enti\u00e8rement fabriqu\u00e9 en coton de la plus haute qualit\u00e9 (100% coton, 650 g\/m2 \u00e0 armure \u00e9paisse). Destin\u00e9 \u00e0 un usage quotidien pour les personnes qui appr\u00e9cient la tr\u00e8s bonne qualit\u00e9 et les propri\u00e9t\u00e9s fonctionnelles.<\/p>\n<p>Le tapis est \u00e9pais, il absorbe donc parfaitement l&#8217;eau et s\u00e8che tr\u00e8s rapidement, n&#8217;accumule pas en lui les odeurs d\u00e9sagr\u00e9ables, convient pour une utilisation dans le sauna.<\/p>\n<p>Nos serviettes de bain, en plus de leur fonctionnalit\u00e9, sont \u00e9galement un \u00e9l\u00e9ment d\u00e9coratif important dans notre salle de bain.<\/p>\n<p>Instructions d&#8217;entretien :<\/p>\n<p>Lavage jusqu&#8217;\u00e0 60 degr\u00e9s C<br \/>\nFer \u00e0 repasser \u00e0 110 degr\u00e9s C<br \/>\nNe pas nettoyer \u00e0 sec<br \/>\nNe pas blanchir<br \/>\nPeut \u00eatre s\u00e9ch\u00e9 au s\u00e8che-linge \u00e0 vitesse r\u00e9duite<\/p>\n","protected":false},"excerpt":{"rendered":"<p>100% coton, tissage \u00e9pais de 650 g\/m2<br \/>\nTaille 50 x 70 cm<br \/>\nS\u00e9chage rapide et doux au toucher<br \/>\nCertifi\u00e9 OEKO-TEX\u00ae.<\/p>\n","protected":false},"featured_media":6557,"comment_status":"open","ping_status":"closed","template":"","meta":{"_monsterinsights_skip_tracking":false,"_monsterinsights_sitenote_active":false,"_monsterinsights_sitenote_note":"","_monsterinsights_sitenote_category":0},"product_brand":[],"product_cat":[619],"product_tag":[],"class_list":{"0":"post-16692","1":"product","2":"type-product","3":"status-publish","4":"has-post-thumbnail","6":"product_cat-serviettes-de-bain","7":"pa_gramatura-550-g-m2-fr","8":"pa_kolor-blanc-fr","9":"pa_kolor-gris-fonce-fr","10":"pa_material-100-lin-fr","12":"first","13":"instock","14":"shipping-taxable","15":"purchasable","16":"product-type-simple"},"aioseo_notices":[],"_links":{"self":[{"href":"https:\/\/textillo.com\/fr\/wp-json\/wp\/v2\/product\/16692","targetHints":{"allow":["GET"]}}],"collection":[{"href":"https:\/\/textillo.com\/fr\/wp-json\/wp\/v2\/product"}],"about":[{"href":"https:\/\/textillo.com\/fr\/wp-json\/wp\/v2\/types\/product"}],"replies":[{"embeddable":true,"href":"https:\/\/textillo.com\/fr\/wp-json\/wp\/v2\/comments?post=16692"}],"wp:featuredmedia":[{"embeddable":true,"href":"https:\/\/textillo.com\/fr\/wp-json\/wp\/v2\/media\/6557"}],"wp:attachment":[{"href":"https:\/\/textillo.com\/fr\/wp-json\/wp\/v2\/media?parent=16692"}],"wp:term":[{"taxonomy":"product_brand","embeddable":true,"href":"https:\/\/textillo.com\/fr\/wp-json\/wp\/v2\/product_brand?post=16692"},{"taxonomy":"product_cat","embeddable":true,"href":"https:\/\/textillo.com\/fr\/wp-json\/wp\/v2\/product_cat?post=16692"},{"taxonomy":"product_tag","embeddable":true,"href":"https:\/\/textillo.com\/fr\/wp-json\/wp\/v2\/product_tag?post=16692"}],"curies":[{"name":"wp","href":"https:\/\/api.w.org\/{rel}","templated":true}]}}