{"id":16679,"date":"2020-02-24T09:09:52","date_gmt":"2020-02-24T08:09:52","guid":{"rendered":"https:\/\/www.textillo.com\/produkt\/peignoir-dhotel-en-coton-blanc-dream-line\/"},"modified":"2020-02-24T09:09:52","modified_gmt":"2020-02-24T08:09:52","slug":"peignoir-dhotel-en-coton-blanc-dream-line","status":"publish","type":"product","link":"https:\/\/textillo.com\/fr\/produkt\/peignoir-dhotel-en-coton-blanc-dream-line\/","title":{"rendered":"Peignoir d&#8217;h\u00f4tel en coton blanc Dream Line"},"content":{"rendered":"<p>Le peignoir d&#8217;h\u00f4tel blanc est fabriqu\u00e9 dans un mat\u00e9riau de haute qualit\u00e9, compos\u00e9 \u00e0 100% de coton. Sa structure ressemble \u00e0 celle d&#8217;une serviette classique : elle est douce, absorbe parfaitement l&#8217;exc\u00e8s d&#8217;eau et, surtout, sa composition naturelle permet \u00e0 la peau de respirer librement.<br \/>\nLe peignoir unisexe, c&#8217;est-\u00e0-dire pour les hommes et les femmes \u00e0 la fois, se caract\u00e9rise par une coupe simple, fa\u00e7onn\u00e9e par une ceinture \u00e0 la taille. Sur les c\u00f4t\u00e9s droit et gauche, il y a des poches permettant d&#8217;y mettre de petites choses. Il est termin\u00e9 par un col simple, sans capuche. La longueur optimale de la robe de chambre est &#8220;derri\u00e8re le genou&#8221;, mais elle d\u00e9pend de la taille de la personne qui la porte.<br \/>\nCe mod\u00e8le est principalement destin\u00e9 aux \u00e9tablissements dot\u00e9s de zones de spa et de bien-\u00eatre, mais il peut \u00e9galement \u00eatre utilis\u00e9 par des clients individuels.<br \/>\nLe peignoir r\u00e9pond \u00e0 toutes les exigences li\u00e9es \u00e0 un usage intensif. Il peut \u00eatre lav\u00e9 \u00e0 90\u00b0C, s\u00e9ch\u00e9 au s\u00e8che-linge, repass\u00e9 \u00e0 150\u00b0C et ne peut \u00eatre blanchi ou chlor\u00e9. Il est de tr\u00e8s bonne qualit\u00e9, ce que vos clients remarqueront et appr\u00e9cieront sans aucun doute.<\/p>\n","protected":false},"excerpt":{"rendered":"<p>Composition : 100% coton<br \/>\nPays de production : Pologne<br \/>\nPoids : 450g\/m2<\/p>\n","protected":false},"featured_media":18587,"comment_status":"open","ping_status":"closed","template":"","meta":{"_monsterinsights_skip_tracking":false,"_monsterinsights_sitenote_active":false,"_monsterinsights_sitenote_note":"","_monsterinsights_sitenote_category":0},"product_brand":[],"product_cat":[628],"product_tag":[552,754],"class_list":{"0":"post-16679","1":"product","2":"type-product","3":"status-publish","4":"has-post-thumbnail","6":"product_cat-peignoirs-et-chaussons","7":"product_tag-coton","8":"product_tag-frotte-fr","9":"pa_kolor-blanc-fr","10":"pa_material-100-lin-fr","11":"pa_rozmiar-xxl-fr","13":"first","14":"instock","15":"shipping-taxable","16":"purchasable","17":"product-type-variable"},"aioseo_notices":[],"_links":{"self":[{"href":"https:\/\/textillo.com\/fr\/wp-json\/wp\/v2\/product\/16679","targetHints":{"allow":["GET"]}}],"collection":[{"href":"https:\/\/textillo.com\/fr\/wp-json\/wp\/v2\/product"}],"about":[{"href":"https:\/\/textillo.com\/fr\/wp-json\/wp\/v2\/types\/product"}],"replies":[{"embeddable":true,"href":"https:\/\/textillo.com\/fr\/wp-json\/wp\/v2\/comments?post=16679"}],"wp:featuredmedia":[{"embeddable":true,"href":"https:\/\/textillo.com\/fr\/wp-json\/wp\/v2\/media\/18587"}],"wp:attachment":[{"href":"https:\/\/textillo.com\/fr\/wp-json\/wp\/v2\/media?parent=16679"}],"wp:term":[{"taxonomy":"product_brand","embeddable":true,"href":"https:\/\/textillo.com\/fr\/wp-json\/wp\/v2\/product_brand?post=16679"},{"taxonomy":"product_cat","embeddable":true,"href":"https:\/\/textillo.com\/fr\/wp-json\/wp\/v2\/product_cat?post=16679"},{"taxonomy":"product_tag","embeddable":true,"href":"https:\/\/textillo.com\/fr\/wp-json\/wp\/v2\/product_tag?post=16679"}],"curies":[{"name":"wp","href":"https:\/\/api.w.org\/{rel}","templated":true}]}}