{"id":16658,"date":"2020-02-18T09:59:26","date_gmt":"2020-02-18T08:59:26","guid":{"rendered":"https:\/\/www.textillo.com\/produkt\/echarpe-pour-dames-longue-80-cm\/"},"modified":"2020-02-18T09:59:26","modified_gmt":"2020-02-18T08:59:26","slug":"echarpe-pour-dames-longue-80-cm","status":"publish","type":"product","link":"https:\/\/textillo.com\/fr\/produkt\/echarpe-pour-dames-longue-80-cm\/","title":{"rendered":"\u00c9charpe pour dames &#8211; longue &#8211; 80 cm"},"content":{"rendered":"<p>\u00c9charpe pour dames &#8211; longue avec une poche. Id\u00e9al pour les femmes qui ne limitent pas les mouvements pendant l&#8217;ex\u00e9cution des t\u00e2ches. Fabriqu\u00e9 en 100% polyester. Gr\u00e2ce \u00e0 lui, les serveuses auront une allure professionnelle et auront toujours une poche pour un carnet de notes \u00e0 port\u00e9e de main.<\/p>\n<p>Wrap :<\/p>\n<p>longueur 80 cm<br \/>\nune poche sur le devant<br \/>\ndeux couleurs au choix<br \/>\nRecommandations pour le lavage et le repassage du linge de lit :<\/p>\n<p>Ne pas utiliser de produits de blanchiment<br \/>\nNous ne recommandons pas le s\u00e9chage en machine.<br \/>\nTemp\u00e9rature de repassage jusqu&#8217;\u00e0 : 200\u00b0C<br \/>\nTemp\u00e9rature de lavage : jusqu&#8217;\u00e0 40\u00b0C<br \/>\nNous ne recommandons pas le nettoyage \u00e0 sec<\/p>\n","protected":false},"excerpt":{"rendered":"<p>Composition : 100% PES<br \/>\nPoids : 150+\/- g\/m2<br \/>\nPays de production : Pologne<\/p>\n","protected":false},"featured_media":6350,"comment_status":"open","ping_status":"closed","template":"","meta":{"_monsterinsights_skip_tracking":false,"_monsterinsights_sitenote_active":false,"_monsterinsights_sitenote_note":"","_monsterinsights_sitenote_category":0},"product_brand":[],"product_cat":[601],"product_tag":[],"class_list":{"0":"post-16658","1":"product","2":"type-product","3":"status-publish","4":"has-post-thumbnail","6":"product_cat-vetements-de-restauration","7":"pa_gramatura-150-g-m2-fr","8":"pa_kolor-graphite-fr","9":"pa_kolor-noir","10":"pa_skladtkaniny-100-polyester-fr","12":"first","13":"instock","14":"shipping-taxable","15":"purchasable","16":"product-type-variable","17":"has-default-attributes"},"aioseo_notices":[],"_links":{"self":[{"href":"https:\/\/textillo.com\/fr\/wp-json\/wp\/v2\/product\/16658","targetHints":{"allow":["GET"]}}],"collection":[{"href":"https:\/\/textillo.com\/fr\/wp-json\/wp\/v2\/product"}],"about":[{"href":"https:\/\/textillo.com\/fr\/wp-json\/wp\/v2\/types\/product"}],"replies":[{"embeddable":true,"href":"https:\/\/textillo.com\/fr\/wp-json\/wp\/v2\/comments?post=16658"}],"wp:featuredmedia":[{"embeddable":true,"href":"https:\/\/textillo.com\/fr\/wp-json\/wp\/v2\/media\/6350"}],"wp:attachment":[{"href":"https:\/\/textillo.com\/fr\/wp-json\/wp\/v2\/media?parent=16658"}],"wp:term":[{"taxonomy":"product_brand","embeddable":true,"href":"https:\/\/textillo.com\/fr\/wp-json\/wp\/v2\/product_brand?post=16658"},{"taxonomy":"product_cat","embeddable":true,"href":"https:\/\/textillo.com\/fr\/wp-json\/wp\/v2\/product_cat?post=16658"},{"taxonomy":"product_tag","embeddable":true,"href":"https:\/\/textillo.com\/fr\/wp-json\/wp\/v2\/product_tag?post=16658"}],"curies":[{"name":"wp","href":"https:\/\/api.w.org\/{rel}","templated":true}]}}