{"id":16641,"date":"2020-02-18T13:26:53","date_gmt":"2020-02-18T12:26:53","guid":{"rendered":"https:\/\/www.textillo.com\/produkt\/pantalons-de-cuisinier\/"},"modified":"2020-02-18T13:26:53","modified_gmt":"2020-02-18T12:26:53","slug":"pantalons-de-cuisinier","status":"publish","type":"product","link":"https:\/\/textillo.com\/fr\/produkt\/pantalons-de-cuisinier\/","title":{"rendered":"Pantalons de cuisinier"},"content":{"rendered":"<p>Pour un chef professionnel, le bon pantalon est un aspect essentiel de son travail. Ils doivent garantir le confort et la s\u00e9curit\u00e9, sans restreindre les mouvements. Un mat\u00e9riau bien con\u00e7u conserve la taille du pantalon m\u00eame apr\u00e8s de nombreux lavages. Gr\u00e2ce \u00e0 l&#8217;\u00e9lastique cousu \u00e0 la taille, ils s&#8217;adaptent parfaitement \u00e0 toutes les silhouettes. Les jambes droites termin\u00e9es par un ourlet ne limitent pas les mouvements et assurent le confort. Les poches cousues peuvent \u00eatre utilis\u00e9es pour ranger des objets utiles. Les coutures solides et les mat\u00e9riaux de haute qualit\u00e9 avec lesquels le pantalon est fabriqu\u00e9 garantissent une longue p\u00e9riode de port sans frottement ni d\u00e9chirure ind\u00e9sirable. Disponible en plusieurs couleurs et tailles.<\/p>\n<p>Recommandations pour le lavage et le repassage du linge de lit :<\/p>\n<p>Ne pas utiliser de produits de blanchiment<br \/>\nNous ne recommandons pas le s\u00e9chage en machine.<br \/>\nTemp\u00e9rature de repassage jusqu&#8217;\u00e0 : 200\u00b0C<br \/>\nTemp\u00e9rature de lavage : jusqu&#8217;\u00e0 40\u00b0C<br \/>\nNous ne recommandons pas le nettoyage \u00e0 sec<\/p>\n","protected":false},"excerpt":{"rendered":"<p>Composition : 48% PES, 52% CO<br \/>\nPoids : 150+\/- g\/m2<br \/>\nPays de production : Pologne<br \/>\nConception : 2729 opt blanc<\/p>\n","protected":false},"featured_media":6365,"comment_status":"open","ping_status":"closed","template":"","meta":{"_monsterinsights_skip_tracking":false,"_monsterinsights_sitenote_active":false,"_monsterinsights_sitenote_note":"","_monsterinsights_sitenote_category":0},"product_brand":[],"product_cat":[601],"product_tag":[],"class_list":{"0":"post-16641","1":"product","2":"type-product","3":"status-publish","4":"has-post-thumbnail","6":"product_cat-vetements-de-restauration","7":"pa_gramatura-150-g-m2-fr","8":"pa_kolor-blanc","9":"pa_material-100-lin-fr","10":"pa_rozmiar-l-fr","11":"pa_rozmiar-m-fr","12":"pa_rozmiar-s-fr","13":"pa_rozmiar-xl-fr","14":"pa_rozmiar-xxl-fr","15":"pa_rozmiar-xxxl-fr","17":"first","18":"instock","19":"shipping-taxable","20":"purchasable","21":"product-type-variable","22":"has-default-attributes"},"aioseo_notices":[],"_links":{"self":[{"href":"https:\/\/textillo.com\/fr\/wp-json\/wp\/v2\/product\/16641","targetHints":{"allow":["GET"]}}],"collection":[{"href":"https:\/\/textillo.com\/fr\/wp-json\/wp\/v2\/product"}],"about":[{"href":"https:\/\/textillo.com\/fr\/wp-json\/wp\/v2\/types\/product"}],"replies":[{"embeddable":true,"href":"https:\/\/textillo.com\/fr\/wp-json\/wp\/v2\/comments?post=16641"}],"wp:featuredmedia":[{"embeddable":true,"href":"https:\/\/textillo.com\/fr\/wp-json\/wp\/v2\/media\/6365"}],"wp:attachment":[{"href":"https:\/\/textillo.com\/fr\/wp-json\/wp\/v2\/media?parent=16641"}],"wp:term":[{"taxonomy":"product_brand","embeddable":true,"href":"https:\/\/textillo.com\/fr\/wp-json\/wp\/v2\/product_brand?post=16641"},{"taxonomy":"product_cat","embeddable":true,"href":"https:\/\/textillo.com\/fr\/wp-json\/wp\/v2\/product_cat?post=16641"},{"taxonomy":"product_tag","embeddable":true,"href":"https:\/\/textillo.com\/fr\/wp-json\/wp\/v2\/product_tag?post=16641"}],"curies":[{"name":"wp","href":"https:\/\/api.w.org\/{rel}","templated":true}]}}