{"id":16628,"date":"2020-01-20T11:15:55","date_gmt":"2020-01-20T10:15:55","guid":{"rendered":"https:\/\/www.textillo.com\/produkt\/jupe-de-serveur-jupe-dhotel\/"},"modified":"2020-01-20T11:15:55","modified_gmt":"2020-01-20T10:15:55","slug":"jupe-de-serveur-jupe-dhotel","status":"publish","type":"product","link":"https:\/\/textillo.com\/fr\/produkt\/jupe-de-serveur-jupe-dhotel\/","title":{"rendered":"Jupe de serveur \/ jupe d&#8217;h\u00f4tel"},"content":{"rendered":"<p>Jupe classique de coupe droite pour serveur\/h\u00f4telier. Il a une longueur au genou et se ferme par un bouton et une fermeture \u00e9clair. Coupe tr\u00e8s bien ajust\u00e9e soulignant la silhouette, \u00e9lastique \u00e0 la taille. La jupe a deux poches.<\/p>\n<p>Soins :<\/p>\n<p>Peut \u00eatre lav\u00e9 en machine jusqu&#8217;\u00e0 30 degr\u00e9s Celsius et repass\u00e9 \u00e0 150 degr\u00e9s Celsius maximum.<br \/>\nPeut \u00eatre nettoy\u00e9 \u00e0 sec par un professionnel. Ne pas blanchir.<\/p>\n","protected":false},"excerpt":{"rendered":"<p>Classique bien ajust\u00e9, deux tailles S et M<br \/>\ncouleur : noir<br \/>\n100% Polyester 170 g\/m2, doublure 100% Polyester 60 g\/m2<br \/>\nProduit polonais, certificat OEKO-TEX\u00ae.<\/p>\n","protected":false},"featured_media":6101,"comment_status":"open","ping_status":"closed","template":"","meta":{"_monsterinsights_skip_tracking":false,"_monsterinsights_sitenote_active":false,"_monsterinsights_sitenote_note":"","_monsterinsights_sitenote_category":0},"product_brand":[],"product_cat":[592,601],"product_tag":[],"class_list":{"0":"post-16628","1":"product","2":"type-product","3":"status-publish","4":"has-post-thumbnail","6":"product_cat-hotel-fr","7":"product_cat-vetements-de-restauration","8":"pa_kolor-noir-fr","9":"pa_rozmiar-m-fr","10":"pa_rozmiar-s-fr","11":"pa_skladtkaniny-100-polyester-fr","13":"first","14":"instock","15":"shipping-taxable","16":"purchasable","17":"product-type-variable","18":"has-default-attributes"},"aioseo_notices":[],"_links":{"self":[{"href":"https:\/\/textillo.com\/fr\/wp-json\/wp\/v2\/product\/16628","targetHints":{"allow":["GET"]}}],"collection":[{"href":"https:\/\/textillo.com\/fr\/wp-json\/wp\/v2\/product"}],"about":[{"href":"https:\/\/textillo.com\/fr\/wp-json\/wp\/v2\/types\/product"}],"replies":[{"embeddable":true,"href":"https:\/\/textillo.com\/fr\/wp-json\/wp\/v2\/comments?post=16628"}],"wp:featuredmedia":[{"embeddable":true,"href":"https:\/\/textillo.com\/fr\/wp-json\/wp\/v2\/media\/6101"}],"wp:attachment":[{"href":"https:\/\/textillo.com\/fr\/wp-json\/wp\/v2\/media?parent=16628"}],"wp:term":[{"taxonomy":"product_brand","embeddable":true,"href":"https:\/\/textillo.com\/fr\/wp-json\/wp\/v2\/product_brand?post=16628"},{"taxonomy":"product_cat","embeddable":true,"href":"https:\/\/textillo.com\/fr\/wp-json\/wp\/v2\/product_cat?post=16628"},{"taxonomy":"product_tag","embeddable":true,"href":"https:\/\/textillo.com\/fr\/wp-json\/wp\/v2\/product_tag?post=16628"}],"curies":[{"name":"wp","href":"https:\/\/api.w.org\/{rel}","templated":true}]}}