{"id":16611,"date":"2020-02-11T13:07:18","date_gmt":"2020-02-11T12:07:18","guid":{"rendered":"https:\/\/www.textillo.com\/produkt\/gilet-de-serveur-femmes-hommes\/"},"modified":"2020-02-11T13:07:18","modified_gmt":"2020-02-11T12:07:18","slug":"gilet-de-serveur-femmes-hommes","status":"publish","type":"product","link":"https:\/\/textillo.com\/fr\/produkt\/gilet-de-serveur-femmes-hommes\/","title":{"rendered":"Gilet de serveur &#8211; femmes \/ hommes"},"content":{"rendered":"<p>Ce gilet \u00e9l\u00e9gant convient aux employ\u00e9s d&#8217;h\u00f4tels ou d&#8217;autres \u00e9tablissements de services.<\/p>\n<p>Sur le devant, il a des petites poches plaqu\u00e9es qui le font ressembler \u00e0 un gilet de costume.<\/p>\n<p>Boutonn\u00e9 sur le devant.<\/p>\n<p>L&#8217;encolure en V assez profonde laisse appara\u00eetre la chemise port\u00e9e en dessous. Fabriqu\u00e9 dans un tissu agr\u00e9able au toucher.<\/p>\n<p>Les tailles peuvent varier de -+2 cm. <\/p>\n<p>TAILLES SUP\u00c9RIEURES SUR DEMANDE.<\/p>\n<p>Traduit avec www.DeepL.com\/Translator (version gratuite)<\/p>\n","protected":false},"excerpt":{"rendered":"<p>Couleur : Noir<br \/>\nMod\u00e8le : Dames \/ Hommes<br \/>\nTaille : S &#8211; 3XL<\/p>\n","protected":false},"featured_media":6287,"comment_status":"open","ping_status":"closed","template":"","meta":{"_monsterinsights_skip_tracking":false,"_monsterinsights_sitenote_active":false,"_monsterinsights_sitenote_note":"","_monsterinsights_sitenote_category":0},"product_brand":[],"product_cat":[592,601],"product_tag":[2010],"class_list":{"0":"post-16611","1":"product","2":"type-product","3":"status-publish","4":"has-post-thumbnail","6":"product_cat-hotel-fr","7":"product_cat-vetements-de-restauration","8":"product_tag-hotel-fr","9":"pa_gramatura-150-g-m2-fr","10":"pa_kolor-noir-fr","11":"pa_rozmiar-l-fr","12":"pa_rozmiar-m-fr","13":"pa_rozmiar-s-fr","14":"pa_rozmiar-xl-fr","15":"pa_rozmiar-xxl-fr","16":"pa_rozmiar-xxxl-fr","17":"pa_skladtkaniny-100-polyester-fr","19":"first","20":"instock","21":"shipping-taxable","22":"purchasable","23":"product-type-variable","24":"has-default-attributes"},"aioseo_notices":[],"_links":{"self":[{"href":"https:\/\/textillo.com\/fr\/wp-json\/wp\/v2\/product\/16611","targetHints":{"allow":["GET"]}}],"collection":[{"href":"https:\/\/textillo.com\/fr\/wp-json\/wp\/v2\/product"}],"about":[{"href":"https:\/\/textillo.com\/fr\/wp-json\/wp\/v2\/types\/product"}],"replies":[{"embeddable":true,"href":"https:\/\/textillo.com\/fr\/wp-json\/wp\/v2\/comments?post=16611"}],"wp:featuredmedia":[{"embeddable":true,"href":"https:\/\/textillo.com\/fr\/wp-json\/wp\/v2\/media\/6287"}],"wp:attachment":[{"href":"https:\/\/textillo.com\/fr\/wp-json\/wp\/v2\/media?parent=16611"}],"wp:term":[{"taxonomy":"product_brand","embeddable":true,"href":"https:\/\/textillo.com\/fr\/wp-json\/wp\/v2\/product_brand?post=16611"},{"taxonomy":"product_cat","embeddable":true,"href":"https:\/\/textillo.com\/fr\/wp-json\/wp\/v2\/product_cat?post=16611"},{"taxonomy":"product_tag","embeddable":true,"href":"https:\/\/textillo.com\/fr\/wp-json\/wp\/v2\/product_tag?post=16611"}],"curies":[{"name":"wp","href":"https:\/\/api.w.org\/{rel}","templated":true}]}}