{"id":16276,"date":"2020-02-18T08:29:59","date_gmt":"2020-02-18T07:29:59","guid":{"rendered":"https:\/\/www.textillo.com\/produkt\/sweat-shirt-cook-blanc-kitel\/"},"modified":"2020-02-18T08:29:59","modified_gmt":"2020-02-18T07:29:59","slug":"sweat-shirt-cook-blanc-kitel","status":"publish","type":"product","link":"https:\/\/textillo.com\/fr\/produkt\/sweat-shirt-cook-blanc-kitel\/","title":{"rendered":"Sweat-shirt Cook &#8211; Blanc &#8211; Kitel"},"content":{"rendered":"<p>V\u00eatement de protection l\u00e9ger dont la coupe est similaire \u00e0 celle d&#8217;un manteau. Mis pour la protection des v\u00eatements au travail (gastronomie). Le manteau a des manches longues et une fermeture frontale avec des ressorts. Compos\u00e9 de polyester (48%) et de coton (52%). Longueur sous la taille.<\/p>\n<p>Le sweatshirt r\u00e9pond \u00e0 tous les param\u00e8tres des tissus modernes destin\u00e9s \u00e0 la production de v\u00eatements de restauration. Depuis de nombreuses ann\u00e9es, le kitel est appr\u00e9ci\u00e9 des chefs cuisiniers en raison de son confort d&#8217;utilisation. Gr\u00e2ce \u00e0 une teinture sp\u00e9ciale, le tissu conserve sa couleur malgr\u00e9 de nombreux lavages.<\/p>\n<p>Le kit contient :<\/p>\n<p>manche longue<br \/>\nune poche<br \/>\nRecommandations pour le lavage et le repassage :<\/p>\n<p>Ne pas utiliser de produits de blanchiment<br \/>\nNous ne recommandons pas le s\u00e9chage en machine.<br \/>\nTemp\u00e9rature de repassage jusqu&#8217;\u00e0 : 200\u00b0C<br \/>\nTemp\u00e9rature de lavage : jusqu&#8217;\u00e0 40\u00b0C<br \/>\nNous ne recommandons pas le nettoyage \u00e0 sec.<\/p>\n","protected":false},"excerpt":{"rendered":"<p>Composition : 48% PES, 52% CO<br \/>\nPoids : 150+\/- g\/m2<br \/>\nPays de production : Pologne<br \/>\nConception : 2729 opt blanc<\/p>\n","protected":false},"featured_media":16263,"comment_status":"open","ping_status":"closed","template":"","meta":{"_monsterinsights_skip_tracking":false,"_monsterinsights_sitenote_active":false,"_monsterinsights_sitenote_note":"","_monsterinsights_sitenote_category":0},"product_brand":[],"product_cat":[601],"product_tag":[],"class_list":{"0":"post-16276","1":"product","2":"type-product","3":"status-publish","4":"has-post-thumbnail","6":"product_cat-vetements-de-restauration","7":"pa_desenwzor-lisse","8":"pa_gramatura-150-g-m2-fr","9":"pa_material-100-lin-fr","10":"pa_material-microfibre","11":"pa_rozmiar-l-fr","12":"pa_rozmiar-m-fr","13":"pa_rozmiar-s-fr","14":"pa_rozmiar-xl-fr","15":"pa_rozmiar-xxl-fr","16":"pa_rozmiar-xxxl-fr","18":"first","19":"instock","20":"shipping-taxable","21":"purchasable","22":"product-type-variable","23":"has-default-attributes"},"aioseo_notices":[],"_links":{"self":[{"href":"https:\/\/textillo.com\/fr\/wp-json\/wp\/v2\/product\/16276","targetHints":{"allow":["GET"]}}],"collection":[{"href":"https:\/\/textillo.com\/fr\/wp-json\/wp\/v2\/product"}],"about":[{"href":"https:\/\/textillo.com\/fr\/wp-json\/wp\/v2\/types\/product"}],"replies":[{"embeddable":true,"href":"https:\/\/textillo.com\/fr\/wp-json\/wp\/v2\/comments?post=16276"}],"wp:featuredmedia":[{"embeddable":true,"href":"https:\/\/textillo.com\/fr\/wp-json\/wp\/v2\/media\/16263"}],"wp:attachment":[{"href":"https:\/\/textillo.com\/fr\/wp-json\/wp\/v2\/media?parent=16276"}],"wp:term":[{"taxonomy":"product_brand","embeddable":true,"href":"https:\/\/textillo.com\/fr\/wp-json\/wp\/v2\/product_brand?post=16276"},{"taxonomy":"product_cat","embeddable":true,"href":"https:\/\/textillo.com\/fr\/wp-json\/wp\/v2\/product_cat?post=16276"},{"taxonomy":"product_tag","embeddable":true,"href":"https:\/\/textillo.com\/fr\/wp-json\/wp\/v2\/product_tag?post=16276"}],"curies":[{"name":"wp","href":"https:\/\/api.w.org\/{rel}","templated":true}]}}