{"id":15986,"date":"2020-09-23T07:44:56","date_gmt":"2020-09-23T05:44:56","guid":{"rendered":"https:\/\/www.textillo.com\/produkt\/linge-de-lit-en-satin-de-coton-modele-18-590-1-andropol\/"},"modified":"2020-09-23T07:44:56","modified_gmt":"2020-09-23T05:44:56","slug":"linge-de-lit-en-satin-de-coton-modele-18-590-1-andropol","status":"publish","type":"product","link":"https:\/\/textillo.com\/fr\/produkt\/linge-de-lit-en-satin-de-coton-modele-18-590-1-andropol\/","title":{"rendered":"Linge de lit en satin de coton &#8211; mod\u00e8le 18 590\/1 &#8211; Andropol"},"content":{"rendered":"<p>La literie en satin d&#8217;Andropol est un produit polonais de la plus haute qualit\u00e9, reconnu sur notre march\u00e9 domestique depuis des ann\u00e9es. La durabilit\u00e9 et la pr\u00e9cision de la finition rendent ce produit unique. L&#8217;utilisation des meilleurs mat\u00e9riaux fait que dormir sous une telle literie est un v\u00e9ritable confort pour le corps. Le satin de coton est doux et agr\u00e9able au toucher.<\/p>\n<p>La mati\u00e8re \u00e9l\u00e9gante compos\u00e9e de 100% de coton ne glisse pas et ne provoque pas d&#8217;inconfort pendant le sommeil. Le tissu ne perd pas sa couleur, ne se d\u00e9colore pas et ne se d\u00e9forme pas, m\u00eame apr\u00e8s de nombreux lavages. L&#8217;ensemble aux motifs modernes et traditionnels conviendra comme cadeau pour les jeunes et les moins jeunes.<\/p>\n<p>Emball\u00e9 dans un sac \u00e9l\u00e9gant avec un cintre, ce sera un excellent cadeau de mariage, d&#8217;anniversaire ou de f\u00eate.<\/p>\n<p>Mat\u00e9riau : 100% coton avec un tissage satin.<\/p>\n<p>Poids : 125 g\/m2 &#8211; poids optimal pour la literie, le mat\u00e9riau est suffisamment \u00e9pais pour garantir la solidit\u00e9, tout en conservant l\u00e9g\u00e8ret\u00e9 et d\u00e9licatesse. Le mat\u00e9riau en coton permet une bonne circulation de l&#8217;air. En \u00e9t\u00e9, la literie se refroidit, et en hiver, elle se r\u00e9chauffe.<\/p>\n<p>Couleurs pr\u00e9dominantes : multicolores<\/p>\n<p>L&#8217;ensemble de literie comprend :<\/p>\n<p>taie d&#8217;oreiller aux dimensions s\u00e9lectionn\u00e9es<br \/>\n2 x taie d&#8217;oreiller 70 x 80 cm<br \/>\nfermeture \u00e9clair avec syst\u00e8me Easy-Slide, garantissant la durabilit\u00e9 pendant de nombreuses ann\u00e9es d&#8217;utilisation et de lavages fr\u00e9quents<br \/>\nRecommandations pour le lavage et le repassage du linge de lit :<\/p>\n<p>Ne pas utiliser de produits de blanchiment<br \/>\nNous ne recommandons pas le s\u00e9chage en machine.<br \/>\nTemp\u00e9rature de repassage jusqu&#8217;\u00e0 : 200\u00b0C<br \/>\nTemp\u00e9rature de lavage : jusqu&#8217;\u00e0 40\u00b0C<br \/>\nNous ne recommandons pas le nettoyage \u00e0 sec<\/p>\n","protected":false},"excerpt":{"rendered":"<p>Composition : 100% coton avec un tissage satin.<br \/>\nPoids : 125g\/m2<br \/>\nPays de production : Pologne<br \/>\nSet en taille 140&#215;200 &#8211; contient 1 taie d&#8217;oreiller 70&#215;80 cm et 1 taie d&#8217;oreiller 140&#215;200 cm<\/p>\n","protected":false},"featured_media":8780,"comment_status":"open","ping_status":"closed","template":"","meta":{"_monsterinsights_skip_tracking":false,"_monsterinsights_sitenote_active":false,"_monsterinsights_sitenote_note":"","_monsterinsights_sitenote_category":0},"product_brand":[],"product_cat":[697,712],"product_tag":[],"class_list":{"0":"post-15986","1":"product","2":"type-product","3":"status-publish","4":"has-post-thumbnail","6":"product_cat-literie-fr","7":"product_cat-satin-fr","8":"pa_gramatura-125-g-m2-fr","9":"pa_material-100-lin-fr","10":"pa_rozmiar-140-x-200-cm-fr","11":"pa_rozmiar-160-x-200-cm-fr","12":"pa_rozmiar-180-x-200-cm-fr","13":"pa_rozmiar-200-x-220-cm-fr","14":"pa_skladtkaniny-100-coton-tisse-en-satin","16":"first","17":"instock","18":"shipping-taxable","19":"purchasable","20":"product-type-variable","21":"has-default-attributes"},"aioseo_notices":[],"_links":{"self":[{"href":"https:\/\/textillo.com\/fr\/wp-json\/wp\/v2\/product\/15986","targetHints":{"allow":["GET"]}}],"collection":[{"href":"https:\/\/textillo.com\/fr\/wp-json\/wp\/v2\/product"}],"about":[{"href":"https:\/\/textillo.com\/fr\/wp-json\/wp\/v2\/types\/product"}],"replies":[{"embeddable":true,"href":"https:\/\/textillo.com\/fr\/wp-json\/wp\/v2\/comments?post=15986"}],"wp:featuredmedia":[{"embeddable":true,"href":"https:\/\/textillo.com\/fr\/wp-json\/wp\/v2\/media\/8780"}],"wp:attachment":[{"href":"https:\/\/textillo.com\/fr\/wp-json\/wp\/v2\/media?parent=15986"}],"wp:term":[{"taxonomy":"product_brand","embeddable":true,"href":"https:\/\/textillo.com\/fr\/wp-json\/wp\/v2\/product_brand?post=15986"},{"taxonomy":"product_cat","embeddable":true,"href":"https:\/\/textillo.com\/fr\/wp-json\/wp\/v2\/product_cat?post=15986"},{"taxonomy":"product_tag","embeddable":true,"href":"https:\/\/textillo.com\/fr\/wp-json\/wp\/v2\/product_tag?post=15986"}],"curies":[{"name":"wp","href":"https:\/\/api.w.org\/{rel}","templated":true}]}}