{"id":14953,"date":"2020-11-30T11:29:48","date_gmt":"2020-11-30T10:29:48","guid":{"rendered":"https:\/\/www.textillo.com\/produkt\/parure-de-lit-lin-beige-clair-ensemble-de-3-pieces-dream-line\/"},"modified":"2020-11-30T11:29:48","modified_gmt":"2020-11-30T10:29:48","slug":"parure-de-lit-lin-beige-clair-ensemble-de-3-pieces-dream-line","status":"publish","type":"product","link":"https:\/\/textillo.com\/fr\/produkt\/parure-de-lit-lin-beige-clair-ensemble-de-3-pieces-dream-line\/","title":{"rendered":"Parure de lit &#8211; lin (beige clair). Ensemble de 3 pi\u00e8ces &#8211; Dream Line"},"content":{"rendered":"<p>Dans un monde qui s&#8217;appuie sur des mati\u00e8res premi\u00e8res de qualit\u00e9, le lin commence \u00e0 jouer un r\u00f4le important. Beaucoup de gens ne savent pas que le tissu en lin \u00e9tait d\u00e9j\u00e0 utilis\u00e9 dans l&#8217;\u00c9gypte ancienne. Les habitants appr\u00e9ciaient ses propri\u00e9t\u00e9s uniques et \u00e9taient d\u00e9sireux de l&#8217;utiliser. Aujourd&#8217;hui, de plus en plus de personnes font attention \u00e0 la composition de leurs v\u00eatements, ce qui est bien s\u00fbr tr\u00e8s gratifiant. Les gens sont plus conscients de leurs choix.<\/p>\n<p>Saviez-vous que le lin est au service de l&#8217;homme depuis des milliers d&#8217;ann\u00e9es ? Les tissus en lin, qui sont connus pour \u00eatre les plus anciens, remontent \u00e0 environ 2 400 ans avant J\u00e9sus-Christ. Leur possession \u00e9tait un signe de richesse, et les v\u00eatements fabriqu\u00e9s \u00e0 partir de ses fibres \u00e9taient port\u00e9s par les pr\u00eatres ou autres dignitaires. L&#8217;un des faits int\u00e9ressants est que le cadavre du pharaon Tuttanchamon \u00e9tait envelopp\u00e9 dans du tissu de lin et que le suaire de Turin en est constitu\u00e9.<\/p>\n<p>D\u00e9couvrez les merveilleuses propri\u00e9t\u00e9s de la literie en lin !<\/p>\n<p>Le bon mat\u00e9riau de literie peut vous offrir un sommeil bien meilleur et plus profond, ainsi qu&#8217;une meilleure sensation tout au long de la journ\u00e9e. Le lin, dont la fibre est obtenue \u00e0 partir de notre plante indig\u00e8ne du m\u00eame nom, est particuli\u00e8rement bon. D\u00e9couvrez les propri\u00e9t\u00e9s de la literie en lin et vous ne voudrez certainement pas dormir sous une autre mati\u00e8re !<\/p>\n<p>D\u00e9couvrez les merveilleuses propri\u00e9t\u00e9s de la literie en lin !<\/p>\n<p>Le bon mat\u00e9riau de literie peut vous permettre de dormir beaucoup mieux et plus profond\u00e9ment, et de vous sentir mieux tout au long de la journ\u00e9e. Le lin, dont la fibre est obtenue \u00e0 partir de notre plante indig\u00e8ne du m\u00eame nom, est particuli\u00e8rement bon. D\u00e9couvrez les propri\u00e9t\u00e9s de la literie en lin et vous ne voudrez certainement plus dormir sous une autre mati\u00e8re !<\/p>\n<p>Pour la sant\u00e9 et la beaut\u00e9<\/p>\n<p>Le confort du sommeil est assur\u00e9, entre autres, par la bonne temp\u00e9rature ambiante. \u00c0 cet \u00e9gard, la literie en lin est id\u00e9ale, car elle poss\u00e8de des propri\u00e9t\u00e9s thermor\u00e9gulatrices : en hiver, elle vous donnera une sensation de chaleur, en \u00e9t\u00e9, elle vous rafra\u00eechira en douceur. Le mat\u00e9riau en lin respire bien et absorbe l&#8217;eau, les personnes qui dorment dessous ne transpirent pas. La structure unique des fibres de lin masse doucement la peau, stimulant la microcirculation, ce qui est excellent pour la relaxation musculaire. Gr\u00e2ce \u00e0 cela, ils se r\u00e9veillent le matin en se sentant repos\u00e9s, d\u00e9tendus et ils peuvent \u00e9galement remarquer une r\u00e9duction des gonflements.<\/p>\n<p>Les personnes allergiques trouveront utile de savoir que la literie en lin poss\u00e8de des propri\u00e9t\u00e9s antiallergiques &#8211; elle est totalement hypoallerg\u00e9nique. Elle est parfaite m\u00eame pour les b\u00e9b\u00e9s et les jeunes enfants. L&#8217;effet positif du lin sur la sant\u00e9 a \u00e9t\u00e9 prouv\u00e9 par la recherche. L&#8217;Institut des fibres naturelles et des plantes m\u00e9dicinales de Pozna\u0144 d\u00e9montre, entre autres, que le lin renforce le syst\u00e8me immunitaire humain.<\/p>\n<p>Le lin a des propri\u00e9t\u00e9s \u00e9lectrostatiques tr\u00e8s faibles. Dormir sur une taie d&#8217;oreiller en lin \u00e9vitera les luttes matinales avec des cheveux \u00e9lectrifi\u00e9s. La fibre naturelle et douce n&#8217;irrite pas la peau. Les propri\u00e9t\u00e9s antibact\u00e9riennes et bact\u00e9riostatiques de la literie en lin et son hygroscopicit\u00e9 seront s\u00fbrement appr\u00e9ci\u00e9es par les personnes luttant contre l&#8217;acn\u00e9.<\/p>\n<p>Confort d&#8217;utilisation<\/p>\n<p>Bien que l&#8217;on associe souvent le lin au linge facilement froissable, on trouve g\u00e9n\u00e9ralement dans le linge de lit une fibre sp\u00e9cialement pr\u00e9par\u00e9e, c&#8217;est-\u00e0-dire adoucie. Ce mat\u00e9riau est d\u00e9licat, tr\u00e8s agr\u00e9able au toucher. De plus, il est beau dans pratiquement toutes les chambres \u00e0 coucher. Le froissement est une propri\u00e9t\u00e9 naturelle de la literie en lin, de plus en plus souvent appr\u00e9ci\u00e9e dans la d\u00e9coration int\u00e9rieure. Ce type de mat\u00e9riau rejette la poussi\u00e8re et les petites salet\u00e9s. Le lin est facile \u00e0 laver, il n&#8217;est pas n\u00e9cessaire de le repasser si on ne le souhaite pas. Gr\u00e2ce au fait que le lin &#8220;aime&#8221; l&#8217;eau, le lavage lui fait du bien. Au fil du temps, il devient plus solide, plus doux au toucher et s&#8217;adapte parfaitement. De plus, la literie en lin est durable, vous pouvez profiter de ses avantages pendant de nombreuses ann\u00e9es.<\/p>\n<p>Une belle literie en lin cr\u00e9era une atmosph\u00e8re de confort et d&#8217;intimit\u00e9 dans votre chambre. Le tissu en lin est tr\u00e8s fonctionnel, durable, poss\u00e8de des propri\u00e9t\u00e9s antibact\u00e9riennes et de micro-massage, absorbe parfaitement l&#8217;humidit\u00e9, offre respirabilit\u00e9 et confort, il garantit donc un sommeil paisible et sain et un repos optimal.<\/p>\n<p>L&#8217;ensemble comprend :<\/p>\n<p>une housse de couette avec broderie de 140 cm. x 200 cm\/160 cm. x 200 cm\/ 180 cm. x 200 cm\/ 200 cm. x 220 cm.<br \/>\ndeux taies d&#8217;oreiller de 70 cm. x 80 cm.<br \/>\nComposition :<\/p>\n<p>100% lin<br \/>\nD\u00e9licat, \u00e9cologique et surtout naturel &#8211; ces trois termes nous viennent imm\u00e9diatement \u00e0 l&#8217;esprit lorsque nous pensons au tissu 100% lin.<\/p>\n<p>Nous rencontrons souvent l&#8217;opinion selon laquelle le lin est rugueux et rigide. Nous le nions ! Cela n&#8217;est plus vrai depuis longtemps ! De nos jours, le tissu de lin est un tissu adouci, gr\u00e2ce auquel il est exceptionnellement doux et d\u00e9licat au toucher. Nous sommes nous-m\u00eames souvent surpris lorsqu&#8217;une personne sceptique \u00e0 l&#8217;\u00e9gard du lin compare sa douceur \u00e0 celle de la flanelle au premier contact avec nos produits. La douceur du tissu en lin, combin\u00e9e au fait qu&#8217;il ne provoque pas d&#8217;irritations ou d&#8217;allergies, rend le lin particuli\u00e8rement recommand\u00e9 pour les jeunes enfants et les personnes allergiques, dont la peau d\u00e9licate appr\u00e9cie ses propri\u00e9t\u00e9s antiallergiques.<br \/>\nEn outre, les produits fabriqu\u00e9s en 100% lin sont \u00e9cologiques et biod\u00e9gradables &#8211; \u00e0 la fin, ils sont faits de petites fleurs d\u00e9licates. Le tissu de lin naturel ne contient pas d&#8217;adjuvants synth\u00e9tiques et poss\u00e8de des propri\u00e9t\u00e9s bact\u00e9riostatiques et antibact\u00e9riennes.<\/p>\n<p>Parmi les avantages du lin, notre caract\u00e9ristique pr\u00e9f\u00e9r\u00e9e des textiles en lin est sans aucun doute la thermor\u00e9gulation ! Le lin cr\u00e9e le meilleur microclimat pour la peau humaine et, par rapport \u00e0 d&#8217;autres tissus, il absorbe beaucoup d&#8217;humidit\u00e9. Gr\u00e2ce \u00e0 ses propri\u00e9t\u00e9s thermor\u00e9gulatrices, il procure une sensation de confort \u00e0 tout moment de l&#8217;ann\u00e9e. En \u00e9t\u00e9, il procure une agr\u00e9able sensation de fra\u00eecheur, tandis qu&#8217;en hiver, il aide \u00e0 maintenir la bonne temp\u00e9rature corporelle. Cela est confirm\u00e9 par le fait que celui qui s&#8217;endort une fois dans une literie en lin ne veut plus en changer !<\/p>\n<p>Mais qu&#8217;est-ce qui rend les produits en lin, comme la literie en lin, si durables ? C&#8217;est la r\u00e9sistance de la fibre naturelle. Le lin n&#8217;a pas tendance \u00e0 moisir, ce qui signifie que les produits en lin sont aussi beaux que neufs m\u00eame apr\u00e8s des ann\u00e9es. Plus le temps passe, plus la valeur esth\u00e9tique du tissu en lin augmente. Apr\u00e8s chaque lavage, votre literie en lin sera encore plus douce et d\u00e9licate. Le temps joue en faveur du lin.<\/p>\n<p>Ainsi, vos textiles en lin vous dureront des ann\u00e9es et pourront \u00e0 nouveau \u00eatre transmis de g\u00e9n\u00e9ration en g\u00e9n\u00e9ration.<\/p>\n<p>Si vous n&#8217;\u00eates toujours pas convaincu par le lin, faites-en l&#8217;exp\u00e9rience par vous-m\u00eame !<\/p>\n","protected":false},"excerpt":{"rendered":"<p>Composition : 100% lin<br \/>\nPays de production : Pologne<\/p>\n","protected":false},"featured_media":9272,"comment_status":"open","ping_status":"closed","template":"","meta":{"_monsterinsights_skip_tracking":false,"_monsterinsights_sitenote_active":false,"_monsterinsights_sitenote_note":"","_monsterinsights_sitenote_category":0},"product_brand":[],"product_cat":[709],"product_tag":[],"class_list":{"0":"post-14953","1":"product","2":"type-product","3":"status-publish","4":"has-post-thumbnail","6":"product_cat-lin","7":"pa_gramatura-140-g-m2-fr","8":"pa_material-100-lin","10":"first","11":"instock","12":"shipping-taxable","13":"purchasable","14":"product-type-variable"},"aioseo_notices":[],"_links":{"self":[{"href":"https:\/\/textillo.com\/fr\/wp-json\/wp\/v2\/product\/14953","targetHints":{"allow":["GET"]}}],"collection":[{"href":"https:\/\/textillo.com\/fr\/wp-json\/wp\/v2\/product"}],"about":[{"href":"https:\/\/textillo.com\/fr\/wp-json\/wp\/v2\/types\/product"}],"replies":[{"embeddable":true,"href":"https:\/\/textillo.com\/fr\/wp-json\/wp\/v2\/comments?post=14953"}],"wp:featuredmedia":[{"embeddable":true,"href":"https:\/\/textillo.com\/fr\/wp-json\/wp\/v2\/media\/9272"}],"wp:attachment":[{"href":"https:\/\/textillo.com\/fr\/wp-json\/wp\/v2\/media?parent=14953"}],"wp:term":[{"taxonomy":"product_brand","embeddable":true,"href":"https:\/\/textillo.com\/fr\/wp-json\/wp\/v2\/product_brand?post=14953"},{"taxonomy":"product_cat","embeddable":true,"href":"https:\/\/textillo.com\/fr\/wp-json\/wp\/v2\/product_cat?post=14953"},{"taxonomy":"product_tag","embeddable":true,"href":"https:\/\/textillo.com\/fr\/wp-json\/wp\/v2\/product_tag?post=14953"}],"curies":[{"name":"wp","href":"https:\/\/api.w.org\/{rel}","templated":true}]}}