{"id":14881,"date":"2020-01-29T11:03:47","date_gmt":"2020-01-29T10:03:47","guid":{"rendered":"https:\/\/www.textillo.com\/produkt\/protege-matelas-impermeable\/"},"modified":"2020-01-29T11:03:47","modified_gmt":"2020-01-29T10:03:47","slug":"protege-matelas-impermeable","status":"publish","type":"product","link":"https:\/\/textillo.com\/fr\/produkt\/protege-matelas-impermeable\/","title":{"rendered":"Prot\u00e8ge-matelas imperm\u00e9able"},"content":{"rendered":"<p>R\u00e9sistant aux taches, aux bact\u00e9ries et aux odeurs<br \/>\nCouche sup\u00e9rieure en tissu doux<br \/>\nCouche inf\u00e9rieure stratifi\u00e9e avec une couche protectrice en polyur\u00e9thane<br \/>\nMembrane en polyur\u00e9thane imperm\u00e9able et respirante<br \/>\nFlexible et adapt\u00e9 au matelas<br \/>\nProt\u00e8ge-matelas anti-allergique, hygi\u00e9nique et imperm\u00e9able. Assure un sommeil sain et s\u00fbr, prot\u00e8ge le matelas et facilite le maintien de l&#8217;hygi\u00e8ne au lit. Gr\u00e2ce \u00e0 l&#8217;utilisation de mat\u00e9riaux de haute qualit\u00e9, il peut \u00eatre lav\u00e9 \u00e0 des temp\u00e9ratures \u00e9lev\u00e9es.<\/p>\n<p>Respirant, imperm\u00e9able et perm\u00e9able \u00e0 la vapeur. Ne provoque pas de plaies. Aide \u00e0 maintenir la propret\u00e9 st\u00e9rile. Emp\u00eache la transmission des infections. Doux pour la peau et tr\u00e8s confortable.<\/p>\n<p>Une couche qui adh\u00e8re directement au matelas.<\/p>\n<p>Fabriqu\u00e9 en :<\/p>\n<p>Tissu \u00e9ponge &#8211; 80% coton, 20% polyester<br \/>\nPoids : 195 g\/m2<br \/>\nMembrane respirante 100% chlorure de polyvinyle<br \/>\nBlanc<br \/>\nUN SOMMEIL PAISIBLE SANS ALLERG\u00c8NES<\/p>\n<p>Remplit parfaitement ses fonctions \u00e0 la maison et \u00e0 l&#8217;h\u00f4tel.<\/p>\n","protected":false},"excerpt":{"rendered":"<p>Tissu \u00e9ponge &#8211; 80% coton, 20% polyester<br \/>\nPoids : 195 g\/m2<br \/>\nMembrane respirante 100% chlorure de polyvinyle<br \/>\nCouleur : Blanc<\/p>\n","protected":false},"featured_media":6221,"comment_status":"open","ping_status":"closed","template":"","meta":{"_monsterinsights_skip_tracking":false,"_monsterinsights_sitenote_active":false,"_monsterinsights_sitenote_note":"","_monsterinsights_sitenote_category":0},"product_brand":[],"product_cat":[715,545],"product_tag":[],"class_list":{"0":"post-14881","1":"product","2":"type-product","3":"status-publish","4":"has-post-thumbnail","6":"product_cat-couvre-matelas-de-protection","7":"product_cat-feuilles","8":"pa_gramatura-195-g-m2-fr","9":"pa_kolor-blanc-fr","10":"pa_rozmiar-100-x-200-cm-fr","11":"pa_rozmiar-120-x-200-cm-fr","12":"pa_rozmiar-140-x-200-cm-fr","13":"pa_rozmiar-160-x-200-cm-fr","14":"pa_rozmiar-180-x-200-cm-fr","15":"pa_rozmiar-60-x-120-cm-fr","16":"pa_rozmiar-70-x-140-cm-fr","17":"pa_rozmiar-80-x-160-cm-fr","18":"pa_rozmiar-90-x-200-cm-fr","19":"pa_rozmiar-200-x-220-cm-fr","20":"pa_skladtkaniny-80-coton-20-polyester","22":"first","23":"instock","24":"shipping-taxable","25":"purchasable","26":"product-type-variable","27":"has-default-attributes"},"aioseo_notices":[],"_links":{"self":[{"href":"https:\/\/textillo.com\/fr\/wp-json\/wp\/v2\/product\/14881","targetHints":{"allow":["GET"]}}],"collection":[{"href":"https:\/\/textillo.com\/fr\/wp-json\/wp\/v2\/product"}],"about":[{"href":"https:\/\/textillo.com\/fr\/wp-json\/wp\/v2\/types\/product"}],"replies":[{"embeddable":true,"href":"https:\/\/textillo.com\/fr\/wp-json\/wp\/v2\/comments?post=14881"}],"wp:featuredmedia":[{"embeddable":true,"href":"https:\/\/textillo.com\/fr\/wp-json\/wp\/v2\/media\/6221"}],"wp:attachment":[{"href":"https:\/\/textillo.com\/fr\/wp-json\/wp\/v2\/media?parent=14881"}],"wp:term":[{"taxonomy":"product_brand","embeddable":true,"href":"https:\/\/textillo.com\/fr\/wp-json\/wp\/v2\/product_brand?post=14881"},{"taxonomy":"product_cat","embeddable":true,"href":"https:\/\/textillo.com\/fr\/wp-json\/wp\/v2\/product_cat?post=14881"},{"taxonomy":"product_tag","embeddable":true,"href":"https:\/\/textillo.com\/fr\/wp-json\/wp\/v2\/product_tag?post=14881"}],"curies":[{"name":"wp","href":"https:\/\/api.w.org\/{rel}","templated":true}]}}