{"id":13216,"date":"2019-12-02T09:59:36","date_gmt":"2019-12-02T08:59:36","guid":{"rendered":"https:\/\/www.textillo.com\/produkt\/tissu-eponge-avec-elastique-couleur-emeraude-11-dream-line\/"},"modified":"2019-12-02T09:59:36","modified_gmt":"2019-12-02T08:59:36","slug":"tissu-eponge-avec-elastique-couleur-emeraude-11-dream-line","status":"publish","type":"product","link":"https:\/\/textillo.com\/fr\/produkt\/tissu-eponge-avec-elastique-couleur-emeraude-11-dream-line\/","title":{"rendered":"Tissu \u00e9ponge avec \u00e9lastique, couleur \u00e9meraude ( 11 ) Dream Line"},"content":{"rendered":"<p>Drap \u00e9ponge avec \u00e9lastique de Dream Line &#8211; grammage \u00e9lev\u00e9 (200g\/m2 &#8211; LE DRAPEAU LE PLUS BRUT DU MARCH\u00c9 POLONAIS !) et tricot de qualit\u00e9. Il est r\u00e9alis\u00e9 dans un tissu doux et agr\u00e9able au toucher en 80% coton, 20% polyester. Le drap de lit en \u00e9ponge Dream Line avec bande \u00e9lastique est fabriqu\u00e9 dans un tissu \u00e9lastique et r\u00e9silient. Adapt\u00e9 \u00e0 un matelas \u00e9pais d&#8217;une hauteur allant jusqu&#8217;\u00e0 40 cm (chevauchement de 30 cm &#8211; extensible), il offrira \u00e0 chacun un sommeil royal !<\/p>\n<p>Le drap est dot\u00e9 d&#8217;un \u00e9lastique cousu dans le tunnel, gr\u00e2ce auquel il s&#8217;adapte parfaitement au matelas et reste toujours en place. Pendant le sommeil, il ne roule pas et ne s&#8217;abaisse pas, ce qui assure un grand confort. Ne n\u00e9cessite pas de repassage car apr\u00e8s l&#8217;avoir pos\u00e9 sur le matelas, tous les plis se redressent et disparaissent.<\/p>\n<p>Il est perm\u00e9able \u00e0 l&#8217;air et s\u00e8che rapidement. Il ne moisit pas et ne perd pas sa couleur m\u00eame apr\u00e8s de nombreux lavages.<\/p>\n<p>Les feuilles sont disponibles en 6 tailles : 90 x 200 cm, 120 x 200 cm, 140 x 200 cm, 160 x 200 cm, 180 x 200 cm, 200 x 220 cm<\/p>\n<p>Le produit est fabriqu\u00e9 en Pologne. Il est sans danger pour les enfants. Disponible en plusieurs couleurs et tailles. Certifi\u00e9 par OEKO-Tex Standard 100, certificat CE.<\/p>\n","protected":false},"excerpt":{"rendered":"<p>80% coton 20% polyester, 200 g\/m2.<br \/>\nPour un matelas \u00e9pais jusqu&#8217;\u00e0 220 cm de long et 40 cm de haut<br \/>\nPendant le sommeil, il ne roule pas et ne s&#8217;abaisse pas.<br \/>\nProduit polonais, certificat OEKO-TEX\u00ae.<\/p>\n","protected":false},"featured_media":5537,"comment_status":"open","ping_status":"closed","template":"","meta":{"_monsterinsights_skip_tracking":false,"_monsterinsights_sitenote_active":false,"_monsterinsights_sitenote_note":"","_monsterinsights_sitenote_category":0},"product_brand":[],"product_cat":[545,721],"product_tag":[552,553,754],"class_list":{"0":"post-13216","1":"product","2":"type-product","3":"status-publish","4":"has-post-thumbnail","6":"product_cat-feuilles","7":"product_cat-feuilles-de-frottements-avec-elastique","8":"product_tag-coton","9":"product_tag-feuille","10":"product_tag-frotte-fr","11":"pa_gramatura-200-g-m2-fr","12":"pa_gumka-cousu-dans-le-tunnel","13":"pa_kolor-szmaragdowy-11-fr","14":"pa_material-frotte-fr","15":"pa_rodzajprzescieradla-avec-elastique","16":"pa_rozmiar-120-x-200-cm-fr","17":"pa_rozmiar-140-x-200-cm-fr","18":"pa_rozmiar-160-x-200-cm-fr","19":"pa_rozmiar-180-x-200-cm-fr","20":"pa_rozmiar-60-x-120-cm-fr","21":"pa_rozmiar-70-x-140-cm-fr","22":"pa_rozmiar-80-x-160-cm-fr","23":"pa_rozmiar-90-x-200-cm-fr","24":"pa_rozmiar-200-x-220-cm-fr","25":"pa_skladtkaniny-80-coton-20-polyester","26":"pa_zakladka-30-cm-fr","28":"first","29":"outofstock","30":"shipping-taxable","31":"purchasable","32":"product-type-variable"},"aioseo_notices":[],"_links":{"self":[{"href":"https:\/\/textillo.com\/fr\/wp-json\/wp\/v2\/product\/13216","targetHints":{"allow":["GET"]}}],"collection":[{"href":"https:\/\/textillo.com\/fr\/wp-json\/wp\/v2\/product"}],"about":[{"href":"https:\/\/textillo.com\/fr\/wp-json\/wp\/v2\/types\/product"}],"replies":[{"embeddable":true,"href":"https:\/\/textillo.com\/fr\/wp-json\/wp\/v2\/comments?post=13216"}],"wp:featuredmedia":[{"embeddable":true,"href":"https:\/\/textillo.com\/fr\/wp-json\/wp\/v2\/media\/5537"}],"wp:attachment":[{"href":"https:\/\/textillo.com\/fr\/wp-json\/wp\/v2\/media?parent=13216"}],"wp:term":[{"taxonomy":"product_brand","embeddable":true,"href":"https:\/\/textillo.com\/fr\/wp-json\/wp\/v2\/product_brand?post=13216"},{"taxonomy":"product_cat","embeddable":true,"href":"https:\/\/textillo.com\/fr\/wp-json\/wp\/v2\/product_cat?post=13216"},{"taxonomy":"product_tag","embeddable":true,"href":"https:\/\/textillo.com\/fr\/wp-json\/wp\/v2\/product_tag?post=13216"}],"curies":[{"name":"wp","href":"https:\/\/api.w.org\/{rel}","templated":true}]}}