{"id":12130,"date":"2021-05-19T11:25:59","date_gmt":"2021-05-19T09:25:59","guid":{"rendered":"https:\/\/www.textillo.com\/produkt\/ensemble-de-linge-de-lit-pour-bebe-100-x-135-cm-8\/"},"modified":"2021-06-29T09:25:49","modified_gmt":"2021-06-29T07:25:49","slug":"ensemble-de-linge-de-lit-pour-bebe-100-x-135-cm-8","status":"publish","type":"product","link":"https:\/\/textillo.com\/fr\/produkt\/ensemble-de-linge-de-lit-pour-bebe-100-x-135-cm-8\/","title":{"rendered":"Ensemble de linge de lit pour b\u00e9b\u00e9 &#8211; 100 x 135 cm"},"content":{"rendered":"<p>Une literie parfaite pour la chambre de chaque petit voyageur ou petite princesse. Il ajoutera du caract\u00e8re et compl\u00e9tera parfaitement son d\u00e9cor. Des motifs soigneusement s\u00e9lectionn\u00e9s permettent de cr\u00e9er quatre compositions qui aident nos petits \u00e0 passer \u00e0 un autre pays des r\u00eaves chaque nuit. Il est \u00e9galement parfait comme cadeau pour la famille, les amis, les f\u00eates de b\u00e9b\u00e9 et toute autre occasion sp\u00e9ciale. Les taies d&#8217;oreiller sont ferm\u00e9es par des boutons en plastique joliment s\u00e9lectionn\u00e9s, gr\u00e2ce auxquels l&#8217;utilisation est s\u00fbre et le remplissage ne sort pas de la taie d&#8217;oreiller.<\/p>\n<p>Un ensemble de linge de lit double face pour b\u00e9b\u00e9<br \/>\n-Taie d&#8217;oreiller de luxe 100x135cm (+\/- 2cm)<br \/>\n-Taie d&#8217;oreiller en coton 40x60cm (+\/- 2cm)<\/p>\n<p>\u00a0<\/p>\n<p>L&#8217;impression en coton ne change pas de couleur m\u00eame apr\u00e8s plusieurs lavages. Lavage en machine \u00e0 30\u00b0C maximum.<\/p>\n<p>-tournant \u00e0 800 tours\/minute maximum.<br \/>\n-ne pas chlorer<br \/>\n-Ne pas nettoyer \u00e0 sec<br \/>\n-n&#8217;utilisez pas d&#8217;eau de Javel<br \/>\n-Ne pas s\u00e9cher en machine<br \/>\n-fer max 110\u00b0C<\/p>\n<p>La literie emball\u00e9e dans un sac !<\/p>\n","protected":false},"excerpt":{"rendered":"<p>Composition :<\/p>\n<p>-100% coton : 140g\/m2<br \/>\n-de la plus haute qualit\u00e9 certifi\u00e9e par OEKO-TEX 100<\/p>\n","protected":false},"featured_media":11688,"comment_status":"open","ping_status":"closed","template":"","meta":{"_monsterinsights_skip_tracking":false,"_monsterinsights_sitenote_active":false,"_monsterinsights_sitenote_note":"","_monsterinsights_sitenote_category":0},"product_brand":[],"product_cat":[703,697],"product_tag":[751,2037,2038],"class_list":{"0":"post-12130","1":"product","2":"type-product","3":"status-publish","4":"has-post-thumbnail","6":"product_cat-fur-kinder-fr","7":"product_cat-literie-fr","8":"product_tag-enfant","9":"product_tag-ensemble-de-linge-de-lit-pour-bebe","10":"product_tag-ensemble-de-linge-de-lit-pour-bebe-fr","12":"first","13":"instock","14":"shipping-taxable","15":"purchasable","16":"product-type-simple"},"aioseo_notices":[],"_links":{"self":[{"href":"https:\/\/textillo.com\/fr\/wp-json\/wp\/v2\/product\/12130","targetHints":{"allow":["GET"]}}],"collection":[{"href":"https:\/\/textillo.com\/fr\/wp-json\/wp\/v2\/product"}],"about":[{"href":"https:\/\/textillo.com\/fr\/wp-json\/wp\/v2\/types\/product"}],"replies":[{"embeddable":true,"href":"https:\/\/textillo.com\/fr\/wp-json\/wp\/v2\/comments?post=12130"}],"wp:featuredmedia":[{"embeddable":true,"href":"https:\/\/textillo.com\/fr\/wp-json\/wp\/v2\/media\/11688"}],"wp:attachment":[{"href":"https:\/\/textillo.com\/fr\/wp-json\/wp\/v2\/media?parent=12130"}],"wp:term":[{"taxonomy":"product_brand","embeddable":true,"href":"https:\/\/textillo.com\/fr\/wp-json\/wp\/v2\/product_brand?post=12130"},{"taxonomy":"product_cat","embeddable":true,"href":"https:\/\/textillo.com\/fr\/wp-json\/wp\/v2\/product_cat?post=12130"},{"taxonomy":"product_tag","embeddable":true,"href":"https:\/\/textillo.com\/fr\/wp-json\/wp\/v2\/product_tag?post=12130"}],"curies":[{"name":"wp","href":"https:\/\/api.w.org\/{rel}","templated":true}]}}