{"id":11909,"date":"2020-01-28T13:42:48","date_gmt":"2020-01-28T12:42:48","guid":{"rendered":"https:\/\/www.textillo.com\/produkt\/couvre-lit-double-face-en-acier-anthracite\/"},"modified":"2021-05-24T10:43:55","modified_gmt":"2021-05-24T08:43:55","slug":"couvre-lit-double-face-en-acier-anthracite","status":"publish","type":"product","link":"https:\/\/textillo.com\/fr\/produkt\/couvre-lit-double-face-en-acier-anthracite\/","title":{"rendered":"Couvre-lit double face en acier anthracite"},"content":{"rendered":"<p>Acier double face &#8211; Anthracite<\/p>\n<p>Comme le dit le c\u00e9l\u00e8bre proverbe polonais : &#8220;Comme tu fais ton lit, ainsi tu dors&#8221;. Nous l&#8217;avons pris tr\u00e8s au s\u00e9rieux. La chose la plus importante pendant le sommeil est un lit confortable avec un matelas ad\u00e9quat, cr\u00e9ant une paire ins\u00e9parable avec la literie, qui, apr\u00e8s le pyjama, a le plus grand contact avec votre corps. L&#8217;un des r\u00f4les principaux apr\u00e8s le r\u00e9veil est de faire le lit et comme on n&#8217;a pas toujours le temps pour cela, nous vous facilitons la t\u00e2che avec notre magnifique couvre-lit.\u00a0Le couvre-lit matelass\u00e9 double face r\u00e9soudra le probl\u00e8me du d\u00e9sordre dans la chambre \u00e0 coucher.<\/p>\n<p>Fabriqu\u00e9 en Pologne, ce couvre-lit original fabriqu\u00e9 \u00e0 partir de mat\u00e9riaux de haute qualit\u00e9 rafra\u00eechira le look de votre chambre et donnera \u00e0 l&#8217;int\u00e9rieur un caract\u00e8re unique.<\/p>\n<p>Con\u00e7u selon les derni\u00e8res tendances<br \/>\nFinition esth\u00e9tique<br \/>\nCouleurs intenses et durables<br \/>\nFacile \u00e0 laver \u00e0 la maison<\/p>\n<p>Recette de lavage :<\/p>\n<p>La microfibre &#8211; est un mat\u00e9riau synth\u00e9tique, mais tr\u00e8s pratique &#8211; assure une ventilation ad\u00e9quate, est douce et agr\u00e9able au toucher, poss\u00e8de des propri\u00e9t\u00e9s antiallergiques et antibact\u00e9riennes, elle sera donc appr\u00e9ci\u00e9e par les personnes ayant une peau sensible aux irritations.\u00a0Il ne n\u00e9cessite pas de lavage \u00e0 haute temp\u00e9rature ni de repassage.\u00a0<\/p>\n","protected":false},"excerpt":{"rendered":"<p>Lavage recommand\u00e9 \u00e0 une temp\u00e9rature allant jusqu&#8217;\u00e0 40 degr\u00e9s.\u00a0<\/p>\n<p>Tissu : microfibre (100% polyester)<br \/>\nPoids : 125 g\/m2<br \/>\nPays de production :\u00a0Pologne<\/p>\n","protected":false},"featured_media":6173,"comment_status":"open","ping_status":"closed","template":"","meta":{"_monsterinsights_skip_tracking":false,"_monsterinsights_sitenote_active":false,"_monsterinsights_sitenote_note":"","_monsterinsights_sitenote_category":0},"product_brand":[],"product_cat":[631],"product_tag":[2032,757],"class_list":{"0":"post-11909","1":"product","2":"type-product","3":"status-publish","4":"has-post-thumbnail","6":"product_cat-couvertures-couvre-lits","7":"product_tag-couvre","8":"product_tag-igahome-fr","9":"pa_gramatura-125-g-m2-fr","10":"pa_material-microfibre","11":"pa_rozmiar-160-x-200-cm-fr","12":"pa_rozmiar-180-x-200-cm-fr","13":"pa_rozmiar-200-x-220-cm-fr","14":"pa_skladtkaniny-100-polyester-fr","16":"first","17":"outofstock","18":"sale","19":"shipping-taxable","20":"purchasable","21":"product-type-variable","22":"has-default-attributes"},"aioseo_notices":[],"_links":{"self":[{"href":"https:\/\/textillo.com\/fr\/wp-json\/wp\/v2\/product\/11909","targetHints":{"allow":["GET"]}}],"collection":[{"href":"https:\/\/textillo.com\/fr\/wp-json\/wp\/v2\/product"}],"about":[{"href":"https:\/\/textillo.com\/fr\/wp-json\/wp\/v2\/types\/product"}],"replies":[{"embeddable":true,"href":"https:\/\/textillo.com\/fr\/wp-json\/wp\/v2\/comments?post=11909"}],"wp:featuredmedia":[{"embeddable":true,"href":"https:\/\/textillo.com\/fr\/wp-json\/wp\/v2\/media\/6173"}],"wp:attachment":[{"href":"https:\/\/textillo.com\/fr\/wp-json\/wp\/v2\/media?parent=11909"}],"wp:term":[{"taxonomy":"product_brand","embeddable":true,"href":"https:\/\/textillo.com\/fr\/wp-json\/wp\/v2\/product_brand?post=11909"},{"taxonomy":"product_cat","embeddable":true,"href":"https:\/\/textillo.com\/fr\/wp-json\/wp\/v2\/product_cat?post=11909"},{"taxonomy":"product_tag","embeddable":true,"href":"https:\/\/textillo.com\/fr\/wp-json\/wp\/v2\/product_tag?post=11909"}],"curies":[{"name":"wp","href":"https:\/\/api.w.org\/{rel}","templated":true}]}}