{"id":11775,"date":"2019-12-16T09:35:09","date_gmt":"2019-12-16T08:35:09","guid":{"rendered":"https:\/\/www.textillo.com\/produkt\/housse-de-couette-en-microfibres-harmony-warm-year-round\/"},"modified":"2021-05-21T13:46:59","modified_gmt":"2021-05-21T11:46:59","slug":"housse-de-couette-en-microfibres-harmony-warm-year-round","status":"publish","type":"product","link":"https:\/\/textillo.com\/fr\/produkt\/housse-de-couette-en-microfibres-harmony-warm-year-round\/","title":{"rendered":"Housse de couette en microfibres Harmony Warm year-round"},"content":{"rendered":"<p>La microfibre de la plus haute qualit\u00e9 avec une finition de type doux avec de la fibre de carbone tiss\u00e9e, cr\u00e9ant un motif \u00e0 carreaux subtil. Il ne contient pas de colorants artificiels ni de produits chimiques nocifs, gr\u00e2ce auxquels il est sans danger m\u00eame pour les personnes allergiques.<\/p>\n<p>Microfibre de carbone (99,6% polyester + 0,4% fibre de carbone).<\/p>\n<p>Remplissage :<\/p>\n<p>Fibres creuses silicon\u00e9es HCS (100% polyester). Gr\u00e2ce \u00e0 de nombreuses ann\u00e9es de d\u00e9veloppement de la technologie de production et \u00e0 des tests de r\u00e9sistance simulant un usage intensif, nous avons pu s\u00e9lectionner une composition sp\u00e9ciale de fibres HCS, qui assure l&#8217;exceptionnelle r\u00e9silience du garnissage des couettes et des oreillers et sa r\u00e9sistance \u00e0 l&#8217;\u00e9crasement. Les garnissages des couettes sont l\u00e9gers, hypoallerg\u00e9niques, assurent une bonne circulation de l&#8217;air et l&#8217;\u00e9vacuation de l&#8217;humidit\u00e9 et ne perdent pas leurs propri\u00e9t\u00e9s apr\u00e8s le lavage. Le tissu non tiss\u00e9 des couettes se distingue par un tissage sp\u00e9cial de fibres multidirectionnelles, qui augmente sa durabilit\u00e9.<\/p>\n<p>L&#8217;air qui s&#8217;accumule dans les canaux, \u00e0 l&#8217;int\u00e9rieur des fibres, isole parfaitement et augmente la sensation de chaleur. L&#8217;enveloppe de silicone \u00e9paisse et durable de chaque fibre individuelle, combin\u00e9e \u00e0 sa forme en spirale, permet de r\u00e9sister \u00e0 l&#8217;enchev\u00eatrement et \u00e0 l&#8217;agglutination de la garniture.<\/p>\n","protected":false},"excerpt":{"rendered":"<p>Certificats :<\/p>\n<p>Qualit\u00e9 et s\u00e9curit\u00e9 maximales &#8211; produit certifi\u00e9 conforme aux normes de l&#8217;Institut national de la sant\u00e9 publique. Certifi\u00e9 par l&#8217;Institut National d&#8217;Hygi\u00e8ne &#8211; Certificat de Qualit\u00e9 Sanitaire, confirmant l&#8217;effet b\u00e9n\u00e9fique du produit sur la sant\u00e9. Ne contient pas de colorants artificiels ni de substances chimiques nocives. Sans danger pour les personnes allergiques. N&#8217;irrite pas et ne provoque pas d&#8217;allergie. Toutes les mati\u00e8res premi\u00e8res utilis\u00e9es dans la production sont conformes \u00e0 la norme Oeko-Tex 100 classe I &#8211; sans danger pour les b\u00e9b\u00e9s.<\/p>\n<p>Temp\u00e9rature de lavage 60\u00b0C.\u00a0<\/p>\n<p>Produit en 100% POLISH.<\/p>\n<p>Microfibre de carbone (99,6 % de polyester + 0,4 % de fibre de carbone), 300 g\/m2<br \/>\nSoulagement du stress, r\u00e9duction de la fatigue et des tensions musculaires, neutralisation des charges \u00e9lectrostatiques, paix int\u00e9rieure, tranquillit\u00e9.<br \/>\nHypoallerg\u00e9nique, moelleux, favorise la r\u00e9g\u00e9n\u00e9ration.<br \/>\nProduit polonais, certificat OEKO-TEX\u00ae.<\/p>\n","protected":false},"featured_media":5990,"comment_status":"open","ping_status":"closed","template":"","meta":{"_monsterinsights_skip_tracking":false,"_monsterinsights_sitenote_active":false,"_monsterinsights_sitenote_note":"","_monsterinsights_sitenote_category":0},"product_brand":[],"product_cat":[634,652],"product_tag":[766,757],"class_list":{"0":"post-11775","1":"product","2":"type-product","3":"status-publish","4":"has-post-thumbnail","6":"product_cat-couettes","7":"product_cat-harmony-fr","8":"product_tag-edredon","9":"product_tag-igahome-fr","10":"pa_cechy-hypoallergen-flauschig-regenerationshilfe","11":"pa_gramatura-300-g-m2-fr","12":"pa_kolor-blanc-fr","13":"pa_rozmiar-140-x-200-cm-fr","14":"pa_rozmiar-160-x-200-cm-fr","15":"pa_rozmiar-200-x-220-cm-fr","16":"pa_skladtkaniny-mikrofaser-carbon-996-polyester-04-kohlefaser","17":"pa_typkoldry-toute-lannee","18":"pa_wykonczenie-passepoil-et-etiquette-dangle-en-satin","20":"first","21":"instock","22":"shipping-taxable","23":"purchasable","24":"product-type-variable","25":"has-default-attributes"},"aioseo_notices":[],"_links":{"self":[{"href":"https:\/\/textillo.com\/fr\/wp-json\/wp\/v2\/product\/11775","targetHints":{"allow":["GET"]}}],"collection":[{"href":"https:\/\/textillo.com\/fr\/wp-json\/wp\/v2\/product"}],"about":[{"href":"https:\/\/textillo.com\/fr\/wp-json\/wp\/v2\/types\/product"}],"replies":[{"embeddable":true,"href":"https:\/\/textillo.com\/fr\/wp-json\/wp\/v2\/comments?post=11775"}],"wp:featuredmedia":[{"embeddable":true,"href":"https:\/\/textillo.com\/fr\/wp-json\/wp\/v2\/media\/5990"}],"wp:attachment":[{"href":"https:\/\/textillo.com\/fr\/wp-json\/wp\/v2\/media?parent=11775"}],"wp:term":[{"taxonomy":"product_brand","embeddable":true,"href":"https:\/\/textillo.com\/fr\/wp-json\/wp\/v2\/product_brand?post=11775"},{"taxonomy":"product_cat","embeddable":true,"href":"https:\/\/textillo.com\/fr\/wp-json\/wp\/v2\/product_cat?post=11775"},{"taxonomy":"product_tag","embeddable":true,"href":"https:\/\/textillo.com\/fr\/wp-json\/wp\/v2\/product_tag?post=11775"}],"curies":[{"name":"wp","href":"https:\/\/api.w.org\/{rel}","templated":true}]}}