{"id":11738,"date":"2019-12-12T14:13:37","date_gmt":"2019-12-12T13:13:37","guid":{"rendered":"https:\/\/www.textillo.com\/produkt\/housse-de-couette-warm-year-round-bamboo-cotton\/"},"modified":"2019-12-12T14:13:37","modified_gmt":"2019-12-12T13:13:37","slug":"housse-de-couette-warm-year-round-bamboo-cotton","status":"publish","type":"product","link":"https:\/\/textillo.com\/fr\/produkt\/housse-de-couette-warm-year-round-bamboo-cotton\/","title":{"rendered":"Housse de couette Warm year-round Bamboo Cotton"},"content":{"rendered":"<p>Le tissu naturel de la plus haute qualit\u00e9, une combinaison de coton et de bambou, sans adjuvants synth\u00e9tiques. Affin\u00e9 dans le processus de production par mercerisage, calandrage et sanforisage, ce qui lui conf\u00e8re un aspect unique et r\u00e9duit le r\u00e9tr\u00e9cissement apr\u00e8s le lavage. Doux et extr\u00eamement d\u00e9licat au toucher.<\/p>\n<p>Appr\u00e9ci\u00e9 par nos clients pour son \u00e9clat majestueux et sa douceur exceptionnelle. Ne contient pas de colorants artificiels ni de substances chimiques nocives, et est donc sans danger m\u00eame pour les personnes allergiques. En tant que tissu naturel, il se caract\u00e9rise par une couleur chaude sp\u00e9cifique.<\/p>\n<p>52% bambou + 48% coton sanforis\u00e9.<\/p>\n<p>Remplissage :<\/p>\n<p>Fibres de canal silicon\u00e9es HCS (100% polyester). La technologie de production d\u00e9velopp\u00e9e au cours de nombreuses ann\u00e9es et les tests de r\u00e9sistance simulant une utilisation intensive nous ont permis de s\u00e9lectionner un m\u00e9lange sp\u00e9cial de fibres HCS, qui rend le remplissage exceptionnellement \u00e9lastique et r\u00e9sistant \u00e0 l&#8217;\u00e9crasement. Les garnissages des couettes sont l\u00e9gers, hypoallerg\u00e9niques, assurent une bonne circulation de l&#8217;air et l&#8217;\u00e9vacuation de l&#8217;humidit\u00e9 et ne perdent pas leurs propri\u00e9t\u00e9s apr\u00e8s le lavage. Le tissu non tiss\u00e9 des couettes se distingue par un tissage sp\u00e9cial de fibres multidirectionnelles, qui augmente sa durabilit\u00e9.<\/p>\n<p>L&#8217;air qui s&#8217;accumule dans les canaux, \u00e0 l&#8217;int\u00e9rieur des fibres, isole parfaitement et augmente la sensation de chaleur. L&#8217;enveloppe de silicone \u00e9paisse et durable de chaque fibre individuelle, combin\u00e9e \u00e0 sa forme en spirale, permet de r\u00e9sister \u00e0 l&#8217;enchev\u00eatrement et \u00e0 l&#8217;agglutination de la garniture.<\/p>\n","protected":false},"excerpt":{"rendered":"<p>Certificats :<\/p>\n<p>Qualit\u00e9 et s\u00e9curit\u00e9 maximales &#8211; produit certifi\u00e9 conforme aux normes de l&#8217;Institut national de la sant\u00e9 publique. Certifi\u00e9 par l&#8217;Institut National d&#8217;Hygi\u00e8ne &#8211; Certificat de Qualit\u00e9 Sanitaire, confirmant l&#8217;effet b\u00e9n\u00e9fique du produit sur la sant\u00e9. Ne contient pas de colorants artificiels ni de substances chimiques nocives. Sans danger pour les personnes allergiques. N&#8217;irrite pas et ne provoque pas d&#8217;allergie. Toutes les mati\u00e8res premi\u00e8res utilis\u00e9es dans la production sont conformes \u00e0 la norme Oeko-Tex 100 classe I &#8211; sans danger pour les nourrissons.<\/p>\n<p>Le produit est 100% POLIS.<\/p>\n<p>52% bambou, 48% coton sanforis\u00e9, 300g\/m2.<br \/>\nIl offre un environnement de sommeil hygi\u00e9nique, emp\u00eache la croissance des bact\u00e9ries et des champignons, n&#8217;absorbe pas les odeurs \u00e9trang\u00e8res, \u00e9vacue l&#8217;humidit\u00e9 et r\u00e9duit la transpiration.<br \/>\nFinition du tissu sanforis\u00e9, r\u00e9tr\u00e9cissement r\u00e9duit apr\u00e8s le lavage.<br \/>\nProduit polonais, certificat OEKO-TEX\u00ae.<\/p>\n","protected":false},"featured_media":5963,"comment_status":"open","ping_status":"closed","template":"","meta":{"_monsterinsights_skip_tracking":false,"_monsterinsights_sitenote_active":false,"_monsterinsights_sitenote_note":"","_monsterinsights_sitenote_category":0},"product_brand":[],"product_cat":[640,634],"product_tag":[766,757],"class_list":{"0":"post-11738","1":"product","2":"type-product","3":"status-publish","4":"has-post-thumbnail","6":"product_cat-bamboo-fr","7":"product_cat-couettes","8":"product_tag-edredon","9":"product_tag-igahome-fr","10":"pa_cechy-respirant-anti-allergenique-naturellement-antibacterien-et-antifongique","11":"pa_gramatura-300-g-m2-fr","12":"pa_kolor-blanc-fr","13":"pa_rozmiar-140-x-200-cm-fr","14":"pa_rozmiar-160-x-200-cm-fr","15":"pa_rozmiar-200-x-220-cm-fr","16":"pa_skladtkaniny-52-bambou-48-coton-sanforise","17":"pa_typkoldry-toute-lannee","18":"pa_wykonczenie-passepoil-et-etiquette-dangle-en-satin","20":"first","21":"instock","22":"shipping-taxable","23":"purchasable","24":"product-type-variable","25":"has-default-attributes"},"aioseo_notices":[],"_links":{"self":[{"href":"https:\/\/textillo.com\/fr\/wp-json\/wp\/v2\/product\/11738","targetHints":{"allow":["GET"]}}],"collection":[{"href":"https:\/\/textillo.com\/fr\/wp-json\/wp\/v2\/product"}],"about":[{"href":"https:\/\/textillo.com\/fr\/wp-json\/wp\/v2\/types\/product"}],"replies":[{"embeddable":true,"href":"https:\/\/textillo.com\/fr\/wp-json\/wp\/v2\/comments?post=11738"}],"wp:featuredmedia":[{"embeddable":true,"href":"https:\/\/textillo.com\/fr\/wp-json\/wp\/v2\/media\/5963"}],"wp:attachment":[{"href":"https:\/\/textillo.com\/fr\/wp-json\/wp\/v2\/media?parent=11738"}],"wp:term":[{"taxonomy":"product_brand","embeddable":true,"href":"https:\/\/textillo.com\/fr\/wp-json\/wp\/v2\/product_brand?post=11738"},{"taxonomy":"product_cat","embeddable":true,"href":"https:\/\/textillo.com\/fr\/wp-json\/wp\/v2\/product_cat?post=11738"},{"taxonomy":"product_tag","embeddable":true,"href":"https:\/\/textillo.com\/fr\/wp-json\/wp\/v2\/product_tag?post=11738"}],"curies":[{"name":"wp","href":"https:\/\/api.w.org\/{rel}","templated":true}]}}