{"id":11613,"date":"2019-12-27T12:11:22","date_gmt":"2019-12-27T11:11:22","guid":{"rendered":"https:\/\/www.textillo.com\/produkt\/oreiller-en-coton-et-bambou-40-x-40-cm\/"},"modified":"2019-12-27T12:11:22","modified_gmt":"2019-12-27T11:11:22","slug":"oreiller-en-coton-et-bambou-40-x-40-cm","status":"publish","type":"product","link":"https:\/\/textillo.com\/fr\/produkt\/oreiller-en-coton-et-bambou-40-x-40-cm\/","title":{"rendered":"Oreiller en coton et bambou 40 x 40 cm"},"content":{"rendered":"<p>Le tissu naturel de la plus haute qualit\u00e9, une combinaison de coton et de bambou, sans adjuvants synth\u00e9tiques. Affin\u00e9 dans le processus de production par mercerisage, calandrage et sanforisage, ce qui lui conf\u00e8re un aspect unique et r\u00e9duit le r\u00e9tr\u00e9cissement apr\u00e8s le lavage. Doux et extr\u00eamement d\u00e9licat au toucher. Appr\u00e9ci\u00e9 par nos clients pour son \u00e9clat majestueux et sa douceur exceptionnelle. Ne contient pas de colorants artificiels ni de substances chimiques nocives, et est donc sans danger m\u00eame pour les personnes allergiques. En tant que tissu naturel, il se caract\u00e9rise par une couleur chaude sp\u00e9cifique.<\/p>\n<p>Housse matelass\u00e9e \u00e0 deux couches avec fermeture \u00e9clair &#8211; tissu naturel &#8211; une combinaison de bambou et de coton. Douceur et d\u00e9licatesse exceptionnelles. Excellente micro-ventilation, absorption et \u00e9vacuation efficaces de l&#8217;humidit\u00e9. Environnement de sommeil naturel sans colorants artificiels ni produits chimiques nocifs. Protection contre la formation d&#8217;odeurs d\u00e9sagr\u00e9ables. Antiallergique naturel. Garniture pelucheuse et durable.<\/p>\n<p>52% bambou + 48% coton sanforis\u00e9.<\/p>\n<p>Remplissage :<\/p>\n<p>Fibres creuses silicon\u00e9es HCS (100% polyester). Gr\u00e2ce \u00e0 de nombreuses ann\u00e9es de d\u00e9veloppement de la technologie de production et \u00e0 des tests de r\u00e9sistance simulant un usage intensif, nous avons pu s\u00e9lectionner une composition sp\u00e9ciale de fibres HCS, qui assure l&#8217;exceptionnelle r\u00e9silience du garnissage des couettes et des oreillers et sa r\u00e9sistance \u00e0 l&#8217;\u00e9crasement. Les garnissages des oreillers sont l\u00e9gers, hypoallerg\u00e9niques, assurent une bonne circulation de l&#8217;air et l&#8217;\u00e9vacuation de l&#8217;humidit\u00e9 et ne perdent pas leurs propri\u00e9t\u00e9s apr\u00e8s le lavage. Le tissu non tiss\u00e9 des couettes se distingue par un tissage sp\u00e9cial de fibres multidirectionnelles, qui augmente sa durabilit\u00e9.<\/p>\n<p>L&#8217;air qui s&#8217;accumule dans les canaux, \u00e0 l&#8217;int\u00e9rieur des fibres, isole parfaitement et augmente la sensation de chaleur. L&#8217;enveloppe de silicone \u00e9paisse et durable de chaque fibre individuelle, combin\u00e9e \u00e0 sa forme en spirale, permet de r\u00e9sister \u00e0 l&#8217;enchev\u00eatrement et \u00e0 l&#8217;agglutination de la garniture.<\/p>\n","protected":false},"excerpt":{"rendered":"<p>Certificats :<\/p>\n<p>Qualit\u00e9 et s\u00e9curit\u00e9 maximales &#8211; produit certifi\u00e9 conforme aux normes de l&#8217;Institut national de la sant\u00e9 publique. Certifi\u00e9 par l&#8217;Institut National d&#8217;Hygi\u00e8ne &#8211; Certificat de Qualit\u00e9 Sanitaire, confirmant l&#8217;effet b\u00e9n\u00e9fique du produit sur la sant\u00e9. Ne contient pas de colorants artificiels ni de substances chimiques nocives.\u00a0Sans danger pour les personnes allergiques. N&#8217;irrite pas et ne provoque pas d&#8217;allergie. Toutes les mati\u00e8res premi\u00e8res utilis\u00e9es dans la production sont conformes \u00e0 la norme Oeko-Tex 100 classe I &#8211; sans danger pour les b\u00e9b\u00e9s.<\/p>\n<p>Temp\u00e9rature de lavage 60\u00b0C.\u00a0<\/p>\n<p>Produit en 100% POLISH.<\/p>\n<p>52% bambou, 48% coton sanforis\u00e9, 300g\/m2.<br \/>\nOffre un environnement de sommeil hygi\u00e9nique, emp\u00eache le d\u00e9veloppement de bact\u00e9ries et de champignons, n&#8217;absorbe pas les odeurs \u00e9trang\u00e8res, \u00e9vacue l&#8217;humidit\u00e9 et r\u00e9duit la transpiration.<br \/>\nFinition du tissu sanforis\u00e9, r\u00e9tr\u00e9cissement r\u00e9duit apr\u00e8s le lavage.<br \/>\nProduit polonais, certificat OEKO-TEX\u00ae.<\/p>\n","protected":false},"featured_media":6011,"comment_status":"open","ping_status":"closed","template":"","meta":{"_monsterinsights_skip_tracking":false,"_monsterinsights_sitenote_active":false,"_monsterinsights_sitenote_note":"","_monsterinsights_sitenote_category":0},"product_brand":[],"product_cat":[670,664],"product_tag":[],"class_list":{"0":"post-11613","1":"product","2":"type-product","3":"status-publish","4":"has-post-thumbnail","6":"product_cat-bamboo-fr-2","7":"product_cat-oreillers-fr","8":"pa_cechy-respirant-anti-allergenique-naturellement-antibacterien-et-antifongique","9":"pa_rodzaj-matelasse-avec-fermeture-a-glissiere","10":"pa_rozmiar-40-x-40-cm-fr","11":"pa_skladtkaniny-52-bambou-48-coton-sanforise","12":"pa_wykonczenie-etiquette-dangle-en-satin","14":"first","15":"instock","16":"shipping-taxable","17":"purchasable","18":"product-type-simple"},"aioseo_notices":[],"_links":{"self":[{"href":"https:\/\/textillo.com\/fr\/wp-json\/wp\/v2\/product\/11613","targetHints":{"allow":["GET"]}}],"collection":[{"href":"https:\/\/textillo.com\/fr\/wp-json\/wp\/v2\/product"}],"about":[{"href":"https:\/\/textillo.com\/fr\/wp-json\/wp\/v2\/types\/product"}],"replies":[{"embeddable":true,"href":"https:\/\/textillo.com\/fr\/wp-json\/wp\/v2\/comments?post=11613"}],"wp:featuredmedia":[{"embeddable":true,"href":"https:\/\/textillo.com\/fr\/wp-json\/wp\/v2\/media\/6011"}],"wp:attachment":[{"href":"https:\/\/textillo.com\/fr\/wp-json\/wp\/v2\/media?parent=11613"}],"wp:term":[{"taxonomy":"product_brand","embeddable":true,"href":"https:\/\/textillo.com\/fr\/wp-json\/wp\/v2\/product_brand?post=11613"},{"taxonomy":"product_cat","embeddable":true,"href":"https:\/\/textillo.com\/fr\/wp-json\/wp\/v2\/product_cat?post=11613"},{"taxonomy":"product_tag","embeddable":true,"href":"https:\/\/textillo.com\/fr\/wp-json\/wp\/v2\/product_tag?post=11613"}],"curies":[{"name":"wp","href":"https:\/\/api.w.org\/{rel}","templated":true}]}}