{"id":11581,"date":"2019-12-30T14:13:19","date_gmt":"2019-12-30T13:13:19","guid":{"rendered":"https:\/\/www.textillo.com\/produkt\/oreiller-en-microfibre-de-softi-sleep-50-x-60-cm\/"},"modified":"2019-12-30T14:13:19","modified_gmt":"2019-12-30T13:13:19","slug":"oreiller-en-microfibre-de-softi-sleep-50-x-60-cm","status":"publish","type":"product","link":"https:\/\/textillo.com\/fr\/produkt\/oreiller-en-microfibre-de-softi-sleep-50-x-60-cm\/","title":{"rendered":"Oreiller en microfibre de Softi Sleep 50 x 60 cm"},"content":{"rendered":"<p>La microfibre douce exclusive, import\u00e9e de France, est finie avec un processus sp\u00e9cial de peignage de sa couche sup\u00e9rieure, ce qui donne une douceur extraordinaire et une d\u00e9licatesse de velours. Il est dens\u00e9ment tiss\u00e9 et calandr\u00e9 pour emp\u00eacher la migration des garnitures et emp\u00eacher les impuret\u00e9s de p\u00e9n\u00e9trer dans le produit, et en m\u00eame temps il est extr\u00eamement l\u00e9ger et a\u00e9r\u00e9. C&#8217;est la qualit\u00e9 phare d&#8217;IGA HOME, que des milliers de petits et grands dormeurs ont d\u00e9j\u00e0 appris \u00e0 appr\u00e9cier. Il ne contient pas de colorants artificiels ni de produits chimiques nocifs, ce qui le rend sans danger m\u00eame pour les personnes allergiques.<\/p>\n<p>Douceur de la microfibre (100% polyester).<\/p>\n<p>Remplissage :<\/p>\n<p>Fibres de canal silicon\u00e9es HCS (100% polyester). De nombreuses ann\u00e9es de d\u00e9veloppement de la technologie de production et des tests de r\u00e9sistance simulant une utilisation intensive nous ont permis de s\u00e9lectionner un m\u00e9lange sp\u00e9cial de fibres HCS, qui rend le remplissage exceptionnellement \u00e9lastique et r\u00e9sistant \u00e0 l&#8217;\u00e9crasement. Les garnissages des oreillers sont l\u00e9gers, hypoallerg\u00e9niques, assurent une bonne circulation de l&#8217;air et l&#8217;\u00e9vacuation de l&#8217;humidit\u00e9 et ne perdent pas leurs propri\u00e9t\u00e9s apr\u00e8s le lavage. Le tissu non tiss\u00e9 des couettes se distingue par un tissage sp\u00e9cial de fibres multidirectionnelles, qui augmente sa durabilit\u00e9.<\/p>\n<p>L&#8217;air qui s&#8217;accumule dans les canaux, \u00e0 l&#8217;int\u00e9rieur des fibres, isole parfaitement et augmente la sensation de chaleur. L&#8217;enveloppe de silicone \u00e9paisse et durable de chaque fibre individuelle, combin\u00e9e \u00e0 sa forme en spirale, permet de r\u00e9sister \u00e0 l&#8217;enchev\u00eatrement et \u00e0 l&#8217;agglutination de la garniture.<\/p>\n<p>Certificats :<\/p>\n<p>Qualit\u00e9 et s\u00e9curit\u00e9 maximales &#8211; produit certifi\u00e9 conforme aux normes de l&#8217;Institut national de la sant\u00e9 publique. Certifi\u00e9 par l&#8217;Institut National d&#8217;Hygi\u00e8ne &#8211; Certificat de Qualit\u00e9 Sanitaire, confirmant l&#8217;effet b\u00e9n\u00e9fique du produit sur la sant\u00e9. Ne contient pas de colorants artificiels ni de substances chimiques nocives.\u00a0Sans danger pour les personnes allergiques. N&#8217;irrite pas et ne provoque pas d&#8217;allergie. Toutes les mati\u00e8res premi\u00e8res utilis\u00e9es dans la production sont conformes \u00e0 la norme Oeko-Tex 100 classe I &#8211; sans danger pour les b\u00e9b\u00e9s.<\/p>\n<p>Temp\u00e9rature de lavage 60\u00b0C.\u00a0<\/p>\n<p>Le produit est 100% POLIS.<\/p>\n","protected":false},"excerpt":{"rendered":"<p>Microfibre souple (100% polyester), 300 g\/m2.<br \/>\nTissu d\u00e9licat avec finition velours, haut niveau d&#8217;isolation thermique et circulation d&#8217;air optimale, facile \u00e0 laver et \u00e0 s\u00e9cher \u00e0 la maison.<br \/>\nHypoallerg\u00e9nique, pelucheux.<br \/>\nProduit polonais, certificat OEKO-TEX\u00ae.<\/p>\n","protected":false},"featured_media":6023,"comment_status":"open","ping_status":"closed","template":"","meta":{"_monsterinsights_skip_tracking":false,"_monsterinsights_sitenote_active":false,"_monsterinsights_sitenote_note":"","_monsterinsights_sitenote_category":0},"product_brand":[],"product_cat":[664,694],"product_tag":[],"class_list":{"0":"post-11581","1":"product","2":"type-product","3":"status-publish","4":"has-post-thumbnail","6":"product_cat-oreillers-fr","7":"product_cat-softi-fr-2","8":"pa_cechy-hypoallergenique-pelucheux","9":"pa_rodzaj-matelasse-avec-fermeture-a-glissiere","10":"pa_rozmiar-50-x-60-cm-fr","11":"pa_skladtkaniny-microfibre-souple-100-polyester","12":"pa_wykonczenie-etiquette-dangle-en-satin","14":"first","15":"instock","16":"shipping-taxable","17":"purchasable","18":"product-type-simple"},"aioseo_notices":[],"_links":{"self":[{"href":"https:\/\/textillo.com\/fr\/wp-json\/wp\/v2\/product\/11581","targetHints":{"allow":["GET"]}}],"collection":[{"href":"https:\/\/textillo.com\/fr\/wp-json\/wp\/v2\/product"}],"about":[{"href":"https:\/\/textillo.com\/fr\/wp-json\/wp\/v2\/types\/product"}],"replies":[{"embeddable":true,"href":"https:\/\/textillo.com\/fr\/wp-json\/wp\/v2\/comments?post=11581"}],"wp:featuredmedia":[{"embeddable":true,"href":"https:\/\/textillo.com\/fr\/wp-json\/wp\/v2\/media\/6023"}],"wp:attachment":[{"href":"https:\/\/textillo.com\/fr\/wp-json\/wp\/v2\/media?parent=11581"}],"wp:term":[{"taxonomy":"product_brand","embeddable":true,"href":"https:\/\/textillo.com\/fr\/wp-json\/wp\/v2\/product_brand?post=11581"},{"taxonomy":"product_cat","embeddable":true,"href":"https:\/\/textillo.com\/fr\/wp-json\/wp\/v2\/product_cat?post=11581"},{"taxonomy":"product_tag","embeddable":true,"href":"https:\/\/textillo.com\/fr\/wp-json\/wp\/v2\/product_tag?post=11581"}],"curies":[{"name":"wp","href":"https:\/\/api.w.org\/{rel}","templated":true}]}}