{"id":11563,"date":"2020-02-19T12:33:54","date_gmt":"2020-02-19T11:33:54","guid":{"rendered":"https:\/\/www.textillo.com\/produkt\/oreiller-en-microfibre-daloes-50-x-60-cm\/"},"modified":"2020-02-19T12:33:54","modified_gmt":"2020-02-19T11:33:54","slug":"oreiller-en-microfibre-daloes-50-x-60-cm","status":"publish","type":"product","link":"https:\/\/textillo.com\/fr\/produkt\/oreiller-en-microfibre-daloes-50-x-60-cm\/","title":{"rendered":"Oreiller en microfibre d&#8217;alo\u00e8s 50 x 60 cm"},"content":{"rendered":"<p>La microfibre de la plus haute qualit\u00e9 avec une finition douce avec des fibres de carbone entrelac\u00e9es cr\u00e9ant un motif de grille subtil. Il est exempt de colorants artificiels et de produits chimiques nocifs, ce qui le rend sans danger m\u00eame pour les personnes allergiques.<\/p>\n<p>Matelass\u00e9 avec fermeture \u00e0 glissi\u00e8re &#8211; housse matelass\u00e9e \u00e0 deux couches avec fermeture \u00e0 glissi\u00e8re &#8211; tissu matelass\u00e9 avec une couche de non-tiss\u00e9 pour un plus grand confort d&#8217;utilisation, possibilit\u00e9 de r\u00e9gler la hauteur de l&#8217;oreiller et d&#8217;ajuster la quantit\u00e9 de remplissage selon les pr\u00e9f\u00e9rences personnelles, moyennement haut, doux et \u00e9lastique.<\/p>\n<p>Microfibre de carbone (99,6% polyester + 0,4% fibre de carbone).<\/p>\n<p>Remplissage :<\/p>\n<p>Fibres creuses silicon\u00e9es HCS (100% polyester). La technologie de production, d\u00e9velopp\u00e9e depuis de nombreuses ann\u00e9es, ainsi que les tests de r\u00e9sistance simulant une utilisation intensive, nous ont permis de s\u00e9lectionner un m\u00e9lange sp\u00e9cial de fibres HCS, qui rend le remplissage exceptionnellement \u00e9lastique et r\u00e9sistant \u00e0 l&#8217;\u00e9crasement. Les garnissages des oreillers sont l\u00e9gers, hypoallerg\u00e9niques, assurent une bonne circulation de l&#8217;air et l&#8217;\u00e9vacuation de l&#8217;humidit\u00e9 et ne perdent pas leurs propri\u00e9t\u00e9s apr\u00e8s le lavage. Le tissu non tiss\u00e9 des couettes se distingue par un tissage sp\u00e9cial de fibres multidirectionnelles, qui augmente sa durabilit\u00e9.<\/p>\n<p>L&#8217;air qui s&#8217;accumule dans les canaux, \u00e0 l&#8217;int\u00e9rieur des fibres, isole parfaitement et augmente la sensation de chaleur. L&#8217;enveloppe de silicone \u00e9paisse et durable de chaque fibre individuelle, combin\u00e9e \u00e0 sa forme en spirale, permet de r\u00e9sister \u00e0 l&#8217;enchev\u00eatrement et \u00e0 l&#8217;agglutination de la garniture.<\/p>\n","protected":false},"excerpt":{"rendered":"<p>Certificats :<\/p>\n<p>Qualit\u00e9 et s\u00e9curit\u00e9 maximales &#8211; produit certifi\u00e9 conforme aux normes de l&#8217;Institut national de la sant\u00e9 publique. Certifi\u00e9 par l&#8217;Institut National d&#8217;Hygi\u00e8ne &#8211; Certificat de Qualit\u00e9 Sanitaire, confirmant l&#8217;effet b\u00e9n\u00e9fique du produit sur la sant\u00e9. Ne contient pas de colorants artificiels ni de substances chimiques nocives.\u00a0Sans danger pour les personnes allergiques. N&#8217;irrite pas et ne provoque pas d&#8217;allergie. Toutes les mati\u00e8res premi\u00e8res utilis\u00e9es dans la production sont conformes \u00e0 la norme Oeko-Tex 100 classe I &#8211; sans danger pour les b\u00e9b\u00e9s.<\/p>\n<p>Temp\u00e9rature de lavage 60\u00b0C.\u00a0<\/p>\n<p>Produit en 100% POLISH.<\/p>\n<p>Microfibre de carbone (99,6 % de polyester + 0,4 % de fibre de carbone), 300 g\/m2<br \/>\nSoulagement du stress, r\u00e9duction de la fatigue et des tensions musculaires, neutralisation des charges \u00e9lectrostatiques, paix int\u00e9rieure, tranquillit\u00e9.<br \/>\nHypoallerg\u00e9nique, pelucheux, soutenant la r\u00e9g\u00e9n\u00e9ration, matelass\u00e9 avec une fermeture \u00e9clair.<br \/>\nProduit polonais avec certificat OEKO-TEX\u00ae.<\/p>\n","protected":false},"featured_media":6383,"comment_status":"open","ping_status":"closed","template":"","meta":{"_monsterinsights_skip_tracking":false,"_monsterinsights_sitenote_active":false,"_monsterinsights_sitenote_note":"","_monsterinsights_sitenote_category":0},"product_brand":[],"product_cat":[667,664],"product_tag":[],"class_list":{"0":"post-11563","1":"product","2":"type-product","3":"status-publish","4":"has-post-thumbnail","6":"product_cat-aloe-fr-2","7":"product_cat-oreillers-fr","8":"pa_cechy-hypoallergen-flauschig-regenerationshilfe","9":"pa_rodzaj-matelasse-avec-fermeture-a-glissiere","10":"pa_rozmiar-50-x-60-cm-fr","11":"pa_skladtkaniny-mikrofaser-carbon-996-polyester-04-kohlefaser","12":"pa_wykonczenie-etiquette-dangle-en-satin","14":"first","15":"instock","16":"shipping-taxable","17":"purchasable","18":"product-type-simple"},"aioseo_notices":[],"_links":{"self":[{"href":"https:\/\/textillo.com\/fr\/wp-json\/wp\/v2\/product\/11563","targetHints":{"allow":["GET"]}}],"collection":[{"href":"https:\/\/textillo.com\/fr\/wp-json\/wp\/v2\/product"}],"about":[{"href":"https:\/\/textillo.com\/fr\/wp-json\/wp\/v2\/types\/product"}],"replies":[{"embeddable":true,"href":"https:\/\/textillo.com\/fr\/wp-json\/wp\/v2\/comments?post=11563"}],"wp:featuredmedia":[{"embeddable":true,"href":"https:\/\/textillo.com\/fr\/wp-json\/wp\/v2\/media\/6383"}],"wp:attachment":[{"href":"https:\/\/textillo.com\/fr\/wp-json\/wp\/v2\/media?parent=11563"}],"wp:term":[{"taxonomy":"product_brand","embeddable":true,"href":"https:\/\/textillo.com\/fr\/wp-json\/wp\/v2\/product_brand?post=11563"},{"taxonomy":"product_cat","embeddable":true,"href":"https:\/\/textillo.com\/fr\/wp-json\/wp\/v2\/product_cat?post=11563"},{"taxonomy":"product_tag","embeddable":true,"href":"https:\/\/textillo.com\/fr\/wp-json\/wp\/v2\/product_tag?post=11563"}],"curies":[{"name":"wp","href":"https:\/\/api.w.org\/{rel}","templated":true}]}}