{"id":11496,"date":"2020-09-11T09:34:39","date_gmt":"2020-09-11T07:34:39","guid":{"rendered":"https:\/\/www.textillo.com\/produkt\/serviette-de-bain-tissu-eponge-vert-32\/"},"modified":"2020-09-11T09:34:39","modified_gmt":"2020-09-11T07:34:39","slug":"serviette-de-bain-tissu-eponge-vert-32","status":"publish","type":"product","link":"https:\/\/textillo.com\/fr\/produkt\/serviette-de-bain-tissu-eponge-vert-32\/","title":{"rendered":"Serviette de bain &#8211; tissu \u00e9ponge &#8211; vert ( 32 )"},"content":{"rendered":"<p>La serviette de bain FROTTE avec application est irrempla\u00e7able d\u00e8s le premier bain. Il est fabriqu\u00e9 en frottements doux de haute qualit\u00e9 et en coton moelleux. La forme confortable de la serviette s&#8217;av\u00e9rera utile pendant le bain de b\u00e9b\u00e9, ainsi qu&#8217;au quotidien pour se laver les mains et le visage pendant la journ\u00e9e.<\/p>\n<p>Extr\u00eamement doux et d\u00e9licat<br \/>\nGr\u00e2ce \u00e0 ses propri\u00e9t\u00e9s hypoallerg\u00e9niques, il convient aux peaux sensibles.<br \/>\nR\u00e9sistant aux odeurs<br \/>\nS\u00e9chage rapide<br \/>\nForme confortable du gant<br \/>\nUn crochet au niveau de la laveuse qui permet de la suspendre, facilitant ainsi son s\u00e9chage.<\/p>\n","protected":false},"excerpt":{"rendered":"<p>Composition : 80% coton, 20% polyester<br \/>\nPoids : 200 g\/m2<br \/>\nPays de production : Pologne<br \/>\nTaille : 22x15cm<\/p>\n","protected":false},"featured_media":11255,"comment_status":"open","ping_status":"closed","template":"","meta":{"_monsterinsights_skip_tracking":false,"_monsterinsights_sitenote_active":false,"_monsterinsights_sitenote_note":"","_monsterinsights_sitenote_category":0},"product_brand":[],"product_cat":[580,586],"product_tag":[],"class_list":{"0":"post-11496","1":"product","2":"type-product","3":"status-publish","4":"has-post-thumbnail","6":"product_cat-enfant","7":"product_cat-lave-bain","8":"pa_kolor-zielony-32-fr","9":"pa_skladtkaniny-80-coton-20-polyester","11":"first","12":"instock","13":"shipping-taxable","14":"purchasable","15":"product-type-simple"},"aioseo_notices":[],"_links":{"self":[{"href":"https:\/\/textillo.com\/fr\/wp-json\/wp\/v2\/product\/11496","targetHints":{"allow":["GET"]}}],"collection":[{"href":"https:\/\/textillo.com\/fr\/wp-json\/wp\/v2\/product"}],"about":[{"href":"https:\/\/textillo.com\/fr\/wp-json\/wp\/v2\/types\/product"}],"replies":[{"embeddable":true,"href":"https:\/\/textillo.com\/fr\/wp-json\/wp\/v2\/comments?post=11496"}],"wp:featuredmedia":[{"embeddable":true,"href":"https:\/\/textillo.com\/fr\/wp-json\/wp\/v2\/media\/11255"}],"wp:attachment":[{"href":"https:\/\/textillo.com\/fr\/wp-json\/wp\/v2\/media?parent=11496"}],"wp:term":[{"taxonomy":"product_brand","embeddable":true,"href":"https:\/\/textillo.com\/fr\/wp-json\/wp\/v2\/product_brand?post=11496"},{"taxonomy":"product_cat","embeddable":true,"href":"https:\/\/textillo.com\/fr\/wp-json\/wp\/v2\/product_cat?post=11496"},{"taxonomy":"product_tag","embeddable":true,"href":"https:\/\/textillo.com\/fr\/wp-json\/wp\/v2\/product_tag?post=11496"}],"curies":[{"name":"wp","href":"https:\/\/api.w.org\/{rel}","templated":true}]}}