{"id":11209,"date":"2020-02-18T13:50:44","date_gmt":"2020-02-18T12:50:44","guid":{"rendered":"https:\/\/www.textillo.com\/produkt\/housses-de-chaises-lot-de-10-pieces\/"},"modified":"2020-02-18T13:50:44","modified_gmt":"2020-02-18T12:50:44","slug":"housses-de-chaises-lot-de-10-pieces","status":"publish","type":"product","link":"https:\/\/textillo.com\/fr\/produkt\/housses-de-chaises-lot-de-10-pieces\/","title":{"rendered":"Housses de chaises &#8211; Lot de 10 pi\u00e8ces"},"content":{"rendered":"<p>Ensemble professionnel de housses de chaises. Fabriqu\u00e9 en tissu 100% polyester, il s&#8217;\u00e9tire parfaitement sur tout type de chaise. Motif de tissu lisse. La housse est dot\u00e9e d&#8217;une protection contre l&#8217;abrasion et ne n\u00e9cessite pas de repassage.<\/p>\n<p>Couleurs de la couverture :<\/p>\n<p>blanc,<br \/>\nbrun,<br \/>\nbeige,<br \/>\nnoir,<br \/>\nbleu marine<br \/>\nRecommandations pour le lavage et le repassage du linge de lit :<\/p>\n<p>Ne pas utiliser de produits de blanchiment<br \/>\nNous ne recommandons pas le s\u00e9chage en machine.<br \/>\nTemp\u00e9rature de repassage jusqu&#8217;\u00e0 : 200\u00b0C<br \/>\nTemp\u00e9rature de lavage : jusqu&#8217;\u00e0 40\u00b0C<br \/>\nNous ne recommandons pas le nettoyage \u00e0 sec.<br \/>\nAvant de passer une commande, contactez D\u00c9FINITIVEMENT notre service client\u00e8le pour d\u00e9terminer les dimensions de la chaise sur laquelle les housses seront cousues.<\/p>\n","protected":false},"excerpt":{"rendered":"<p>Composition : 100% pes<br \/>\nPoids : 140+\/- g\/m2<br \/>\nPays de production : Pologne<br \/>\nConception : 2729 opt blanc<\/p>\n","protected":false},"featured_media":6371,"comment_status":"open","ping_status":"closed","template":"","meta":{"_monsterinsights_skip_tracking":false,"_monsterinsights_sitenote_active":false,"_monsterinsights_sitenote_note":"","_monsterinsights_sitenote_category":0},"product_brand":[],"product_cat":[625],"product_tag":[2010,2012,2011],"class_list":{"0":"post-11209","1":"product","2":"type-product","3":"status-publish","4":"has-post-thumbnail","6":"product_cat-plinthe","7":"product_tag-hotel-fr","8":"product_tag-krzeslo-fr","9":"product_tag-pokrowiec-fr","10":"pa_gramatura-140-g-m2-fr","11":"pa_kolor-beige-fr-2","12":"pa_kolor-blanc-fr","13":"pa_kolor-bleu-marine","14":"pa_kolor-brun","15":"pa_kolor-noir-fr","16":"pa_skladtkaniny-100-polyester-fr","18":"first","19":"instock","20":"shipping-taxable","21":"purchasable","22":"product-type-simple"},"aioseo_notices":[],"_links":{"self":[{"href":"https:\/\/textillo.com\/fr\/wp-json\/wp\/v2\/product\/11209","targetHints":{"allow":["GET"]}}],"collection":[{"href":"https:\/\/textillo.com\/fr\/wp-json\/wp\/v2\/product"}],"about":[{"href":"https:\/\/textillo.com\/fr\/wp-json\/wp\/v2\/types\/product"}],"replies":[{"embeddable":true,"href":"https:\/\/textillo.com\/fr\/wp-json\/wp\/v2\/comments?post=11209"}],"wp:featuredmedia":[{"embeddable":true,"href":"https:\/\/textillo.com\/fr\/wp-json\/wp\/v2\/media\/6371"}],"wp:attachment":[{"href":"https:\/\/textillo.com\/fr\/wp-json\/wp\/v2\/media?parent=11209"}],"wp:term":[{"taxonomy":"product_brand","embeddable":true,"href":"https:\/\/textillo.com\/fr\/wp-json\/wp\/v2\/product_brand?post=11209"},{"taxonomy":"product_cat","embeddable":true,"href":"https:\/\/textillo.com\/fr\/wp-json\/wp\/v2\/product_cat?post=11209"},{"taxonomy":"product_tag","embeddable":true,"href":"https:\/\/textillo.com\/fr\/wp-json\/wp\/v2\/product_tag?post=11209"}],"curies":[{"name":"wp","href":"https:\/\/api.w.org\/{rel}","templated":true}]}}