{"id":11203,"date":"2020-01-29T13:36:54","date_gmt":"2020-01-29T12:36:54","guid":{"rendered":"https:\/\/www.textillo.com\/produkt\/clip-de-plinthe-en-metal-15-25-mm-lot-de-10-pieces\/"},"modified":"2020-01-29T13:36:54","modified_gmt":"2020-01-29T12:36:54","slug":"clip-de-plinthe-en-metal-15-25-mm-lot-de-10-pieces","status":"publish","type":"product","link":"https:\/\/textillo.com\/fr\/produkt\/clip-de-plinthe-en-metal-15-25-mm-lot-de-10-pieces\/","title":{"rendered":"Clip de plinthe en m\u00e9tal 15-25 mm : Lot de 10 pi\u00e8ces"},"content":{"rendered":"<p>CLIPS DE JUPON<\/p>\n<p>Le clip pour plinthe de table est un produit pratique, de construction solide et durable. Sa forme universelle et son \u00e9lasticit\u00e9 permettent de l&#8217;utiliser sur des plateaux de table de diff\u00e9rentes \u00e9paisseurs sans provoquer de rayures sur leur surface.<\/p>\n<p>Il est \u00e9galement sans danger pour le mat\u00e9riel sans causer de dommages ou de d\u00e9chirures. Le Velcro \u00e0 crochets, fix\u00e9 de fa\u00e7on permanente, garantit un placement pr\u00e9cis et sans probl\u00e8me des fioritures.<\/p>\n<p>Id\u00e9al pour toutes sortes d&#8217;\u00e9v\u00e9nements o\u00f9 vous ne connaissez pas l&#8217;\u00e9paisseur des plateaux de table pour lesquels vous aurez besoin des clips.<\/p>\n<p>IMPORTANT : Nous vous recommandons d&#8217;acheter plus de pi\u00e8ces et de les placer sur le bord de la table de mani\u00e8re optimale tous les 20-25 cm.<\/p>\n","protected":false},"excerpt":{"rendered":"<p>Mat\u00e9riau : m\u00e9tal<br \/>\nCouleur : blanc \/ rev\u00eatement en poudre<br \/>\nLargeur :<br \/>\n2 cm<br \/>\nDimensions :<br \/>\nlargeur du sommet jusqu&#8217;\u00e0 3 cm (15-25 mm)<br \/>\nquantit\u00e9 : emball\u00e9 en 10 pi\u00e8ces<\/p>\n","protected":false},"featured_media":6242,"comment_status":"open","ping_status":"closed","template":"","meta":{"_monsterinsights_skip_tracking":false,"_monsterinsights_sitenote_active":false,"_monsterinsights_sitenote_note":"","_monsterinsights_sitenote_category":0},"product_brand":[],"product_cat":[592,625],"product_tag":[2001,2000,1982],"class_list":{"0":"post-11203","1":"product","2":"type-product","3":"status-publish","4":"has-post-thumbnail","6":"product_cat-hotel-fr","7":"product_cat-plinthe","8":"product_tag-klips-fr","9":"product_tag-klipsy-fr","10":"product_tag-skirting-fr","11":"pa_kolor-blanc-fr","13":"first","14":"instock","15":"shipping-taxable","16":"purchasable","17":"product-type-simple"},"aioseo_notices":[],"_links":{"self":[{"href":"https:\/\/textillo.com\/fr\/wp-json\/wp\/v2\/product\/11203","targetHints":{"allow":["GET"]}}],"collection":[{"href":"https:\/\/textillo.com\/fr\/wp-json\/wp\/v2\/product"}],"about":[{"href":"https:\/\/textillo.com\/fr\/wp-json\/wp\/v2\/types\/product"}],"replies":[{"embeddable":true,"href":"https:\/\/textillo.com\/fr\/wp-json\/wp\/v2\/comments?post=11203"}],"wp:featuredmedia":[{"embeddable":true,"href":"https:\/\/textillo.com\/fr\/wp-json\/wp\/v2\/media\/6242"}],"wp:attachment":[{"href":"https:\/\/textillo.com\/fr\/wp-json\/wp\/v2\/media?parent=11203"}],"wp:term":[{"taxonomy":"product_brand","embeddable":true,"href":"https:\/\/textillo.com\/fr\/wp-json\/wp\/v2\/product_brand?post=11203"},{"taxonomy":"product_cat","embeddable":true,"href":"https:\/\/textillo.com\/fr\/wp-json\/wp\/v2\/product_cat?post=11203"},{"taxonomy":"product_tag","embeddable":true,"href":"https:\/\/textillo.com\/fr\/wp-json\/wp\/v2\/product_tag?post=11203"}],"curies":[{"name":"wp","href":"https:\/\/api.w.org\/{rel}","templated":true}]}}