{"id":11130,"date":"2020-03-17T14:07:03","date_gmt":"2020-03-17T13:07:03","guid":{"rendered":"https:\/\/www.textillo.com\/produkt\/oreiller-a-double-face-en-peluche-yellow-cats-enfant-dage-prescolaire\/"},"modified":"2020-03-17T14:07:03","modified_gmt":"2020-03-17T13:07:03","slug":"oreiller-a-double-face-en-peluche-yellow-cats-enfant-dage-prescolaire","status":"publish","type":"product","link":"https:\/\/textillo.com\/fr\/produkt\/oreiller-a-double-face-en-peluche-yellow-cats-enfant-dage-prescolaire\/","title":{"rendered":"Oreiller \u00e0 double face en peluche Yellow Cats &#8211; enfant d&#8217;\u00e2ge pr\u00e9scolaire"},"content":{"rendered":"<p>OREILLER CHATONS JAUNES<\/p>\n<p>Oreiller &#8211; oreiller c\u00e2lin en polaire &#8220;Minky&#8221; et coton pour literie. Gr\u00e2ce \u00e0 sa structure \u00e0 deux faces, l&#8217;oreiller est parfait \u00e0 la fois pour la d\u00e9coration ou le jeu et comme oreiller pour le sommeil r\u00e9gulier.<\/p>\n<p>Super pour la poussette !<\/p>\n<p>Nous avons une plus grande gamme en vente, des s\u00e9ries pour les filles et les gar\u00e7ons !<\/p>\n<p>Inclus :<\/p>\n<p>remplissage<br \/>\ntaie d&#8217;oreiller \u00e0 deux faces<br \/>\nId\u00e9al pour l&#8217;\u00e9cole maternelle !<\/p>\n<p>Sp\u00e9cification :<\/p>\n<p>poids du tissu en coton : 135 g\/m2,<br \/>\nPoids du tissu Minky : 380 g\/m2,<br \/>\nPoids de base de la garniture de l&#8217;oreiller : 200 g\/m2.<br \/>\nMode d&#8217;emploi :<\/p>\n<p>laver enti\u00e8rement dans une machine \u00e0 laver \u00e0 30\u00ba,<br \/>\nprogramme d\u00e9licat, max &#8211; 800 tr\/min, essorage,<br \/>\nrepassez les tissus en coton \u00e0 une temp\u00e9rature allant jusqu&#8217;\u00e0 110\u00ba C,<br \/>\nutilisez des d\u00e9tergents d\u00e9licats,<br \/>\nn&#8217;utilisez pas d&#8217;eau de Javel,<br \/>\nNe pas laver \u00e0 la main,<br \/>\nNe pas s\u00e9cher en machine.<\/p>\n","protected":false},"excerpt":{"rendered":"<p>Composition du mat\u00e9riau :<br \/>\nhaut : molleton minky (100% polyester),<br \/>\nfond : 100% coton.<br \/>\nRembourrage de l&#8217;oreiller :<br \/>\nContenu mixte<br \/>\nTemp\u00e9rature de lavage : jusqu&#8217;\u00e0 110\u00b0C<br \/>\nPRODUIT POLI, certificat OEKO-TEX\u00ae.<\/p>\n","protected":false},"featured_media":6641,"comment_status":"open","ping_status":"closed","template":"","meta":{"_monsterinsights_skip_tracking":false,"_monsterinsights_sitenote_active":false,"_monsterinsights_sitenote_note":"","_monsterinsights_sitenote_category":0},"product_brand":[],"product_cat":[580,589],"product_tag":[],"class_list":{"0":"post-11130","1":"product","2":"type-product","3":"status-publish","4":"has-post-thumbnail","6":"product_cat-enfant","7":"product_cat-oreillers","8":"pa_material-microfibre","9":"pa_rozmiar-40-x-40-cm-fr","10":"pa_skladtkaniny-100-coton","11":"pa_skladtkaniny-100-polyester-fr","13":"first","14":"instock","15":"shipping-taxable","16":"purchasable","17":"product-type-simple"},"aioseo_notices":[],"_links":{"self":[{"href":"https:\/\/textillo.com\/fr\/wp-json\/wp\/v2\/product\/11130","targetHints":{"allow":["GET"]}}],"collection":[{"href":"https:\/\/textillo.com\/fr\/wp-json\/wp\/v2\/product"}],"about":[{"href":"https:\/\/textillo.com\/fr\/wp-json\/wp\/v2\/types\/product"}],"replies":[{"embeddable":true,"href":"https:\/\/textillo.com\/fr\/wp-json\/wp\/v2\/comments?post=11130"}],"wp:featuredmedia":[{"embeddable":true,"href":"https:\/\/textillo.com\/fr\/wp-json\/wp\/v2\/media\/6641"}],"wp:attachment":[{"href":"https:\/\/textillo.com\/fr\/wp-json\/wp\/v2\/media?parent=11130"}],"wp:term":[{"taxonomy":"product_brand","embeddable":true,"href":"https:\/\/textillo.com\/fr\/wp-json\/wp\/v2\/product_brand?post=11130"},{"taxonomy":"product_cat","embeddable":true,"href":"https:\/\/textillo.com\/fr\/wp-json\/wp\/v2\/product_cat?post=11130"},{"taxonomy":"product_tag","embeddable":true,"href":"https:\/\/textillo.com\/fr\/wp-json\/wp\/v2\/product_tag?post=11130"}],"curies":[{"name":"wp","href":"https:\/\/api.w.org\/{rel}","templated":true}]}}