{"id":10931,"date":"2020-06-05T11:33:28","date_gmt":"2020-06-05T09:33:28","guid":{"rendered":"https:\/\/www.textillo.com\/produkt\/couverture-pour-bebe-minky-vikings-rose-100-x-75-cm\/"},"modified":"2020-06-05T11:33:28","modified_gmt":"2020-06-05T09:33:28","slug":"couverture-pour-bebe-minky-vikings-rose-100-x-75-cm","status":"publish","type":"product","link":"https:\/\/textillo.com\/fr\/produkt\/couverture-pour-bebe-minky-vikings-rose-100-x-75-cm\/","title":{"rendered":"Couverture pour b\u00e9b\u00e9 Minky Vikings rose 100 x 75 cm"},"content":{"rendered":"<p>La couverture isol\u00e9e en minky est extr\u00eamement douce et chaude, elle est donc parfaite comme couverture de poussette, porte-poussette, et comme couette pour le lit pendant la saison froide. Un b\u00e9b\u00e9 envelopp\u00e9 dans un tel tissu dormira bien, se sentant au chaud et en s\u00e9curit\u00e9. Cependant, la couverture en viscose pour b\u00e9b\u00e9s peut jouer bien d&#8217;autres r\u00f4les ! Dans le cas des tout-petits plus \u00e2g\u00e9s, il peut \u00eatre utilis\u00e9 comme tapis de jeu sur le sol, qui isolera du sol froid et amortira les chutes inattendues.<\/p>\n<p>Les couvertures pour b\u00e9b\u00e9 propos\u00e9es dans notre offre sont fabriqu\u00e9es en coton de haute qualit\u00e9 d&#8217;un c\u00f4t\u00e9 et en peluche minky douce de l&#8217;autre. Ils contiennent une isolation antiallergique qui assure la chaleur. La couverture en minky extr\u00eamement douce est \u00e9galement facile \u00e0 entretenir, si l&#8217;on suit toutes les recommandations du fabricant. Nos produits sont fabriqu\u00e9s \u00e0 partir de tissus certifi\u00e9s, afin que chaque parent puisse dormir en paix, en prenant soin de son petit avec des produits de la plus haute qualit\u00e9. Apr\u00e8s tout, une couverture pour b\u00e9b\u00e9 est un article dont on peut tomber amoureux au premier regard et au premier toucher.<\/p>\n<p>La couverture est garnie d&#8217;un molleton de silicone antiallergique de haute qualit\u00e9 d&#8217;une \u00e9paisseur de 1,5 \u00e0 2 cm, ce qui la rend moelleuse et chaude.<br \/>\nLa couverture convient \u00e0 la cr\u00e8che, au jardin d&#8217;enfants, au landau, au lit d&#8217;enfant ou comme tapis de jeu. Gr\u00e2ce au minky super doux de la plus haute qualit\u00e9, chaque enfant adorera la couverture d\u00e8s le premier contact.<br \/>\nLa combinaison de couleurs \u00e9l\u00e9gante rend la couverture chic et \u00e9l\u00e9gante. La couette est id\u00e9ale pour un cadeau et s&#8217;accordera avec n&#8217;importe quel d\u00e9cor dans l&#8217;environnement du b\u00e9b\u00e9.<\/p>\n<p>Taille : 75\u00d7100 cm (\/- 2 cm)<\/p>\n<p>La couverture est lavable en machine, \u00e0 30 degr\u00e9s, essorage faible, sans rin\u00e7age ni adoucissant, repassage uniquement sur le c\u00f4t\u00e9 coton.<\/p>\n","protected":false},"excerpt":{"rendered":"<p>Couverture 100% coton (c\u00f4t\u00e9 graphique), molleton Minky de haute qualit\u00e9 (c\u00f4t\u00e9 couleur).<br \/>\nDimensions 100\u00d775 cm. Large choix de couleurs. Certificat OEKO-TEX\u00ae.<br \/>\nLa couverture est garnie d&#8217;un molleton de silicone antiallergique de haute qualit\u00e9 d&#8217;une \u00e9paisseur de 1,5 \u00e0 2 cm, ce qui la rend moelleuse et chaude.<br \/>\nLes mascottes, ours en peluche inclus dans la photo principale ne font pas r\u00e9f\u00e9rence \u00e0 l&#8217;achat dans la vente aux ench\u00e8res.<\/p>\n","protected":false},"featured_media":10924,"comment_status":"open","ping_status":"closed","template":"","meta":{"_monsterinsights_skip_tracking":false,"_monsterinsights_sitenote_active":false,"_monsterinsights_sitenote_note":"","_monsterinsights_sitenote_category":0},"product_brand":[],"product_cat":[583,580],"product_tag":[763,751,769,778],"class_list":{"0":"post-10931","1":"product","2":"type-product","3":"status-publish","4":"has-post-thumbnail","6":"product_cat-couvertures","7":"product_cat-enfant","8":"product_tag-couverture","9":"product_tag-enfant","10":"product_tag-minky-fr","11":"product_tag-polar-fr","12":"pa_kolor-rose-poudre","13":"pa_material-100-lin-fr","15":"first","16":"outofstock","17":"shipping-taxable","18":"purchasable","19":"product-type-simple"},"aioseo_notices":[],"_links":{"self":[{"href":"https:\/\/textillo.com\/fr\/wp-json\/wp\/v2\/product\/10931","targetHints":{"allow":["GET"]}}],"collection":[{"href":"https:\/\/textillo.com\/fr\/wp-json\/wp\/v2\/product"}],"about":[{"href":"https:\/\/textillo.com\/fr\/wp-json\/wp\/v2\/types\/product"}],"replies":[{"embeddable":true,"href":"https:\/\/textillo.com\/fr\/wp-json\/wp\/v2\/comments?post=10931"}],"wp:featuredmedia":[{"embeddable":true,"href":"https:\/\/textillo.com\/fr\/wp-json\/wp\/v2\/media\/10924"}],"wp:attachment":[{"href":"https:\/\/textillo.com\/fr\/wp-json\/wp\/v2\/media?parent=10931"}],"wp:term":[{"taxonomy":"product_brand","embeddable":true,"href":"https:\/\/textillo.com\/fr\/wp-json\/wp\/v2\/product_brand?post=10931"},{"taxonomy":"product_cat","embeddable":true,"href":"https:\/\/textillo.com\/fr\/wp-json\/wp\/v2\/product_cat?post=10931"},{"taxonomy":"product_tag","embeddable":true,"href":"https:\/\/textillo.com\/fr\/wp-json\/wp\/v2\/product_tag?post=10931"}],"curies":[{"name":"wp","href":"https:\/\/api.w.org\/{rel}","templated":true}]}}