{"id":10919,"date":"2021-01-15T13:41:35","date_gmt":"2021-01-15T12:41:35","guid":{"rendered":"https:\/\/www.textillo.com\/produkt\/sac-ecologique-grand-45-x-52-cm-coeurs\/"},"modified":"2021-01-15T13:41:35","modified_gmt":"2021-01-15T12:41:35","slug":"sac-ecologique-grand-45-x-52-cm-coeurs","status":"publish","type":"product","link":"https:\/\/textillo.com\/fr\/produkt\/sac-ecologique-grand-45-x-52-cm-coeurs\/","title":{"rendered":"Sac \u00e9cologique &#8211; grand &#8211; 45 x 52 cm &#8211; c\u0153urs"},"content":{"rendered":"<p>Sacs \u00e9cologiques<\/p>\n<p>Si vous en avez assez des sacs classiques, que diriez-vous de leur version \u00e9cologique ? Vous pouvez emporter un tel sac avec vous au magasin, pour une promenade, un concert ou une r\u00e9union avec des amis. Dans notre boutique en ligne Textillo, vous trouverez plusieurs dizaines de mod\u00e8les diff\u00e9rents de sacs \u00e9cologiques.<\/p>\n<p>Le cadeau id\u00e9al pour la f\u00eate des grands-m\u00e8res, la f\u00eate des m\u00e8res ou la Saint-Valentin !<\/p>\n<p>Nous vous pr\u00e9sentons un sac \u00e9cologique en tissu de coton avec une surimpression.<\/p>\n<p>Le sac est tr\u00e8s r\u00e9sistant et tr\u00e8s spacieux, ce qui le rend id\u00e9al pour une utilisation quotidienne.<\/p>\n<p>La surimpression est r\u00e9alis\u00e9e par la m\u00e9thode de transfert thermique par sublimation ! C&#8217;est l&#8217;une des m\u00e9thodes les plus durables pour appliquer des impressions sur les tissus !<\/p>\n<p>L&#8217;impression est r\u00e9sistante au lavage !<\/p>\n","protected":false},"excerpt":{"rendered":"<p>Composition : 100% coton<br \/>\nPoids : 125g\/m2<br \/>\nPays de production : Pologne<br \/>\nTaille du sac : 45x52cm<br \/>\nCouleur du sac : Beige (c\u0153urs)<br \/>\nSurimpression : Hearts<\/p>\n","protected":false},"featured_media":9578,"comment_status":"open","ping_status":"closed","template":"","meta":{"_monsterinsights_skip_tracking":false,"_monsterinsights_sitenote_active":false,"_monsterinsights_sitenote_note":"","_monsterinsights_sitenote_category":0},"product_brand":[],"product_cat":[727],"product_tag":[],"class_list":{"0":"post-10919","1":"product","2":"type-product","3":"status-publish","4":"has-post-thumbnail","6":"product_cat-sacs-ecologiques","7":"pa_gramatura-125-g-m2-fr","8":"pa_material-100-lin-fr","9":"pa_skladtkaniny-100-coton-tisse-en-satin","11":"first","12":"instock","13":"shipping-taxable","14":"purchasable","15":"product-type-simple"},"aioseo_notices":[],"_links":{"self":[{"href":"https:\/\/textillo.com\/fr\/wp-json\/wp\/v2\/product\/10919","targetHints":{"allow":["GET"]}}],"collection":[{"href":"https:\/\/textillo.com\/fr\/wp-json\/wp\/v2\/product"}],"about":[{"href":"https:\/\/textillo.com\/fr\/wp-json\/wp\/v2\/types\/product"}],"replies":[{"embeddable":true,"href":"https:\/\/textillo.com\/fr\/wp-json\/wp\/v2\/comments?post=10919"}],"wp:featuredmedia":[{"embeddable":true,"href":"https:\/\/textillo.com\/fr\/wp-json\/wp\/v2\/media\/9578"}],"wp:attachment":[{"href":"https:\/\/textillo.com\/fr\/wp-json\/wp\/v2\/media?parent=10919"}],"wp:term":[{"taxonomy":"product_brand","embeddable":true,"href":"https:\/\/textillo.com\/fr\/wp-json\/wp\/v2\/product_brand?post=10919"},{"taxonomy":"product_cat","embeddable":true,"href":"https:\/\/textillo.com\/fr\/wp-json\/wp\/v2\/product_cat?post=10919"},{"taxonomy":"product_tag","embeddable":true,"href":"https:\/\/textillo.com\/fr\/wp-json\/wp\/v2\/product_tag?post=10919"}],"curies":[{"name":"wp","href":"https:\/\/api.w.org\/{rel}","templated":true}]}}