{"id":10894,"date":"2020-04-07T09:51:40","date_gmt":"2020-04-07T07:51:40","guid":{"rendered":"https:\/\/www.textillo.com\/produkt\/masque-pour-le-visage-5\/"},"modified":"2020-04-07T09:51:40","modified_gmt":"2020-04-07T07:51:40","slug":"masque-pour-le-visage-5","status":"publish","type":"product","link":"https:\/\/textillo.com\/fr\/produkt\/masque-pour-le-visage-5\/","title":{"rendered":"Masque pour le visage"},"content":{"rendered":"<p>Un masque en coton\/polyester de votre choix !<\/p>\n<p>Ne soyez pas surpris lorsque vos voisins commenceront \u00e0 chauffer leurs maisons avec des combustibles solides ou que la saison de la grippe commencera !<\/p>\n<p>Utilisez un masque de protection pratique et r\u00e9utilisable pour vous prot\u00e9ger de l&#8217;inhalation de bact\u00e9ries, de microbes et de smog. R\u00e9pond id\u00e9alement aux exigences d&#8217;une utilisation facile au travail, au passage dans un environnement pollu\u00e9, dans un environnement infectieux, etc.<\/p>\n<p>La haute respirabilit\u00e9 du mat\u00e9riau vous permet de respirer confortablement.<br \/>\nPeut \u00eatre lav\u00e9e \u00e0 haute temp\u00e9rature<br \/>\nLE PRIX EST POUR 5 OU 10 PI\u00c8CES.<br \/>\nLes masques ont<\/p>\n<p>CERTIFICAT DE LA NORME OEKO-TEX<br \/>\nCertificat de qualit\u00e9 sanitaire<\/p>\n","protected":false},"excerpt":{"rendered":"<p>Composition : coton-polyester,<br \/>\nPays de production : Pologne<br \/>\nCouleur : Bleu<\/p>\n","protected":false},"featured_media":6668,"comment_status":"open","ping_status":"closed","template":"","meta":{"_monsterinsights_skip_tracking":false,"_monsterinsights_sitenote_active":false,"_monsterinsights_sitenote_note":"","_monsterinsights_sitenote_category":0},"product_brand":[],"product_cat":[15],"product_tag":[],"class_list":{"0":"post-10894","1":"product","2":"type-product","3":"status-publish","4":"has-post-thumbnail","6":"product_cat-narzuty","7":"pa_kolor-bleu-fr-2","8":"pa_maseczka-couche-unique-5-pieces","9":"pa_maseczka-double-couche-5-pcs","10":"pa_material-toile","12":"first","13":"instock","14":"shipping-taxable","15":"purchasable","16":"product-type-variable","17":"has-default-attributes"},"aioseo_notices":[],"_links":{"self":[{"href":"https:\/\/textillo.com\/fr\/wp-json\/wp\/v2\/product\/10894","targetHints":{"allow":["GET"]}}],"collection":[{"href":"https:\/\/textillo.com\/fr\/wp-json\/wp\/v2\/product"}],"about":[{"href":"https:\/\/textillo.com\/fr\/wp-json\/wp\/v2\/types\/product"}],"replies":[{"embeddable":true,"href":"https:\/\/textillo.com\/fr\/wp-json\/wp\/v2\/comments?post=10894"}],"wp:featuredmedia":[{"embeddable":true,"href":"https:\/\/textillo.com\/fr\/wp-json\/wp\/v2\/media\/6668"}],"wp:attachment":[{"href":"https:\/\/textillo.com\/fr\/wp-json\/wp\/v2\/media?parent=10894"}],"wp:term":[{"taxonomy":"product_brand","embeddable":true,"href":"https:\/\/textillo.com\/fr\/wp-json\/wp\/v2\/product_brand?post=10894"},{"taxonomy":"product_cat","embeddable":true,"href":"https:\/\/textillo.com\/fr\/wp-json\/wp\/v2\/product_cat?post=10894"},{"taxonomy":"product_tag","embeddable":true,"href":"https:\/\/textillo.com\/fr\/wp-json\/wp\/v2\/product_tag?post=10894"}],"curies":[{"name":"wp","href":"https:\/\/api.w.org\/{rel}","templated":true}]}}