{"id":10851,"date":"2020-02-24T09:21:34","date_gmt":"2020-02-24T08:21:34","guid":{"rendered":"https:\/\/www.textillo.com\/produkt\/serviette-de-toilette-blanche-pour-hotel-aqua-500-g-m2-unie-dream-line\/"},"modified":"2021-06-29T12:07:42","modified_gmt":"2021-06-29T10:07:42","slug":"serviette-de-toilette-blanche-pour-hotel-aqua-500-g-m2-unie-dream-line","status":"publish","type":"product","link":"https:\/\/textillo.com\/fr\/produkt\/serviette-de-toilette-blanche-pour-hotel-aqua-500-g-m2-unie-dream-line\/","title":{"rendered":"Serviette de toilette blanche pour h\u00f4tel aqua 500 g\/m2, unie &#8211; Dream Line"},"content":{"rendered":"<p>Serviette d&#8217;h\u00f4tel \u00e0 s\u00e9chage rapide, fabriqu\u00e9e en coton de la plus haute qualit\u00e9 (100 % coton, tissage \u00e9pais de 550 g\/m2). Con\u00e7u pour un usage quotidien pour les personnes qui appr\u00e9cient la tr\u00e8s bonne qualit\u00e9 et les propri\u00e9t\u00e9s fonctionnelles.<\/p>\n<p>Notre serviette de bain est \u00e9paisse, elle absorbe donc parfaitement l&#8217;eau et s\u00e8che tr\u00e8s rapidement, n&#8217;accumule pas en elle les odeurs d\u00e9sagr\u00e9ables, convient pour une utilisation dans le sauna.<\/p>\n<p>En plus de leur fonctionnalit\u00e9, nos serviettes de bain sont \u00e9galement un \u00e9l\u00e9ment d\u00e9coratif important dans notre salle de bains.<\/p>\n","protected":false},"excerpt":{"rendered":"<p>Instructions d&#8217;entretien :<\/p>\n<p>Lavage jusqu&#8217;\u00e0 60 degr\u00e9s C<br \/>\nFer \u00e0 repasser \u00e0 110 degr\u00e9s C<br \/>\nNe pas nettoyer \u00e0 sec<br \/>\nNe pas blanchir<br \/>\nPeut \u00eatre s\u00e9ch\u00e9 en s\u00e8che-linge \u00e0 vitesse r\u00e9duite<\/p>\n","protected":false},"featured_media":6431,"comment_status":"open","ping_status":"closed","template":"","meta":{"_monsterinsights_skip_tracking":false,"_monsterinsights_sitenote_active":false,"_monsterinsights_sitenote_note":"","_monsterinsights_sitenote_category":0},"product_brand":[],"product_cat":[619],"product_tag":[],"class_list":{"0":"post-10851","1":"product","2":"type-product","3":"status-publish","4":"has-post-thumbnail","6":"product_cat-serviettes-de-bain","7":"pa_kolor-blanc-fr","8":"pa_material-100-lin-fr","9":"pa_rozmiar-50-x-100-cm-fr","10":"pa_rozmiar-70-x-140-cm-fr","12":"first","13":"instock","14":"shipping-taxable","15":"purchasable","16":"product-type-variable","17":"has-default-attributes"},"aioseo_notices":[],"_links":{"self":[{"href":"https:\/\/textillo.com\/fr\/wp-json\/wp\/v2\/product\/10851","targetHints":{"allow":["GET"]}}],"collection":[{"href":"https:\/\/textillo.com\/fr\/wp-json\/wp\/v2\/product"}],"about":[{"href":"https:\/\/textillo.com\/fr\/wp-json\/wp\/v2\/types\/product"}],"replies":[{"embeddable":true,"href":"https:\/\/textillo.com\/fr\/wp-json\/wp\/v2\/comments?post=10851"}],"wp:featuredmedia":[{"embeddable":true,"href":"https:\/\/textillo.com\/fr\/wp-json\/wp\/v2\/media\/6431"}],"wp:attachment":[{"href":"https:\/\/textillo.com\/fr\/wp-json\/wp\/v2\/media?parent=10851"}],"wp:term":[{"taxonomy":"product_brand","embeddable":true,"href":"https:\/\/textillo.com\/fr\/wp-json\/wp\/v2\/product_brand?post=10851"},{"taxonomy":"product_cat","embeddable":true,"href":"https:\/\/textillo.com\/fr\/wp-json\/wp\/v2\/product_cat?post=10851"},{"taxonomy":"product_tag","embeddable":true,"href":"https:\/\/textillo.com\/fr\/wp-json\/wp\/v2\/product_tag?post=10851"}],"curies":[{"name":"wp","href":"https:\/\/api.w.org\/{rel}","templated":true}]}}