{"id":10825,"date":"2020-05-15T14:06:31","date_gmt":"2020-05-15T12:06:31","guid":{"rendered":"https:\/\/www.textillo.com\/produkt\/super-cadeau-pour-la-fete-des-meres-la-fete-des-peres-serviette-de-bain-diplome\/"},"modified":"2020-05-15T14:06:31","modified_gmt":"2020-05-15T12:06:31","slug":"super-cadeau-pour-la-fete-des-meres-la-fete-des-peres-serviette-de-bain-diplome","status":"publish","type":"product","link":"https:\/\/textillo.com\/fr\/produkt\/super-cadeau-pour-la-fete-des-meres-la-fete-des-peres-serviette-de-bain-diplome\/","title":{"rendered":"Super cadeau pour la f\u00eate des m\u00e8res \/ la f\u00eate des p\u00e8res &#8211; Serviette de bain + Dipl\u00f4me"},"content":{"rendered":"<p>Serviette 100% coton, tissage \u00e9pais de 550 g\/m2<br \/>\nDIPL\u00d4ME COUSU DANS LE TISSU. Gr\u00e2ce \u00e0 cela, il peut \u00eatre facilement encadr\u00e9.<br \/>\nNos serviettes sont extr\u00eamement d\u00e9licates et tr\u00e8s absorbantes, de sorte que vous aurez beaucoup de plaisir \u00e0 vous essuyer.<br \/>\nDimensions 50 x 70 cm ou 70 x 140 cm. Large gamme de couleurs de serviettes. Certifi\u00e9 OEKO-TEX\u00ae.<\/p>\n","protected":false},"excerpt":{"rendered":"<p>Serviette 100% coton, tissage \u00e9pais de 550 g\/m2<br \/>\nDIPL\u00d4ME COUSU DANS LE TISSU. Gr\u00e2ce \u00e0 cela, il peut \u00eatre facilement encadr\u00e9.<br \/>\nNos serviettes sont extr\u00eamement d\u00e9licates et tr\u00e8s absorbantes, de sorte que vous aurez beaucoup de plaisir \u00e0 vous essuyer.<br \/>\nDimensions 50 x 70 cm ou 70 x 140 cm. Large gamme de couleurs de serviettes. Certifi\u00e9 OEKO-TEX\u00ae.<\/p>\n","protected":false},"featured_media":6851,"comment_status":"open","ping_status":"closed","template":"","meta":{"_monsterinsights_skip_tracking":false,"_monsterinsights_sitenote_active":false,"_monsterinsights_sitenote_note":"","_monsterinsights_sitenote_category":0},"product_brand":[],"product_cat":[631,15],"product_tag":[],"class_list":{"0":"post-10825","1":"product","2":"type-product","3":"status-publish","4":"has-post-thumbnail","6":"product_cat-couvertures-couvre-lits","7":"product_cat-narzuty","8":"pa_gramatura-550-g-m2-fr","9":"pa_kolor-blanc","10":"pa_kolor-rouge","11":"pa_rozmiar-50-x-100-cm-fr","12":"pa_rozmiar-70-x-140-cm-fr","13":"pa_skladtkaniny-100-coton","15":"first","16":"outofstock","17":"shipping-taxable","18":"purchasable","19":"product-type-variable","20":"has-default-attributes"},"aioseo_notices":[],"_links":{"self":[{"href":"https:\/\/textillo.com\/fr\/wp-json\/wp\/v2\/product\/10825","targetHints":{"allow":["GET"]}}],"collection":[{"href":"https:\/\/textillo.com\/fr\/wp-json\/wp\/v2\/product"}],"about":[{"href":"https:\/\/textillo.com\/fr\/wp-json\/wp\/v2\/types\/product"}],"replies":[{"embeddable":true,"href":"https:\/\/textillo.com\/fr\/wp-json\/wp\/v2\/comments?post=10825"}],"wp:featuredmedia":[{"embeddable":true,"href":"https:\/\/textillo.com\/fr\/wp-json\/wp\/v2\/media\/6851"}],"wp:attachment":[{"href":"https:\/\/textillo.com\/fr\/wp-json\/wp\/v2\/media?parent=10825"}],"wp:term":[{"taxonomy":"product_brand","embeddable":true,"href":"https:\/\/textillo.com\/fr\/wp-json\/wp\/v2\/product_brand?post=10825"},{"taxonomy":"product_cat","embeddable":true,"href":"https:\/\/textillo.com\/fr\/wp-json\/wp\/v2\/product_cat?post=10825"},{"taxonomy":"product_tag","embeddable":true,"href":"https:\/\/textillo.com\/fr\/wp-json\/wp\/v2\/product_tag?post=10825"}],"curies":[{"name":"wp","href":"https:\/\/api.w.org\/{rel}","templated":true}]}}