{"id":10824,"date":"2021-01-29T13:07:40","date_gmt":"2021-01-29T12:07:40","guid":{"rendered":"https:\/\/www.textillo.com\/produkt\/coffret-cadeau-pour-la-saint-valentin-2-serviettes-50x100cm\/"},"modified":"2021-01-29T13:07:40","modified_gmt":"2021-01-29T12:07:40","slug":"coffret-cadeau-pour-la-saint-valentin-2-serviettes-50x100cm","status":"publish","type":"product","link":"https:\/\/textillo.com\/fr\/produkt\/coffret-cadeau-pour-la-saint-valentin-2-serviettes-50x100cm\/","title":{"rendered":"Coffret cadeau pour la Saint-Valentin &#8211; 2 serviettes 50x100cm"},"content":{"rendered":"<p>Les serviettes de bain \u00e0 s\u00e9chage rapide sont enti\u00e8rement fabriqu\u00e9es en coton de la plus haute qualit\u00e9 (100 % coton, tissage \u00e9pais de 550 g\/m2). Con\u00e7u pour un usage quotidien pour les personnes qui appr\u00e9cient la tr\u00e8s bonne qualit\u00e9 et les propri\u00e9t\u00e9s fonctionnelles.<\/p>\n<p>Nos serviettes de bain sont \u00e9paisses, elles absorbent donc parfaitement l&#8217;eau et s\u00e8chent tr\u00e8s rapidement, n&#8217;accumulent pas d&#8217;odeurs d\u00e9sagr\u00e9ables, conviennent pour une utilisation dans le sauna.<\/p>\n<p>Nous avons diff\u00e9rentes tailles 50 x 100 cm et 70 x 140 cm &#8211; vous pouvez utiliser les petites serviettes pour vous essuyer les mains et le visage, et une grande serviette pour couvrir tout votre corps apr\u00e8s le bain.<\/p>\n<p>Nos serviettes de bain, en plus de leur fonctionnalit\u00e9, sont \u00e9galement un \u00e9l\u00e9ment d\u00e9coratif important dans notre salle de bain.<\/p>\n<p>Le coffret cadeau est une merveilleuse proposition pour diff\u00e9rentes occasions. Les serviettes ont une broderie &#8220;I love you&#8221;.<\/p>\n<p>L&#8217;ensemble se compose de :<\/p>\n<p>2 serviettes blanches et rouges 50\u00d7100 cm<br \/>\nExcellente suggestion dans l&#8217;alternative la moins ch\u00e8re pour cr\u00e9er votre propre id\u00e9e de cadeau DIY.<\/p>\n<p>Instructions d&#8217;entretien :<\/p>\n<p>Lavage jusqu&#8217;\u00e0 60 degr\u00e9s C<br \/>\nFer \u00e0 repasser \u00e0 110 degr\u00e9s C<br \/>\nNe pas nettoyer \u00e0 sec<br \/>\nNe pas blanchir<br \/>\nPeut \u00eatre s\u00e9ch\u00e9 en s\u00e8che-linge \u00e0 vitesse r\u00e9duite<\/p>\n","protected":false},"excerpt":{"rendered":"<p>Serviette 100% coton, tissage \u00e9pais de 550 g\/m2<br \/>\nNos serviettes sont extr\u00eamement d\u00e9licates et tr\u00e8s absorbantes, de sorte que vous aurez beaucoup de plaisir \u00e0 vous essuyer.<br \/>\nDimensions 50 x 100 cm.  Certifi\u00e9 OEKO-TEX\u00ae.<\/p>\n","protected":false},"featured_media":9668,"comment_status":"open","ping_status":"closed","template":"","meta":{"_monsterinsights_skip_tracking":false,"_monsterinsights_sitenote_active":false,"_monsterinsights_sitenote_note":"","_monsterinsights_sitenote_category":0},"product_brand":[],"product_cat":[631,15],"product_tag":[],"class_list":{"0":"post-10824","1":"product","2":"type-product","3":"status-publish","4":"has-post-thumbnail","6":"product_cat-couvertures-couvre-lits","7":"product_cat-narzuty","8":"pa_gramatura-550-g-m2-fr","9":"pa_skladtkaniny-100-coton","11":"first","12":"outofstock","13":"shipping-taxable","14":"purchasable","15":"product-type-simple"},"aioseo_notices":[],"_links":{"self":[{"href":"https:\/\/textillo.com\/fr\/wp-json\/wp\/v2\/product\/10824","targetHints":{"allow":["GET"]}}],"collection":[{"href":"https:\/\/textillo.com\/fr\/wp-json\/wp\/v2\/product"}],"about":[{"href":"https:\/\/textillo.com\/fr\/wp-json\/wp\/v2\/types\/product"}],"replies":[{"embeddable":true,"href":"https:\/\/textillo.com\/fr\/wp-json\/wp\/v2\/comments?post=10824"}],"wp:featuredmedia":[{"embeddable":true,"href":"https:\/\/textillo.com\/fr\/wp-json\/wp\/v2\/media\/9668"}],"wp:attachment":[{"href":"https:\/\/textillo.com\/fr\/wp-json\/wp\/v2\/media?parent=10824"}],"wp:term":[{"taxonomy":"product_brand","embeddable":true,"href":"https:\/\/textillo.com\/fr\/wp-json\/wp\/v2\/product_brand?post=10824"},{"taxonomy":"product_cat","embeddable":true,"href":"https:\/\/textillo.com\/fr\/wp-json\/wp\/v2\/product_cat?post=10824"},{"taxonomy":"product_tag","embeddable":true,"href":"https:\/\/textillo.com\/fr\/wp-json\/wp\/v2\/product_tag?post=10824"}],"curies":[{"name":"wp","href":"https:\/\/api.w.org\/{rel}","templated":true}]}}