{"id":10659,"date":"2019-12-06T11:30:21","date_gmt":"2019-12-06T10:30:21","guid":{"rendered":"https:\/\/www.textillo.com\/produkt\/serviette-de-bain-en-coton-550-g-m2-a-armure-epaisse-noire\/"},"modified":"2021-06-29T12:17:14","modified_gmt":"2021-06-29T10:17:14","slug":"serviette-de-bain-en-coton-550-g-m2-a-armure-epaisse-noire","status":"publish","type":"product","link":"https:\/\/textillo.com\/fr\/produkt\/serviette-de-bain-en-coton-550-g-m2-a-armure-epaisse-noire\/","title":{"rendered":"Serviette de bain en coton 550 g\/m2 \u00e0 armure \u00e9paisse, noire"},"content":{"rendered":"<p>Cette serviette de bain \u00e0 s\u00e9chage rapide est enti\u00e8rement fabriqu\u00e9e en coton de qualit\u00e9 sup\u00e9rieure (100 % coton, tissage \u00e9pais de 550 g\/m2). Elle est con\u00e7ue pour un usage quotidien pour les personnes qui appr\u00e9cient la tr\u00e8s bonne qualit\u00e9 et les propri\u00e9t\u00e9s fonctionnelles.<\/p>\n<p>Notre serviette de bain est \u00e9paisse, elle absorbe donc tr\u00e8s bien l&#8217;eau et s\u00e8che tr\u00e8s rapidement, elle n&#8217;accumule pas d&#8217;odeurs d\u00e9sagr\u00e9ables en elle-m\u00eame, elle est adapt\u00e9e \u00e0 une utilisation dans le sauna.<\/p>\n<p>Nous avons diff\u00e9rentes tailles 50 x 100 cm et 70 x 140 cm &#8211; avec la plus petite serviette vous pouvez vous essuyer les mains et le visage, et avec la grande vous pouvez couvrir tout votre corps apr\u00e8s le bain.<\/p>\n<p>En plus de leur fonctionnalit\u00e9, nos serviettes de bain sont \u00e9galement un \u00e9l\u00e9ment d\u00e9coratif important dans notre salle de bain.<\/p>\n<p>Instructions d&#8217;entretien :<\/p>\n<p>Lavable \u00e0 une temp\u00e9rature maximale de 60 degr\u00e9s C<br \/>\nRepasser \u00e0 une temp\u00e9rature allant jusqu&#8217;\u00e0 110 degr\u00e9s C<br \/>\nNe pas nettoyer \u00e0 sec<br \/>\nNe pas blanchir<br \/>\nPeut \u00eatre s\u00e9ch\u00e9 au s\u00e8che-linge \u00e0 vitesse r\u00e9duite<\/p>\n","protected":false},"excerpt":{"rendered":"<p>100% coton, tissage \u00e9pais de 550 g\/m2<br \/>\nDeux tailles 50 x 100 cm ou 70 x 140 cm<br \/>\nS\u00e9chage rapide et doux au toucher<br \/>\nCertificat OEKO-TEX\u00ae.<\/p>\n","protected":false},"featured_media":5879,"comment_status":"open","ping_status":"closed","template":"","meta":{"_monsterinsights_skip_tracking":false,"_monsterinsights_sitenote_active":false,"_monsterinsights_sitenote_note":"","_monsterinsights_sitenote_category":0},"product_brand":[],"product_cat":[724],"product_tag":[793],"class_list":{"0":"post-10659","1":"product","2":"type-product","3":"status-publish","4":"has-post-thumbnail","6":"product_cat-serviettes-de-bain-fr","7":"product_tag-serviette","8":"pa_gramatura-550-g-m2-fr","9":"pa_kolor-noir-fr","10":"pa_rozmiar-50-x-100-cm-fr","11":"pa_rozmiar-70-x-140-cm-fr","12":"pa_skladtkaniny-100-coton","14":"first","15":"outofstock","16":"featured","17":"shipping-taxable","18":"purchasable","19":"product-type-variable","20":"has-default-attributes"},"aioseo_notices":[],"_links":{"self":[{"href":"https:\/\/textillo.com\/fr\/wp-json\/wp\/v2\/product\/10659","targetHints":{"allow":["GET"]}}],"collection":[{"href":"https:\/\/textillo.com\/fr\/wp-json\/wp\/v2\/product"}],"about":[{"href":"https:\/\/textillo.com\/fr\/wp-json\/wp\/v2\/types\/product"}],"replies":[{"embeddable":true,"href":"https:\/\/textillo.com\/fr\/wp-json\/wp\/v2\/comments?post=10659"}],"wp:featuredmedia":[{"embeddable":true,"href":"https:\/\/textillo.com\/fr\/wp-json\/wp\/v2\/media\/5879"}],"wp:attachment":[{"href":"https:\/\/textillo.com\/fr\/wp-json\/wp\/v2\/media?parent=10659"}],"wp:term":[{"taxonomy":"product_brand","embeddable":true,"href":"https:\/\/textillo.com\/fr\/wp-json\/wp\/v2\/product_brand?post=10659"},{"taxonomy":"product_cat","embeddable":true,"href":"https:\/\/textillo.com\/fr\/wp-json\/wp\/v2\/product_cat?post=10659"},{"taxonomy":"product_tag","embeddable":true,"href":"https:\/\/textillo.com\/fr\/wp-json\/wp\/v2\/product_tag?post=10659"}],"curies":[{"name":"wp","href":"https:\/\/api.w.org\/{rel}","templated":true}]}}