{"id":10566,"date":"2020-12-23T09:16:51","date_gmt":"2020-12-23T08:16:51","guid":{"rendered":"https:\/\/www.textillo.com\/produkt\/couverture-en-coton-acrylique-150x200-1380-1\/"},"modified":"2020-12-23T09:16:51","modified_gmt":"2020-12-23T08:16:51","slug":"couverture-en-coton-acrylique-150x200-1380-1","status":"publish","type":"product","link":"https:\/\/textillo.com\/fr\/produkt\/couverture-en-coton-acrylique-150x200-1380-1\/","title":{"rendered":"Couverture en coton-acrylique 150&#215;200 &#8211; 1380\/1"},"content":{"rendered":"<p>Nous souhaitons vous pr\u00e9senter notre derni\u00e8re collection de couvertures Cotton Cloud. Cette ann\u00e9e, notre offre comprend aussi bien des propositions de style traditionnel que des dessins g\u00e9om\u00e9triques modernes.<\/p>\n<p>Couverture \u00e0 franges en coton-acrylique disponible dans une large gamme de couleurs et de motifs. La couverture peut \u00eatre utilis\u00e9e comme couverture de plage, couverture de pique-nique et m\u00eame comme couvre-lit. Doux et agr\u00e9able au toucher, il enveloppera les matins froids et d\u00e9corera chaque salon et chambre \u00e0 coucher. La couverture est emball\u00e9e dans une housse pratique \u00e0 fermeture \u00e9clair.<\/p>\n<p>Instructions d&#8217;entretien :<\/p>\n<p>&#8211; le produit doit \u00eatre lav\u00e9 dans une solution de produits de lavage d\u00e9licats,<\/p>\n<p>&#8211; laver \u00e0 une temp\u00e9rature ne d\u00e9passant pas 40\u00b0C,<br \/>\n&#8211; centrifugation limit\u00e9e,<br \/>\n&#8211; n&#8217;utilisez pas de produits de blanchiment contenant des compos\u00e9s chlor\u00e9s,<br \/>\n&#8211; ne pas repasser,<br \/>\n&#8211; peut \u00eatre nettoy\u00e9 \u00e0 sec,<br \/>\n&#8211; ne pas s\u00e9cher par culbutage.<\/p>\n","protected":false},"excerpt":{"rendered":"<p>Taille : 150&#215;200<br \/>\nComposition : 60% coton, 35% acrylique, 5% polyester<br \/>\nPoids : 430 g\/m2<\/p>\n","protected":false},"featured_media":9512,"comment_status":"open","ping_status":"closed","template":"","meta":{"_monsterinsights_skip_tracking":false,"_monsterinsights_sitenote_active":false,"_monsterinsights_sitenote_note":"","_monsterinsights_sitenote_category":0},"product_brand":[],"product_cat":[2436],"product_tag":[],"class_list":{"0":"post-10566","1":"product","2":"type-product","3":"status-publish","4":"has-post-thumbnail","6":"product_cat-koce-fr","7":"pa_gramatura-430g-m2-fr","8":"pa_material-100-lin-fr","9":"pa_material-acrylique","10":"pa_material-polyester-fr","11":"pa_rozmiar-150x200-fr","13":"first","14":"outofstock","15":"shipping-taxable","16":"purchasable","17":"product-type-simple"},"aioseo_notices":[],"_links":{"self":[{"href":"https:\/\/textillo.com\/fr\/wp-json\/wp\/v2\/product\/10566","targetHints":{"allow":["GET"]}}],"collection":[{"href":"https:\/\/textillo.com\/fr\/wp-json\/wp\/v2\/product"}],"about":[{"href":"https:\/\/textillo.com\/fr\/wp-json\/wp\/v2\/types\/product"}],"replies":[{"embeddable":true,"href":"https:\/\/textillo.com\/fr\/wp-json\/wp\/v2\/comments?post=10566"}],"wp:featuredmedia":[{"embeddable":true,"href":"https:\/\/textillo.com\/fr\/wp-json\/wp\/v2\/media\/9512"}],"wp:attachment":[{"href":"https:\/\/textillo.com\/fr\/wp-json\/wp\/v2\/media?parent=10566"}],"wp:term":[{"taxonomy":"product_brand","embeddable":true,"href":"https:\/\/textillo.com\/fr\/wp-json\/wp\/v2\/product_brand?post=10566"},{"taxonomy":"product_cat","embeddable":true,"href":"https:\/\/textillo.com\/fr\/wp-json\/wp\/v2\/product_cat?post=10566"},{"taxonomy":"product_tag","embeddable":true,"href":"https:\/\/textillo.com\/fr\/wp-json\/wp\/v2\/product_tag?post=10566"}],"curies":[{"name":"wp","href":"https:\/\/api.w.org\/{rel}","templated":true}]}}