{"id":10508,"date":"2020-02-14T09:41:30","date_gmt":"2020-02-14T08:41:30","guid":{"rendered":"https:\/\/www.textillo.com\/produkt\/drap-de-lit-en-satin-de-coton-blanc\/"},"modified":"2021-05-07T14:36:05","modified_gmt":"2021-05-07T12:36:05","slug":"drap-de-lit-en-satin-de-coton-blanc","status":"publish","type":"product","link":"https:\/\/textillo.com\/fr\/produkt\/drap-de-lit-en-satin-de-coton-blanc\/","title":{"rendered":"Drap de lit en satin de coton &#8211; Blanc"},"content":{"rendered":"<p>Teinture r\u00e9active de haute qualit\u00e9 &#8211; couleurs intenses et durables, r\u00e9sistant aux lavages fr\u00e9quents.<\/p>\n<p>100% coton naturel \u00e0 armure satin, en poids \u00e9lev\u00e9.<\/p>\n<p>Gr\u00e2ce \u00e0 des fils soigneusement s\u00e9lectionn\u00e9s, il se caract\u00e9rise par une douceur naturelle et une brillance exclusive.<\/p>\n<p>Id\u00e9al pour les personnes qui appr\u00e9cient un grand confort !<\/p>\n<p>Poss\u00e8de des propri\u00e9t\u00e9s respirantes et thermor\u00e9gulatrices<br \/>\nEmp\u00eache la transpiration excessive du corps<br \/>\nAssure un sommeil paisible et sain<br \/>\nPas d&#8217;irritation de la peau<br \/>\nFacile \u00e0 laver \u00e0 la maison prot\u00e8ge contre le d\u00e9veloppement des acariens et des bact\u00e9ries<\/p>\n<p>Pour profiter le plus longtemps possible d&#8217;une literie de haute qualit\u00e9, n&#8217;oubliez pas de suivre ces instructions d&#8217;entretien :<\/p>\n<p>Avant la premi\u00e8re utilisation, nous vous recommandons de laver votre literie selon les instructions du fabricant.<br \/>\nS\u00e9parez votre linge et ne m\u00e9langez pas les couleurs claires avec les couleurs fonc\u00e9es.<br \/>\nPour la literie de couleur, utilisez des d\u00e9tergents doux con\u00e7us pour le lavage des tissus de couleur.<br \/>\nNe d\u00e9passez pas la temp\u00e9rature de lavage maximale autoris\u00e9e<br \/>\nSi vous n&#8217;aimez pas repasser vos draps, lavez-les sur un programme doux avec un essorage court \u00e0 faible vitesse.<br \/>\nNe laissez pas le linge de lit dans la machine \u00e0 laver une fois le cycle de lavage termin\u00e9 &#8211; cela rendrait le repassage du tissu difficile, pourrait \u00e9galement entra\u00eener une d\u00e9coloration et m\u00eame des changements irr\u00e9versibles de sa structure, tels que la pourriture ou la formation de moisissures.<br \/>\nS\u00e9chez toujours la literie en la suspendant pour assurer une circulation d&#8217;air uniforme sur toute la largeur du tissu.<br \/>\nN&#8217;exposez pas la literie de couleur fonc\u00e9e \u00e0 la lumi\u00e8re directe du soleil, car cela pourrait entra\u00eener une d\u00e9coloration locale.<\/p>\n<p>ng to direct sunlight as this may result in local colour fading<\/p>\n","protected":false},"excerpt":{"rendered":"<p>100% coton &#8211; satin,<br \/>\ngrammage 125g\/m2,<br \/>\npas d&#8217;\u00e9lastique<br \/>\ntemp\u00e9rature de lavage 60\u00b0C<br \/>\nProduit polonais<\/p>\n","protected":false},"featured_media":6293,"comment_status":"open","ping_status":"closed","template":"","meta":{"_monsterinsights_skip_tracking":false,"_monsterinsights_sitenote_active":false,"_monsterinsights_sitenote_note":"","_monsterinsights_sitenote_category":0},"product_brand":[],"product_cat":[545,546],"product_tag":[552,555,553,554],"class_list":{"0":"post-10508","1":"product","2":"type-product","3":"status-publish","4":"has-post-thumbnail","6":"product_cat-feuilles","7":"product_cat-draps-en-coton","8":"product_tag-coton","9":"product_tag-drap-de-coton","10":"product_tag-feuille","11":"product_tag-satin-fr","12":"pa_gramatura-125-g-m2-fr","13":"pa_kolor-14-blanc","14":"pa_rozmiar-200-x-220-cm-fr","15":"pa_rozmiar-160-x-210-cm-fr","16":"pa_skladtkaniny-100-coton-tisse-en-satin","18":"first","19":"instock","20":"shipping-taxable","21":"purchasable","22":"product-type-variable","23":"has-default-attributes"},"aioseo_notices":[],"_links":{"self":[{"href":"https:\/\/textillo.com\/fr\/wp-json\/wp\/v2\/product\/10508","targetHints":{"allow":["GET"]}}],"collection":[{"href":"https:\/\/textillo.com\/fr\/wp-json\/wp\/v2\/product"}],"about":[{"href":"https:\/\/textillo.com\/fr\/wp-json\/wp\/v2\/types\/product"}],"replies":[{"embeddable":true,"href":"https:\/\/textillo.com\/fr\/wp-json\/wp\/v2\/comments?post=10508"}],"wp:featuredmedia":[{"embeddable":true,"href":"https:\/\/textillo.com\/fr\/wp-json\/wp\/v2\/media\/6293"}],"wp:attachment":[{"href":"https:\/\/textillo.com\/fr\/wp-json\/wp\/v2\/media?parent=10508"}],"wp:term":[{"taxonomy":"product_brand","embeddable":true,"href":"https:\/\/textillo.com\/fr\/wp-json\/wp\/v2\/product_brand?post=10508"},{"taxonomy":"product_cat","embeddable":true,"href":"https:\/\/textillo.com\/fr\/wp-json\/wp\/v2\/product_cat?post=10508"},{"taxonomy":"product_tag","embeddable":true,"href":"https:\/\/textillo.com\/fr\/wp-json\/wp\/v2\/product_tag?post=10508"}],"curies":[{"name":"wp","href":"https:\/\/api.w.org\/{rel}","templated":true}]}}