{"id":11580,"date":"2019-12-30T14:13:19","date_gmt":"2019-12-30T13:13:19","guid":{"rendered":"https:\/\/www.textillo.com\/produkt\/softi-sleep-microfibre-pillow-50-x-60-cm\/"},"modified":"2022-11-26T15:46:19","modified_gmt":"2022-11-26T14:46:19","slug":"softi-sleep-microfibre-pillow-50-x-60-cm","status":"publish","type":"product","link":"https:\/\/textillo.com\/en\/produkt\/softi-sleep-microfibre-pillow-50-x-60-cm\/","title":{"rendered":"Softi Sleep Microfibre Pillow 50 x 60 cm"},"content":{"rendered":"<p>&nbsp;<\/p>\n<p>As the well-known Polish proverb goes:\u00a0&#8220;jak sobie po\u015bcielesz, tak si\u0119 wy\u015bpisz&#8221;. We took it very literally. The most important issues during sleep are a comfortable bed with a suitable mattress, which forms an inseparable pair with bedclothes, which, next to pyjamas, have the greatest contact with the body.<\/p>\n<p>What is the best pillow?\u00a0Certainly soft, nice, durable, but above all the filling is important &#8211; our pillow has a filling of highly elastic silicone ball, which makes it light, elastic and anti-static.<\/p>\n<p>The Softi Sen pillow is warp-resistant, moulds to the head and we have adjusted its height based on medical indications.<\/p>\n<p>The use of a wavy quilting pattern is not accidental. It serves to protect the filling from shifting and ensures optimal thermoregulation during cold winter nights.<\/p>\n<p>The velvety and fluffy Softi Sen pillow will ensure complete sleeping comfort thanks to its quilted structure. It is this, combined with the quality filling, that allows optimum air circulation so that you don&#8217;t sweat and your skin breathes, but not only that. Meaty yet airy, the perfect pillow for winter!\u00a0Its greatest asset is its Polish production.\u00a0We carefully select and test the quality of the fabrics we choose to sew our pillows. They do not contain artificial dyes or harmful chemicals. We are conscious of the quality of the products we offer.<\/p>\n<p>The exclusive soft microfibre, imported from France, is finished by a special process of combing its top layer, which results in an extraordinary fleshy yet velvety softness. It is densely woven and calendered to prevent the filling from migrating and prevent dirt from penetrating into the product, while being extremely light and airy. It is the flagship quality of IGA HOME, which thousands of little and big sleepers have already come to love. It contains no artificial dyes or harmful chemicals, making it safe even for allergy sufferers.<\/p>\n<p>Microfibre soft (100% polyester).<\/p>\n<p>Filling:<\/p>\n<p>HCS siliconised hollow fibre (100% polyester). The production technology, which has been fine-tuned over many years, and endurance tests simulating intensive use, have allowed us to select a special blend of HCS fibres that makes the duvet and pillow fillings extremely resilient and resistant to crushing. The fillings in the pillows are lightweight, hypoallergenic, ensure adequate air circulation and wicking of moisture and do not lose their properties after washing. The non-woven material in the duvets is distinguished by a special multi-directional fibre weave, which increases its durability.<\/p>\n<p>The air collecting in the channels, inside the fibres, insulates perfectly and increases the feeling of warmth. The thick and robust silicone envelope of each individual fibre, combined with its spiral shape, results in tangle and clumping resistance of the filling.<\/p>\n<p>Certificates:<\/p>\n<p>Highest quality and safety &#8211; product certified to National Institute of Public Health standards. Certified by the National Institute of Hygiene &#8211; Certificate of Health Quality, confirming the product&#8217;s beneficial effects on health. Free from artificial colourings and harmful chemicals.\u00a0Safe for allergy sufferers. Non-irritating, non-sensitising. All raw materials used in production comply with Oeko-Tex Standard 100 class I &#8211; safe for babies.<\/p>\n<p>Washing temperature 60\u00b0C.<\/p>\n<p>The product is 100% POLISH.<br \/>\nAdditional information<br \/>\nSize<\/p>\n<p>40 x 40 cm, 50 x 60 cm, 70 x 80 cm<br \/>\nFabric composition<\/p>\n<p>Microfibre soft (100% polyester)<br \/>\nFeatures<\/p>\n<p>Hypoallergenic, fluffy<br \/>\nFinishing<\/p>\n<p>Satin corner stitching<br \/>\nType<\/p>\n<p>Quilted with zipper<\/p>\n<p>&nbsp;<\/p>\n","protected":false},"excerpt":{"rendered":"<p>Microfibre soft (100% polyester), 300 g\/m2<br \/>\nSoft fabric with velvety finish, high level of thermal insulation and optimal air circulation, easy to wash and dry at home.<br \/>\nHypoallergenic, fluffy.<br \/>\nPolish product, OEKO-TEX\u00ae certified.<\/p>\n","protected":false},"featured_media":6022,"comment_status":"open","ping_status":"closed","template":"","meta":{"_monsterinsights_skip_tracking":false,"_monsterinsights_sitenote_active":false,"_monsterinsights_sitenote_note":"","_monsterinsights_sitenote_category":0},"product_brand":[],"product_cat":[663,693],"product_tag":[],"class_list":{"0":"post-11580","1":"product","2":"type-product","3":"status-publish","4":"has-post-thumbnail","6":"product_cat-cushions-en","7":"product_cat-softi-en-2","9":"first","10":"instock","11":"shipping-taxable","12":"purchasable","13":"product-type-simple"},"aioseo_notices":[],"_links":{"self":[{"href":"https:\/\/textillo.com\/en\/wp-json\/wp\/v2\/product\/11580","targetHints":{"allow":["GET"]}}],"collection":[{"href":"https:\/\/textillo.com\/en\/wp-json\/wp\/v2\/product"}],"about":[{"href":"https:\/\/textillo.com\/en\/wp-json\/wp\/v2\/types\/product"}],"replies":[{"embeddable":true,"href":"https:\/\/textillo.com\/en\/wp-json\/wp\/v2\/comments?post=11580"}],"wp:featuredmedia":[{"embeddable":true,"href":"https:\/\/textillo.com\/en\/wp-json\/wp\/v2\/media\/6022"}],"wp:attachment":[{"href":"https:\/\/textillo.com\/en\/wp-json\/wp\/v2\/media?parent=11580"}],"wp:term":[{"taxonomy":"product_brand","embeddable":true,"href":"https:\/\/textillo.com\/en\/wp-json\/wp\/v2\/product_brand?post=11580"},{"taxonomy":"product_cat","embeddable":true,"href":"https:\/\/textillo.com\/en\/wp-json\/wp\/v2\/product_cat?post=11580"},{"taxonomy":"product_tag","embeddable":true,"href":"https:\/\/textillo.com\/en\/wp-json\/wp\/v2\/product_tag?post=11580"}],"curies":[{"name":"wp","href":"https:\/\/api.w.org\/{rel}","templated":true}]}}