{"id":21339,"date":"2022-03-30T11:11:51","date_gmt":"2022-03-30T09:11:53","guid":{"rendered":"https:\/\/textillo.com\/?post_type=product&#038;p=21339"},"modified":"2022-04-20T14:18:07","modified_gmt":"2022-04-20T12:18:07","slug":"kellnerweste-damen-herren-kopia","status":"publish","type":"product","link":"https:\/\/textillo.com\/de\/produkt\/kellnerweste-damen-herren-kopia\/","title":{"rendered":"Kellnerweste &#8211; Herren"},"content":{"rendered":"<p>Elegante Weste, geeignet f\u00fcr Mitarbeiter von Hotels oder anderen Dienstleistungsbetrieben.<\/p>\n<p>Auf der Vorderseite hat sie kleine aufgesetzte Taschen, die sie wie eine Anzugsweste aussehen lassen.<\/p>\n<p>Vorne wird sie gekn\u00f6pft.<\/p>\n<p>Ein ziemlich tiefer V-Ausschnitt l\u00e4sst das darunter getragene Hemd erkennen. Hergestellt aus einem angenehm zu tragenden Stoff.<\/p>\n<p>Gr\u00f6\u00dfen k\u00f6nnen variieren -+2 cm.<\/p>\n<p>GR\u00d6SSERE GR\u00d6SSEN AUF ANFRAGE.<\/p>\n","protected":false},"excerpt":{"rendered":"<p>Farbe: Schwarz<br \/>\nModell: Damen \/ Herren<br \/>\nGr\u00f6\u00dfe: S &#8211; 3XL<\/p>\n","protected":false},"featured_media":6288,"comment_status":"open","ping_status":"closed","template":"","meta":{"_monsterinsights_skip_tracking":false,"_monsterinsights_sitenote_active":false,"_monsterinsights_sitenote_note":"","_monsterinsights_sitenote_category":0},"product_brand":[],"product_cat":[602,593],"product_tag":[2013],"class_list":{"0":"post-21339","1":"product","2":"type-product","3":"status-publish","4":"has-post-thumbnail","6":"product_cat-gastronomiebekleidung","7":"product_cat-hotel-de","8":"product_tag-hotel-de","9":"pa_gramatura-150-g-m2-de","10":"pa_kolor-schwarz-de","11":"pa_rozmiar-l-de","12":"pa_rozmiar-m-de","13":"pa_rozmiar-s-de","14":"pa_rozmiar-xl-de","15":"pa_rozmiar-xxl-de","16":"pa_rozmiar-xxxl-de","17":"pa_skladtkaniny-100-polyester-de","19":"first","20":"instock","21":"shipping-taxable","22":"purchasable","23":"product-type-variable","24":"has-default-attributes"},"aioseo_notices":[],"_links":{"self":[{"href":"https:\/\/textillo.com\/de\/wp-json\/wp\/v2\/product\/21339","targetHints":{"allow":["GET"]}}],"collection":[{"href":"https:\/\/textillo.com\/de\/wp-json\/wp\/v2\/product"}],"about":[{"href":"https:\/\/textillo.com\/de\/wp-json\/wp\/v2\/types\/product"}],"replies":[{"embeddable":true,"href":"https:\/\/textillo.com\/de\/wp-json\/wp\/v2\/comments?post=21339"}],"wp:featuredmedia":[{"embeddable":true,"href":"https:\/\/textillo.com\/de\/wp-json\/wp\/v2\/media\/6288"}],"wp:attachment":[{"href":"https:\/\/textillo.com\/de\/wp-json\/wp\/v2\/media?parent=21339"}],"wp:term":[{"taxonomy":"product_brand","embeddable":true,"href":"https:\/\/textillo.com\/de\/wp-json\/wp\/v2\/product_brand?post=21339"},{"taxonomy":"product_cat","embeddable":true,"href":"https:\/\/textillo.com\/de\/wp-json\/wp\/v2\/product_cat?post=21339"},{"taxonomy":"product_tag","embeddable":true,"href":"https:\/\/textillo.com\/de\/wp-json\/wp\/v2\/product_tag?post=21339"}],"curies":[{"name":"wp","href":"https:\/\/api.w.org\/{rel}","templated":true}]}}