{"id":21200,"date":"2022-03-18T13:34:15","date_gmt":"2022-03-18T12:34:16","guid":{"rendered":"https:\/\/textillo.com\/?post_type=product&#038;p=21200"},"modified":"2022-04-20T14:24:54","modified_gmt":"2022-04-20T12:24:54","slug":"badetuch-baumwolle-550-g-m2-dick-gewebt-rosa-neon","status":"publish","type":"product","link":"https:\/\/textillo.com\/de\/produkt\/badetuch-baumwolle-550-g-m2-dick-gewebt-rosa-neon\/","title":{"rendered":"Badetuch Baumwolle 550 g\/m2 dick gewebt, rosa neon"},"content":{"rendered":"<p>Dieses schnelltrocknende Badetuch ist komplett aus hochwertiger Baumwolle gefertigt (100 % Baumwolle, dicke Bindung 550 g\/m2). Es ist f\u00fcr den t\u00e4glichen Gebrauch f\u00fcr Menschen konzipiert, die hohe Qualit\u00e4t und funktionale Eigenschaften sch\u00e4tzen.<\/p>\n<p>Unser Badetuch ist dick, deshalb nimmt es das Wasser sehr gut auf und trocknet sehr schnell, es sammelt keine unangenehmen Ger\u00fcche in sich an, es ist f\u00fcr den Gebrauch in der Sauna geeignet.<\/p>\n<p>Wir haben verschiedene Gr\u00f6\u00dfen 50 x 100 cm und 70 x 140 cm &#8211; mit dem kleineren Handtuch k\u00f6nnen Sie sich die H\u00e4nde und das Gesicht abwischen, mit dem gr\u00f6\u00dferen k\u00f6nnen Sie den ganzen K\u00f6rper nach dem Bad bedecken.<\/p>\n<p>Neben ihrer Funktionalit\u00e4t sind unsere Badet\u00fccher auch ein wichtiges dekoratives Element in unserem Bad.<\/p>\n","protected":false},"excerpt":{"rendered":"<p>Pflegehinweise:<\/p>\n<p>Waschbar bei einer maximalen Temperatur von 60 Grad C<br \/>\nB\u00fcgeln bei einer Temperatur von bis zu 110 Grad C<br \/>\nNicht chemisch reinigen<br \/>\nNicht bleichen<br \/>\nKann bei niedriger Geschwindigkeit im W\u00e4schetrockner getrocknet werden<\/p>\n<p>100 % Baumwolle, dick gewebt 550 g\/m2<br \/>\nZwei Gr\u00f6\u00dfen 50 x 100 cm oder 70 x 140 cm<br \/>\nSchnell trocknend und weich im Griff<br \/>\nOEKO-TEX\u00ae zertifiziert.<\/p>\n","protected":false},"featured_media":21223,"comment_status":"open","ping_status":"closed","template":"","meta":{"_monsterinsights_skip_tracking":false,"_monsterinsights_sitenote_active":false,"_monsterinsights_sitenote_note":"","_monsterinsights_sitenote_category":0},"product_brand":[],"product_cat":[725],"product_tag":[794],"class_list":{"0":"post-21200","1":"product","2":"type-product","3":"status-publish","4":"has-post-thumbnail","6":"product_cat-handtucher-de","7":"product_tag-handtuch","8":"pa_gramatura-550-g-m2-de","9":"pa_kolor-rosa","10":"pa_rozmiar-50-x-100-cm-de","11":"pa_rozmiar-70-x-140-cm-de","12":"pa_skladtkaniny-100-baumwolle","14":"first","15":"instock","16":"shipping-taxable","17":"purchasable","18":"product-type-variable","19":"has-default-attributes"},"aioseo_notices":[],"_links":{"self":[{"href":"https:\/\/textillo.com\/de\/wp-json\/wp\/v2\/product\/21200","targetHints":{"allow":["GET"]}}],"collection":[{"href":"https:\/\/textillo.com\/de\/wp-json\/wp\/v2\/product"}],"about":[{"href":"https:\/\/textillo.com\/de\/wp-json\/wp\/v2\/types\/product"}],"replies":[{"embeddable":true,"href":"https:\/\/textillo.com\/de\/wp-json\/wp\/v2\/comments?post=21200"}],"wp:featuredmedia":[{"embeddable":true,"href":"https:\/\/textillo.com\/de\/wp-json\/wp\/v2\/media\/21223"}],"wp:attachment":[{"href":"https:\/\/textillo.com\/de\/wp-json\/wp\/v2\/media?parent=21200"}],"wp:term":[{"taxonomy":"product_brand","embeddable":true,"href":"https:\/\/textillo.com\/de\/wp-json\/wp\/v2\/product_brand?post=21200"},{"taxonomy":"product_cat","embeddable":true,"href":"https:\/\/textillo.com\/de\/wp-json\/wp\/v2\/product_cat?post=21200"},{"taxonomy":"product_tag","embeddable":true,"href":"https:\/\/textillo.com\/de\/wp-json\/wp\/v2\/product_tag?post=21200"}],"curies":[{"name":"wp","href":"https:\/\/api.w.org\/{rel}","templated":true}]}}