{"id":20802,"date":"2022-01-20T10:37:46","date_gmt":"2022-01-20T09:37:46","guid":{"rendered":"https:\/\/textillo.com\/?post_type=product&#038;p=20802"},"modified":"2022-04-20T13:20:01","modified_gmt":"2022-04-20T11:20:01","slug":"baumwoll-acryl-decke-150x200-3","status":"publish","type":"product","link":"https:\/\/textillo.com\/de\/produkt\/baumwoll-acryl-decke-150x200-3\/","title":{"rendered":"Baumwoll-Acryl-Decke 150&#215;200"},"content":{"rendered":"<p>Wir m\u00f6chten Ihnen unsere neueste Kollektion von Cotton Cloud-Decken vorstellen. In diesem Jahr umfasst unser Angebot sowohl Vorschl\u00e4ge im traditionellen Stil als auch moderne geometrische Designs.<\/p>\n<p>Fransendecke aus Baumwoll-Acryl, erh\u00e4ltlich in einer Vielzahl von Farben und Mustern. Die Decke kann als Stranddecke, Picknickdecke und sogar als Bettdecke verwendet werden. Weich und angenehm zu ber\u00fchren, wird es kalte Morgen einpacken und jedes Wohn- und Schlafzimmer schm\u00fccken. Die Decke ist in einer praktischen H\u00fclle mit Rei\u00dfverschluss verpackt.<\/p>\n<p>Pflegehinweise:<\/p>\n<p>&#8211; sollte das Produkt in einer L\u00f6sung von Feinwaschmitteln gewaschen werden,<\/p>\n<p>&#8211; bei einer Temperatur von nicht mehr als 40\u00b0C waschen,<br \/>\n&#8211; begrenzte Zentrifugation,<br \/>\n&#8211; Verwenden Sie keine Bleichmittel, die Chlorverbindungen enthalten,<br \/>\n&#8211; nicht b\u00fcgeln,<br \/>\n&#8211; kann chemisch gereinigt werden,<br \/>\n&#8211; nicht im Trockner trocknen.<\/p>\n","protected":false},"excerpt":{"rendered":"<p>Gr\u00f6\u00dfe: 150&#215;200<br \/>\nZusammensetzung : 60 % Baumwolle, 35 % Acryl, 5 % Polyester<br \/>\nGewicht: 430 g\/m2<\/p>\n","protected":false},"featured_media":20808,"comment_status":"open","ping_status":"closed","template":"","meta":{"_monsterinsights_skip_tracking":false,"_monsterinsights_sitenote_active":false,"_monsterinsights_sitenote_note":"","_monsterinsights_sitenote_category":0},"product_brand":[],"product_cat":[2437],"product_tag":[],"class_list":{"0":"post-20802","1":"product","2":"type-product","3":"status-publish","4":"has-post-thumbnail","6":"product_cat-koce-de","7":"pa_gramatura-430g-m2-de","8":"pa_material-acryl","9":"pa_material-baumwolle","10":"pa_material-polyester-de","11":"pa_rozmiar-150x200-de","13":"first","14":"outofstock","15":"shipping-taxable","16":"purchasable","17":"product-type-simple"},"aioseo_notices":[],"_links":{"self":[{"href":"https:\/\/textillo.com\/de\/wp-json\/wp\/v2\/product\/20802","targetHints":{"allow":["GET"]}}],"collection":[{"href":"https:\/\/textillo.com\/de\/wp-json\/wp\/v2\/product"}],"about":[{"href":"https:\/\/textillo.com\/de\/wp-json\/wp\/v2\/types\/product"}],"replies":[{"embeddable":true,"href":"https:\/\/textillo.com\/de\/wp-json\/wp\/v2\/comments?post=20802"}],"wp:featuredmedia":[{"embeddable":true,"href":"https:\/\/textillo.com\/de\/wp-json\/wp\/v2\/media\/20808"}],"wp:attachment":[{"href":"https:\/\/textillo.com\/de\/wp-json\/wp\/v2\/media?parent=20802"}],"wp:term":[{"taxonomy":"product_brand","embeddable":true,"href":"https:\/\/textillo.com\/de\/wp-json\/wp\/v2\/product_brand?post=20802"},{"taxonomy":"product_cat","embeddable":true,"href":"https:\/\/textillo.com\/de\/wp-json\/wp\/v2\/product_cat?post=20802"},{"taxonomy":"product_tag","embeddable":true,"href":"https:\/\/textillo.com\/de\/wp-json\/wp\/v2\/product_tag?post=20802"}],"curies":[{"name":"wp","href":"https:\/\/api.w.org\/{rel}","templated":true}]}}