{"id":19364,"date":"2021-08-16T14:26:57","date_gmt":"2021-08-16T12:27:00","guid":{"rendered":"https:\/\/www.textillo.com\/?post_type=product&#038;p=19364"},"modified":"2021-10-12T14:07:08","modified_gmt":"2021-10-12T12:07:08","slug":"netztuch-malwa-weis-2729-glatt-2","status":"publish","type":"product","link":"https:\/\/textillo.com\/de\/produkt\/netztuch-malwa-weis-2729-glatt-2\/","title":{"rendered":"Netztuch &#8211; Malwa &#8211; Wei\u00df, 2729 &#8211; Glatt"},"content":{"rendered":"<p>Das klassische Bettlaken wird in unserer Werkstatt von Hand aus hochwertigen polnischen Baumwoll- und Polyesterstoffen gen\u00e4ht, die das Zertifikat \u00d6ko-Tex Standard 100 besitzen, das die Sicherheit der bei der Produktion verwendeten Materialien und Farbstoffe garantiert.<\/p>\n<p>Die Bl\u00e4tter sind ohne Gummib\u00e4nder.<\/p>\n<p>Bettlaken f\u00fcr Hotels empfohlen. Hochwertige Produkte.<\/p>\n<p>Sie k\u00f6nnen auch das gleiche Muster zu den Laken kaufen: Kissenbez\u00fcge, Tischt\u00fccher, Servietten.<\/p>\n<p>Eine Zusammenarbeit mit Gesch\u00e4ften, Gro\u00dfh\u00e4ndlern, Hotels oder Pensionen ist ebenfalls m\u00f6glich.<\/p>\n","protected":false},"excerpt":{"rendered":"<p>Zusammensetzung: 50% Baumwolle, 50% Polyester<br \/>\nGewicht: 150 g\/m2<br \/>\nLand der Produktion: Polen<\/p>\n","protected":false},"featured_media":19376,"comment_status":"open","ping_status":"closed","template":"","meta":{"_monsterinsights_skip_tracking":false,"_monsterinsights_sitenote_active":false,"_monsterinsights_sitenote_note":"","_monsterinsights_sitenote_category":0},"product_brand":[],"product_cat":[614,593],"product_tag":[785],"class_list":{"0":"post-19364","1":"product","2":"type-product","3":"status-publish","4":"has-post-thumbnail","6":"product_cat-bettbezug","7":"product_cat-hotel-de","8":"product_tag-bettdeckenbezug","9":"pa_kolor-weis","10":"pa_material-baumwolle","11":"pa_rozmiar-140-x-200-cm-de","12":"pa_rozmiar-160-x-200-cm-de","13":"pa_rozmiar-200-x-220-cm-de","15":"first","16":"instock","17":"shipping-taxable","18":"purchasable","19":"product-type-variable"},"aioseo_notices":[],"_links":{"self":[{"href":"https:\/\/textillo.com\/de\/wp-json\/wp\/v2\/product\/19364","targetHints":{"allow":["GET"]}}],"collection":[{"href":"https:\/\/textillo.com\/de\/wp-json\/wp\/v2\/product"}],"about":[{"href":"https:\/\/textillo.com\/de\/wp-json\/wp\/v2\/types\/product"}],"replies":[{"embeddable":true,"href":"https:\/\/textillo.com\/de\/wp-json\/wp\/v2\/comments?post=19364"}],"wp:featuredmedia":[{"embeddable":true,"href":"https:\/\/textillo.com\/de\/wp-json\/wp\/v2\/media\/19376"}],"wp:attachment":[{"href":"https:\/\/textillo.com\/de\/wp-json\/wp\/v2\/media?parent=19364"}],"wp:term":[{"taxonomy":"product_brand","embeddable":true,"href":"https:\/\/textillo.com\/de\/wp-json\/wp\/v2\/product_brand?post=19364"},{"taxonomy":"product_cat","embeddable":true,"href":"https:\/\/textillo.com\/de\/wp-json\/wp\/v2\/product_cat?post=19364"},{"taxonomy":"product_tag","embeddable":true,"href":"https:\/\/textillo.com\/de\/wp-json\/wp\/v2\/product_tag?post=19364"}],"curies":[{"name":"wp","href":"https:\/\/api.w.org\/{rel}","templated":true}]}}