{"id":18982,"date":"2020-01-13T12:30:00","date_gmt":"2020-01-13T11:30:00","guid":{"rendered":"https:\/\/www.textillo.com\/produkt\/fleckabweisende-runde-tischdecke-schwarz\/"},"modified":"2020-01-13T12:30:00","modified_gmt":"2020-01-13T11:30:00","slug":"fleckabweisende-runde-tischdecke-schwarz","status":"publish","type":"product","link":"https:\/\/textillo.com\/de\/produkt\/fleckabweisende-runde-tischdecke-schwarz\/","title":{"rendered":"Fleckabweisende runde Tischdecke &#8211; schwarz"},"content":{"rendered":"<p>Schick und stilvoll, diese schmutzabweisende Tischdecke macht Ihren gedeckten Tisch sicher und unersetzlich.<\/p>\n<p>Die praktische, schmutzabweisende Tischdecke l\u00e4sst sich bei Verschmutzung oder Spritzern leicht reinigen und sieht so immer gut aus.<\/p>\n<p>Die Tischdecke dieses Typs sch\u00fctzt Ihre M\u00f6bel perfekt und ist nach dem Waschen leicht zu b\u00fcgeln. Die vorgestellte runde Tischdecke zeichnet sich neben den au\u00dfergew\u00f6hnlichen praktischen Vorteilen durch eine vorbildliche, sehr sorgf\u00e4ltige Verarbeitung und Stoffauswahl aus, die au\u00dfergew\u00f6hnlich exklusiv wirkt. Modische Farben, das Fehlen von Ornamenten und die klassische Form machen diese Tischdecke auch sehr universell.<\/p>\n<p>Eine solche Tischdecke passt in jedes Interieur. Sie k\u00f6nnen es f\u00fcr den allt\u00e4glichen Gebrauch verwenden oder es zu einer eleganten Tischdecke f\u00fcr Ihr Wohnzimmer oder zu einer festlichen Tischdecke machen, wenn Sie eine Party oder ein festliches Abendessen geben.<\/p>\n","protected":false},"excerpt":{"rendered":"<p>Produktmerkmale:<\/p>\n<p>praktisch &#8211; wasserdicht<br \/>\nelegant und praktisch f\u00fcr die Tischdekoration in verschiedenen Interieurs<br \/>\nperfekt gen\u00e4ht gute Qualit\u00e4t Stoff<br \/>\nb\u00fcgelleichtes, wasser- und schmutzabweisendes Gewebe<br \/>\nTischt\u00fccher dieses Gewichts werden normalerweise bei 30-40 Grad in der Maschine gewaschen.<\/p>\n<p>48% Polyester, 52% Baumwolle<br \/>\nMuster \/ Ausf\u00fchrung: einfarbig<br \/>\nRunde Tischdecke aus Polyestergewebe. Entworfen f\u00fcr Banketttische.<br \/>\nPoliertes Produkt mit OEKO-TEX\u00ae Zertifikat.<\/p>\n","protected":false},"featured_media":6054,"comment_status":"open","ping_status":"closed","template":"","meta":{"_monsterinsights_skip_tracking":false,"_monsterinsights_sitenote_active":false,"_monsterinsights_sitenote_note":"","_monsterinsights_sitenote_category":0},"product_brand":[],"product_cat":[593,599,662],"product_tag":[],"class_list":{"0":"post-18982","1":"product","2":"type-product","3":"status-publish","4":"has-post-thumbnail","6":"product_cat-hotel-de","7":"product_cat-tischtucher","8":"product_cat-tischtucher-de","9":"pa_desenwzor-glatt","10":"pa_gramatura-200-g-m2-de","11":"pa_kolor-schwarz-de","12":"pa_rozmiar-o-200-cm-de","13":"pa_rozmiar-o-220-cm-de","14":"pa_rozmiar-o-240-cm-de","15":"pa_rozmiar-o-260-cm-de","16":"pa_rozmiar-o-280-cm-de","17":"pa_rozmiar-o-300-cm-de","18":"pa_rozmiar-o-320-cm-de","19":"pa_skladtkaniny-100-polyester-de","21":"first","22":"instock","23":"shipping-taxable","24":"purchasable","25":"product-type-variable","26":"has-default-attributes"},"aioseo_notices":[],"_links":{"self":[{"href":"https:\/\/textillo.com\/de\/wp-json\/wp\/v2\/product\/18982","targetHints":{"allow":["GET"]}}],"collection":[{"href":"https:\/\/textillo.com\/de\/wp-json\/wp\/v2\/product"}],"about":[{"href":"https:\/\/textillo.com\/de\/wp-json\/wp\/v2\/types\/product"}],"replies":[{"embeddable":true,"href":"https:\/\/textillo.com\/de\/wp-json\/wp\/v2\/comments?post=18982"}],"wp:featuredmedia":[{"embeddable":true,"href":"https:\/\/textillo.com\/de\/wp-json\/wp\/v2\/media\/6054"}],"wp:attachment":[{"href":"https:\/\/textillo.com\/de\/wp-json\/wp\/v2\/media?parent=18982"}],"wp:term":[{"taxonomy":"product_brand","embeddable":true,"href":"https:\/\/textillo.com\/de\/wp-json\/wp\/v2\/product_brand?post=18982"},{"taxonomy":"product_cat","embeddable":true,"href":"https:\/\/textillo.com\/de\/wp-json\/wp\/v2\/product_cat?post=18982"},{"taxonomy":"product_tag","embeddable":true,"href":"https:\/\/textillo.com\/de\/wp-json\/wp\/v2\/product_tag?post=18982"}],"curies":[{"name":"wp","href":"https:\/\/api.w.org\/{rel}","templated":true}]}}